{"id":110833,"date":"2020-05-12T18:44:12","date_gmt":"2020-05-12T16:44:12","guid":{"rendered":"https:\/\/www.boardlife.se\/?page_id=110833"},"modified":"2020-05-12T18:48:51","modified_gmt":"2020-05-12T16:48:51","slug":"ruban-adhesif","status":"publish","type":"page","link":"https:\/\/www.boardlife.se\/fr\/guides\/guide-du-longboard\/ruban-adhesif\/","title":{"rendered":"Ruban adh\u00e9sif"},"content":{"rendered":"<p>[spb_text_block element_name=&#8221;Griptape intro&#8221; animation=&#8221;none&#8221; animation_delay=&#8221;0&#8243; simplified_controls=&#8221;yes&#8221; custom_css_percentage=&#8221;no&#8221; padding_vertical=&#8221;0&#8243; padding_horizontal=&#8221;0&#8243; margin_vertical=&#8221;0&#8243; custom_css=&#8221;margin-top: 0px;margin-bottom: 0px;&#8221; border_size=&#8221;0&#8243; border_styling_global=&#8221;default&#8221; width=&#8221;1\/1&#8243; el_position=&#8221;first last&#8221;]<\/p>\n<p>Le grip, ou grippa, est ce qui maintient vos pieds sur la planche lors de vos man\u0153uvres. Il existe une grande vari\u00e9t\u00e9 de types et de marques de grip. Difficile de choisir, mais le type de r\u00e9sistance et d&#039;adh\u00e9rence est important pour l&#039;utilisation que vous comptez faire de la planche.<\/p>\n<p>Aujourd&#039;hui, la plupart des grips disponibles sur le march\u00e9 sont perfor\u00e9s de petits trous. C&#039;est un atout pr\u00e9cieux lors de l&#039;installation, car vous n&#039;avez pas \u00e0 vous soucier des nombreuses bulles d&#039;air qui peuvent facilement se former lors de l&#039;installation. Alors, \u00e9pargnez-vous du travail et assurez-vous que votre prochain grip soit perfor\u00e9 d\u00e8s le d\u00e9part\u00a0!<\/p>\n<p>Le type de grip le plus courant ressemble \u00e0 du papier de verre et est disponible en diff\u00e9rentes tailles de grain pour vous offrir exactement l&#039;adh\u00e9rence que vous recherchez.<\/p>\n<p>Cependant, de plus en plus d&#039;alternatives au grip en caoutchouc sont apparues r\u00e9cemment, dans lesquelles une structure faible a \u00e9t\u00e9 ajout\u00e9e, ce qui signifie que vous n&#039;avez pas besoin d&#039;user vos chaussures, qui sont autrement quelque chose qui s&#039;use rapidement.<\/p>\n<p>Vous pouvez en savoir plus sur les diff\u00e9rents types de griptape ci-dessous.<\/p>\n<p>[\/spb_text_block] [spb_row element_name=&#8221;Row&#8221; wrap_type=&#8221;content-width&#8221; parallax_image_height=&#8221;content-height&#8221; parallax_image_movement=&#8221;fixed&#8221; parallax_image_speed=&#8221;0.5&#8243; bg_video_loop=&#8221;yes&#8221; parallax_video_height=&#8221;window-height&#8221; parallax_video_overlay=&#8221;none&#8221; row_overlay_opacity=&#8221;0&#8243; row_col_pos=&#8221;default&#8221; width=&#8221;1\/1&#8243; el_position=&#8221;first last&#8221;] [spb_icon_box title=&#8221;Olika typer av griptape&#8221; box_type=&#8221;left-icon-alt&#8221; box_icon_type=&#8221;icon&#8221; icon=&#8221;fas fa-chess-board&#8221; animate_svg=&#8221;no&#8221; target=&#8221;_self&#8221; animation=&#8221;none&#8221; animation_delay=&#8221;0&#8243; icon_color=&#8221;#222222&#8243; bg_color=&#8221;#f0e7e7&#8243; animated_box_style=&#8221;coloured&#8221; animated_box_rounded=&#8221;yes&#8221; width=&#8221;1\/1&#8243; el_position=&#8221;first last&#8221;]<\/p>\n<p>Il existe diff\u00e9rents types de griptape. Alors, lequel choisir\u00a0?<\/p>\n<h4 class=\"spb-heading spb-text-heading\">Ne souhaitez-vous pas toujours avoir une meilleure adh\u00e9rence ?<\/h4>\n<p>Non, c&#039;est la r\u00e9ponse courte. Pour ceux qui veulent rider un skateboard classique, il est important de pouvoir poser les pieds sur le grip pour r\u00e9aliser des ollies et des flips. Si le grip est trop dur, c&#039;est quasiment impossible.<\/p>\n<p>&nbsp;<\/p>\n<p>[\/spb_icon_box] [\/spb_row] [spb_row element_name=&#8221;Row&#8221; wrap_type=&#8221;standard-width&#8221; row_bg_type=&#8221;color&#8221; color_row_height=&#8221;content-height&#8221; bg_type=&#8221;cover&#8221; parallax_image_height=&#8221;content-height&#8221; parallax_image_movement=&#8221;fixed&#8221; parallax_image_speed=&#8221;standard&#8221; bg_video_loop=&#8221;yes&#8221; parallax_video_height=&#8221;window-height&#8221; row_top_style=&#8221;none&#8221; row_bottom_style=&#8221;none&#8221; parallax_video_overlay=&#8221;none&#8221; row_overlay_opacity=&#8221;0&#8243; remove_element_spacing=&#8221;no&#8221; row_col_spacing=&#8221;0&#8243; row_col_pos=&#8221;default&#8221; row_col_content_pos=&#8221;top&#8221; row_col_equal_heights=&#8221;yes&#8221; row_expanding=&#8221;no&#8221; row_animation=&#8221;none&#8221; row_animation_delay=&#8221;0&#8243; minimize_row=&#8221;no&#8221; simplified_controls=&#8221;no&#8221; custom_css_percentage=&#8221;no&#8221; padding_vertical=&#8221;0&#8243; padding_horizontal=&#8221;0&#8243; margin_vertical=&#8221;0&#8243; custom_css=&#8221;margin-top: 60px;margin-bottom: 90px;&#8221; border_size=&#8221;0&#8243; border_styling_global=&#8221;default&#8221; width=&#8221;1\/1&#8243; el_position=&#8221;first last&#8221;] [spb_column col_sm=&#8221;4&#8243; padding_horizontal=&#8221;0&#8243; width=&#8221;1\/3&#8243; el_position=&#8221;first&#8221;] [spb_text_block element_name=&#8221;Standard Grip&#8221; title=&#8221;Standard Grip&#8221; animation=&#8221;none&#8221; animation_delay=&#8221;0&#8243; simplified_controls=&#8221;yes&#8221; custom_css_percentage=&#8221;no&#8221; padding_vertical=&#8221;0&#8243; padding_horizontal=&#8221;0&#8243; margin_vertical=&#8221;0&#8243; custom_css=&#8221;margin-top: 0px;margin-bottom: 0px;&#8221; border_size=&#8221;0&#8243; border_styling_global=&#8221;default&#8221; width=&#8221;1\/1&#8243; el_position=&#8221;first last&#8221;]<\/p>\n<p>Le type de grip le plus courant est clairement le noir standard. Cette couleur et sa granulom\u00e9trie (qui peuvent varier l\u00e9g\u00e8rement selon le fabricant) sont adapt\u00e9es \u00e0 la pratique polyvalente du skate et du longboard.<\/p>\n<p>Le grip standard est destin\u00e9 aux skateboards traditionnels ou aux longboards polyvalents. Cependant, pour les adeptes de descente ou de longboards avec un grip beaucoup plus r\u00e9sistant, ce grip peut parfois \u00eatre per\u00e7u comme peu fiable lorsqu&#039;il est pouss\u00e9 \u00e0 fond.<\/p>\n<p>[\/spb_text_block] [\/spb_column] [spb_column col_sm=&#8221;4&#8243; padding_horizontal=&#8221;0&#8243; width=&#8221;1\/3&#8243;] [spb_text_block element_name=&#8221;Non Abrasive Grip \/ Gummigrip&#8221; title=&#8221;Non Abrasive Grip \/ Gummigrip&#8221; animation=&#8221;none&#8221; animation_delay=&#8221;0&#8243; simplified_controls=&#8221;yes&#8221; custom_css_percentage=&#8221;no&#8221; padding_vertical=&#8221;0&#8243; padding_horizontal=&#8221;0&#8243; margin_vertical=&#8221;0&#8243; custom_css=&#8221;margin-top: 0px;margin-bottom: 0px;&#8221; border_size=&#8221;0&#8243; border_styling_global=&#8221;default&#8221; width=&#8221;1\/1&#8243; el_position=&#8221;first last&#8221;]<\/p>\n<p>Ces derni\u00e8res ann\u00e9es, plusieurs alternatives au grip classique ont vu le jour. Au lieu d&#039;une structure en papier de verre, on utilise un caoutchouc l\u00e9g\u00e8rement textur\u00e9 qui prot\u00e8ge vos chaussures \u00e0 vie. Ce grip est une excellente alternative au grip classique du skateboard, qui consiste \u00e0 plaquer le pied contre la planche pour r\u00e9aliser des ollies et des flips, et donc \u00e0 ab\u00eemer ses chaussures \u00e0 diff\u00e9rents endroits. Il s&#039;est \u00e9galement av\u00e9r\u00e9 parfait pour les adeptes de la danse et du freestyle, qui se d\u00e9placent beaucoup sur la planche, ou m\u00eame pour rider pieds nus.<\/p>\n<p>[\/spb_text_block] [\/spb_column] [spb_column col_sm=&#8221;4&#8243; padding_horizontal=&#8221;0&#8243; width=&#8221;1\/3&#8243; el_position=&#8221;last&#8221;] [spb_text_block element_name=&#8221;Transparent Grip&#8221; title=&#8221;Transparent Grip&#8221; animation=&#8221;none&#8221; animation_delay=&#8221;0&#8243; simplified_controls=&#8221;yes&#8221; custom_css_percentage=&#8221;no&#8221; padding_vertical=&#8221;0&#8243; padding_horizontal=&#8221;0&#8243; margin_vertical=&#8221;0&#8243; custom_css=&#8221;margin-top: 0px;margin-bottom: 0px;&#8221; border_size=&#8221;0&#8243; border_styling_global=&#8221;default&#8221; width=&#8221;1\/1&#8243; el_position=&#8221;first last&#8221;]<\/p>\n<p>Le grip transparent que nous vendons a g\u00e9n\u00e9ralement la m\u00eame granulom\u00e9trie que le grip noir standard. C&#039;est surtout une question d&#039;esth\u00e9tique. Vous avez peut-\u00eatre un joli grain de bois sur le dessus de votre planche que vous souhaitez mettre en valeur, ou vous avez coll\u00e9 une jolie photo de votre m\u00e8re que vous voulez voir \u00e0 chaque fois que vous skatez\u00a0? Dans ce cas, un grip transparent est une excellente solution.<\/p>\n<p>[\/spb_text_block] [\/spb_column] [spb_column col_sm=&#8221;4&#8243; padding_horizontal=&#8221;0&#8243; width=&#8221;1\/3&#8243; el_position=&#8221;first&#8221;] [spb_text_block element_name=&#8221;Lackad Grip&#8221; title=&#8221;Lackad Grip&#8221; animation=&#8221;none&#8221; animation_delay=&#8221;0&#8243; simplified_controls=&#8221;yes&#8221; custom_css_percentage=&#8221;no&#8221; padding_vertical=&#8221;0&#8243; padding_horizontal=&#8221;0&#8243; margin_vertical=&#8221;0&#8243; custom_css=&#8221;margin-top: 0px;margin-bottom: 0px;&#8221; border_size=&#8221;0&#8243; border_styling_global=&#8221;default&#8221; width=&#8221;1\/1&#8243; el_position=&#8221;first last&#8221;]<\/p>\n<p>Pour ceux qui souhaitent un look ultra \u00e9pur\u00e9 sur le dessus de leur planche tout en conservant une bonne adh\u00e9rence, il existe des grips \u00e0 peindre. La marque la plus c\u00e9l\u00e8bre est Lucid, qui a cr\u00e9\u00e9 un grip ultra styl\u00e9 \u00e0 partir de verre recycl\u00e9. \u00c7a peut para\u00eetre compl\u00e8tement fou de rider pieds nus sur du verre bris\u00e9\u00a0? Mais rassurez-vous, le verre bris\u00e9 est soigneusement ponc\u00e9 pour \u00e9viter tout danger.<\/p>\n<p>Le grip laqu\u00e9 est donc particuli\u00e8rement adapt\u00e9 \u00e0 ceux qui souhaitent contr\u00f4ler le niveau d&#039;adh\u00e9rence souhait\u00e9 sur diff\u00e9rentes parties de la planche ou l\u00e0 o\u00f9 ils souhaitent pouvoir l&#039;am\u00e9liorer quand ils le souhaitent.<\/p>\n<p>Le grip verni est id\u00e9al pour ceux qui aiment le cruiser, le dancefloor ou le freestyle sur une planche o\u00f9 les pieds bougent beaucoup. Ou pour ceux qui pr\u00e9f\u00e8rent rider pieds nus en \u00e9t\u00e9.<\/p>\n<p>[\/spb_text_block] [\/spb_column] [spb_column col_sm=&#8221;8&#8243; padding_horizontal=&#8221;0&#8243; width=&#8221;2\/3&#8243; el_position=&#8221;last&#8221;] [spb_text_block element_name=&#8221;Extra Grov Grip&#8221; title=&#8221;Extra Grov Grip&#8221; animation=&#8221;none&#8221; animation_delay=&#8221;0&#8243; simplified_controls=&#8221;yes&#8221; custom_css_percentage=&#8221;no&#8221; padding_vertical=&#8221;0&#8243; padding_horizontal=&#8221;0&#8243; margin_vertical=&#8221;0&#8243; custom_css=&#8221;margin-top: 0px;margin-bottom: 0px;&#8221; border_size=&#8221;0&#8243; border_styling_global=&#8221;default&#8221; width=&#8221;1\/1&#8243; el_position=&#8221;first last&#8221;]<\/p>\n<p>Le grip extra-\u00e9pais est id\u00e9al pour ceux qui recherchent une vitesse accrue, comme en descente ou en freeride, o\u00f9 l&#039;on glisse beaucoup. Dans ce cas, une adh\u00e9rence optimale est essentielle. Quiconque a d\u00e9j\u00e0 vu ses pieds glisser de la planche en plein slide, \u00e0 une vitesse sup\u00e9rieure \u00e0 celle \u00e0 laquelle on peut courir, sait que c&#039;est une situation \u00e0 \u00e9viter autant que possible.<\/p>\n<p>Le grip rugueux use beaucoup les chaussures, mais comme on l&#039;utilise g\u00e9n\u00e9ralement en freeride et en descente, on ne bouge pas autant les pieds qu&#039;en cruiser ou en dance\/freestyle, par exemple. C&#039;est en tra\u00eenant les pieds sur le grip qu&#039;il s&#039;use.<\/p>\n<p>Le grip grossier est parfois \u00e9galement vendu sous forme de feuilles carr\u00e9es car certains riders pr\u00e9f\u00e8rent combiner le grip standard et le grip grossier de diff\u00e9rentes mani\u00e8res pour pouvoir choisir sur quelles parties de la planche ils souhaitent avoir des surfaces diff\u00e9rentes.<\/p>\n<p>[\/spb_text_block] [\/spb_column] [\/spb_row] [spb_row element_name=&#8221;Row&#8221; wrap_type=&#8221;content-width&#8221; parallax_image_height=&#8221;content-height&#8221; parallax_image_movement=&#8221;fixed&#8221; parallax_image_speed=&#8221;0.5&#8243; bg_video_loop=&#8221;yes&#8221; parallax_video_height=&#8221;window-height&#8221; parallax_video_overlay=&#8221;none&#8221; row_overlay_opacity=&#8221;0&#8243; row_col_pos=&#8221;default&#8221; width=&#8221;1\/1&#8243; el_position=&#8221;first last&#8221;] [spb_column col_sm=&#8221;3&#8243; padding_horizontal=&#8221;0&#8243; width=&#8221;1\/4&#8243; el_position=&#8221;first&#8221;] [spb_text_block element_name=&#8221;Grip p\u00e5 f\u00e4rdig eller valfri l\u00e4ngd&#8221; title=&#8221;Grip p\u00e5 f\u00e4rdig eller valfri l\u00e4ngd&#8221; animation=&#8221;none&#8221; animation_delay=&#8221;0&#8243; simplified_controls=&#8221;no&#8221; custom_css_percentage=&#8221;yes&#8221; padding_vertical=&#8221;0&#8243; padding_horizontal=&#8221;0&#8243; margin_vertical=&#8221;0&#8243; custom_css=&#8221;margin-bottom: 0%;&#8221; border_size=&#8221;0&#8243; border_styling_global=&#8221;default&#8221; width=&#8221;1\/1&#8243; el_position=&#8221;first last&#8221;]<\/p>\n<p>Certains de nos grips sont vendus en rouleaux, vous pouvez donc pr\u00e9ciser la longueur souhait\u00e9e en d\u00e9cim\u00e8tres, tandis que d&#039;autres sont pr\u00e9d\u00e9coup\u00e9s. Une solution pratique pour \u00e9viter d&#039;acheter trop ou trop peu.<\/p>\n<p>[\/spb_text_block] [spb_products title=&#8221;Se hela sortimentet av griptape&#8221; asset_type=&#8221;categories&#8221; category=&#8221;griptape&#8221; products=&#8221;2729, 29666, 2643, 56201, 39246, 13377&#8243; display_type=&#8221;standard&#8221; display_layout=&#8221;standard&#8221; multi_masonry=&#8221;no&#8221; carousel=&#8221;no&#8221; fullwidth=&#8221;no&#8221; columns=&#8221;1&#8243; item_count=&#8221;16&#8243; order=&#8221;DESC&#8221; button_enabled=&#8221;no&#8221; width=&#8221;1\/1&#8243; el_position=&#8221;first last&#8221;] [\/spb_column] [spb_column col_sm=&#8221;9&#8243; padding_horizontal=&#8221;0&#8243; width=&#8221;3\/4&#8243; el_position=&#8221;last&#8221;] [spb_products title=&#8221;N\u00e5gra utvalda griptapes&#8221; asset_type=&#8221;selected-products&#8221; category=&#8221;griptape&#8221; products=&#8221;2729, 29666, 2643, 56201, 39246, 13377&#8243; display_type=&#8221;standard&#8221; display_layout=&#8221;standard&#8221; multi_masonry=&#8221;no&#8221; carousel=&#8221;yes&#8221; fullwidth=&#8221;no&#8221; columns=&#8221;4&#8243; item_count=&#8221;16&#8243; order=&#8221;DESC&#8221; button_enabled=&#8221;yes&#8221; width=&#8221;1\/1&#8243; el_position=&#8221;first last&#8221;] [\/spb_column] [\/spb_row]<\/p>","protected":false},"excerpt":{"rendered":"<p>[spb_text_block element_name=&#8221;Griptape intro&#8221; animation=&#8221;none&#8221; animation_delay=&#8221;0&#8243; simplified_controls=&#8221;yes&#8221; custom_css_percentage=&#8221;no&#8221; padding_vertical=&#8221;0&#8243; padding_horizontal=&#8221;0&#8243; margin_vertical=&#8221;0&#8243; custom_css=&#8221;margin-top: 0px;margin-bottom: 0px;&#8221; border_size=&#8221;0&#8243; border_styling_global=&#8221;default&#8221; width=&#8221;1\/1&#8243; el_position=&#8221;first last&#8221;] Griptape, grip eller grippa \u00e4r det som ser till att dina f\u00f6tter st\u00e5r kvar p\u00e5 br\u00e4dan n\u00e4r du man\u00f6vrerar den. Det finns m\u00e5nga olika typer av griptape och fabrikat att v\u00e4lja p\u00e5. Vad man ska v\u00e4lja \u00e4r sv\u00e5rt att s\u00e4ga men d\u00e4remot [&hellip;]<\/p>","protected":false},"author":2,"featured_media":0,"parent":47753,"menu_order":0,"comment_status":"closed","ping_status":"closed","template":"","meta":{"footnotes":""},"yst_prominent_words":[],"class_list":["post-110833","page","type-page","status-publish","hentry"],"jetpack_sharing_enabled":true,"_links":{"self":[{"href":"https:\/\/www.boardlife.se\/fr\/wp-json\/wp\/v2\/pages\/110833","targetHints":{"allow":["GET"]}}],"collection":[{"href":"https:\/\/www.boardlife.se\/fr\/wp-json\/wp\/v2\/pages"}],"about":[{"href":"https:\/\/www.boardlife.se\/fr\/wp-json\/wp\/v2\/types\/page"}],"author":[{"embeddable":true,"href":"https:\/\/www.boardlife.se\/fr\/wp-json\/wp\/v2\/users\/2"}],"replies":[{"embeddable":true,"href":"https:\/\/www.boardlife.se\/fr\/wp-json\/wp\/v2\/comments?post=110833"}],"version-history":[{"count":0,"href":"https:\/\/www.boardlife.se\/fr\/wp-json\/wp\/v2\/pages\/110833\/revisions"}],"up":[{"embeddable":true,"href":"https:\/\/www.boardlife.se\/fr\/wp-json\/wp\/v2\/pages\/47753"}],"wp:attachment":[{"href":"https:\/\/www.boardlife.se\/fr\/wp-json\/wp\/v2\/media?parent=110833"}],"wp:term":[{"taxonomy":"yst_prominent_words","embeddable":true,"href":"https:\/\/www.boardlife.se\/fr\/wp-json\/wp\/v2\/yst_prominent_words?post=110833"}],"curies":[{"name":"wp","href":"https:\/\/api.w.org\/{rel}","templated":true}]}}