{"id":93818,"date":"2020-01-06T15:27:31","date_gmt":"2020-01-06T14:27:31","guid":{"rendered":"https:\/\/www.boardlife.se\/?post_type=product&#038;p=93818"},"modified":"2025-07-29T14:34:55","modified_gmt":"2025-07-29T12:34:55","slug":"heartwood-shaka-8-0-deck","status":"publish","type":"product","link":"https:\/\/www.boardlife.se\/en\/shop\/skateboard\/deck-only\/heartwood-shaka-8-0-deck\/","title":{"rendered":"Heartwood Shaka 8.0\u2033 Deck"},"content":{"rendered":"<p>Shaka &auml;r &auml;nnu en grafiskt ren planka fr&aring;n Heartwood. Serien &auml;r till&auml;gnad allt det h&aring;rda slit som ligger bakom alla framg&aring;ngsrika trick eller personliga m&aring;l du har p&aring; br&auml;dan. Det &auml;r genom h&aring;rt slit och h&auml;ngivenhet som du kommer att lyckas, &auml;ven om det blir n&aring;gra skavanker under resan s&aring; &auml;r det l&auml;tt v&auml;rt det. Shaka kommer i tre storlekar med varsin f&auml;rg. Denna &auml;r i storleken 8.0&Prime; x 31.6875&Prime;. Hjulbasen &auml;r p&aring; 14.25&Prime; och varje planka &auml;r konstruerade av 7 lager Kanadensisk stenh&aring;rd l&ouml;nn. Det g&ouml;r att du f&aring;r en bra pop n&auml;r du ska lyfta iv&auml;g. Tre av lagren &auml;r f&auml;rgade vilket g&ouml;r att br&auml;dan &auml;r snygg n&auml;r du n&ouml;tt ner den ocks&aring;.&nbsp; Medium <a class=\"glossaryLink cmtt_Komponenter\" aria-describedby=\"tt\" data-cmtooltip=\"&lt;div class=glossaryItemTitle&gt;Konkav&lt;\/div&gt;&lt;div class=glossaryItemBody&gt;De flesta br&auml;dor\/deck &auml;r sk&aring;lade i n&aring;gon m&aring;n. Man har med andra ord h&ouml;gre ytterkanter d&aring; man st&auml;ller sig p&aring; br&auml;dan. Detta kallas f&ouml;r concave eller konkav p&aring; svenska. &lt;\/div&gt;&lt;div class=cmtt_synonyms_wrapper&gt;&lt;div class=cmtt_synonyms_title&gt;Synonymer: &lt;\/div&gt;&lt;div class=cmtt_synonyms&gt;concave&lt;\/div&gt;&lt;\/div&gt;&lt;div class=glossaryTooltipMoreLinkWrapper&gt;&lt;a class=glossaryTooltipMoreLink href=https:\/\/www.boardlife.se\/en\/glossary\/concave-2\/ &gt;L&auml;s mer&lt;\/a&gt;&lt;\/div&gt;\" href=\"https:\/\/www.boardlife.se\/en\/glossary\/concave-2\/\" data-mobile-support=\"0\" data-gt-translate-attributes='[{\"attribute\":\"data-cmtooltip\", \"format\":\"html\"}]'>concave<\/a> which is suitable for most types of riding.<\/p>","protected":false},"excerpt":{"rendered":"<p>Snyggt och proffsigt deck fr\u00e5n Heartwood med en grafiskt ren design. 7 lager kanadensisk l\u00f6nn varav 3 f\u00e4rgade lager. 8.0&#8243; bredd med medium konkav och och elegant look.<\/p>\n<p>&nbsp;<\/p>\n<p>&nbsp;<\/p>","protected":false},"featured_media":93820,"comment_status":"open","ping_status":"closed","template":"","meta":[],"product_brand":[2570],"product_cat":[854],"product_tag":[],"class_list":{"0":"post-93818","1":"product","2":"type-product","3":"status-publish","4":"has-post-thumbnail","6":"product_brand-heartwood","7":"product_cat-deck-only","8":"pa_concave-medium","9":"pa_hjulbas-1425-362cm","10":"pa_konstruktion-7-lager-lonn","11":"pa_length-31-6875-805cm","12":"pa_manufacturer-heartwood","13":"pa_width-8-0-203-cm","15":"first","16":"instock","17":"taxable","18":"shipping-taxable","19":"purchasable","20":"product-type-simple"},"composite_virtual":false,"composite_layout":"","composite_add_to_cart_form_location":"","composite_editable_in_cart":false,"composite_sold_individually_context":"","composite_shop_price_calc":"","composite_components":[],"composite_scenarios":[],"jetpack_sharing_enabled":true,"_links":{"self":[{"href":"https:\/\/www.boardlife.se\/en\/wp-json\/wp\/v2\/product\/93818","targetHints":{"allow":["GET"]}}],"collection":[{"href":"https:\/\/www.boardlife.se\/en\/wp-json\/wp\/v2\/product"}],"about":[{"href":"https:\/\/www.boardlife.se\/en\/wp-json\/wp\/v2\/types\/product"}],"replies":[{"embeddable":true,"href":"https:\/\/www.boardlife.se\/en\/wp-json\/wp\/v2\/comments?post=93818"}],"wp:featuredmedia":[{"embeddable":true,"href":"https:\/\/www.boardlife.se\/en\/wp-json\/wp\/v2\/media\/93820"}],"wp:attachment":[{"href":"https:\/\/www.boardlife.se\/en\/wp-json\/wp\/v2\/media?parent=93818"}],"wp:term":[{"taxonomy":"product_brand","embeddable":true,"href":"https:\/\/www.boardlife.se\/en\/wp-json\/wp\/v2\/product_brand?post=93818"},{"taxonomy":"product_cat","embeddable":true,"href":"https:\/\/www.boardlife.se\/en\/wp-json\/wp\/v2\/product_cat?post=93818"},{"taxonomy":"product_tag","embeddable":true,"href":"https:\/\/www.boardlife.se\/en\/wp-json\/wp\/v2\/product_tag?post=93818"}],"curies":[{"name":"wp","href":"https:\/\/api.w.org\/{rel}","templated":true}]}}