{"id":86530,"date":"2019-12-03T18:48:39","date_gmt":"2019-12-03T17:48:39","guid":{"rendered":"https:\/\/www.boardlife.se\/?post_type=product&#038;p=86530"},"modified":"2026-02-03T15:35:24","modified_gmt":"2026-02-03T14:35:24","slug":"heartwood-old-tech-8-25-complete","status":"publish","type":"product","link":"https:\/\/www.boardlife.se\/en\/shop\/skateboard\/complete-skateboards\/heartwood-old-tech-8-25-complete\/","title":{"rendered":"Heartwood Old Tech 8.25\u2033 Complete"},"content":{"rendered":"<p>Heartwood Old Tech &auml;r en grafiskt clean br&auml;da. Serien kommer i tv&aring; storlekar med varsin f&auml;rg. Denna &auml;r i storleken 8.25&Prime; x 32&Prime;. Hjulbasen &auml;r p&aring; 14.25&Prime; och varje planka &auml;r konstruerade av 7 lager Kanadensisk stenh&aring;rd l&ouml;nn. Det g&ouml;r att du f&aring;r en bra pop n&auml;r du ska lyfta iv&auml;g. Tre av lagren &auml;r f&auml;rgade vilket g&ouml;r att br&auml;dan &auml;r snygg n&auml;r du n&ouml;tt ner den ocks&aring;. Old Tech kommer med en medium <a class=\"glossaryLink cmtt_Komponenter\" aria-describedby=\"tt\" data-cmtooltip=\"&lt;div class=glossaryItemTitle&gt;Konkav&lt;\/div&gt;&lt;div class=glossaryItemBody&gt;De flesta br&auml;dor\/deck &auml;r sk&aring;lade i n&aring;gon m&aring;n. Man har med andra ord h&ouml;gre ytterkanter d&aring; man st&auml;ller sig p&aring; br&auml;dan. Detta kallas f&ouml;r concave eller konkav p&aring; svenska. &lt;\/div&gt;&lt;div class=cmtt_synonyms_wrapper&gt;&lt;div class=cmtt_synonyms_title&gt;Synonymer: &lt;\/div&gt;&lt;div class=cmtt_synonyms&gt;concave&lt;\/div&gt;&lt;\/div&gt;&lt;div class=glossaryTooltipMoreLinkWrapper&gt;&lt;a class=glossaryTooltipMoreLink href=https:\/\/www.boardlife.se\/en\/glossary\/concave-2\/ &gt;L&auml;s mer&lt;\/a&gt;&lt;\/div&gt;\" href=\"https:\/\/www.boardlife.se\/en\/glossary\/concave-2\/\" data-mobile-support=\"0\" data-gt-translate-attributes='[{\"attribute\":\"data-cmtooltip\", \"format\":\"html\"}]'>concave<\/a> which is suitable for most types of riding.<\/p>\n<p>Br&auml;dan kommer i tv&aring; kompletta utf&ouml;randen. Du kan v&auml;lja mellan Bedrocks standardtruckar eller hollowmodell. <a class=\"glossaryLink cmtt_Komponenter\" aria-describedby=\"tt\" data-cmtooltip=\"&lt;div class=glossaryItemTitle&gt;Hollow&lt;\/div&gt;&lt;div class=glossaryItemBody&gt;En hollow truck har oftast en ih&aring;lig kingpinskruv och i vissa fall &auml;ven en ih&aring;lig truckaxel. Detta f&ouml;r att f&aring; ner vikten p&aring; trucken och kunna hj&auml;lpa dig att f&aring; enklare att g&ouml;ra ollies och andra trick som kr&auml;ver att br&auml;dan l&auml;mnar marken. &lt;\/div&gt;&lt;div class=glossaryTooltipMoreLinkWrapper&gt;&lt;a class=glossaryTooltipMoreLink href=https:\/\/www.boardlife.se\/en\/glossary\/hollow\/ &gt;L&auml;s mer&lt;\/a&gt;&lt;\/div&gt;\" href=\"https:\/\/www.boardlife.se\/en\/glossary\/hollow\/\" data-mobile-support=\"0\" data-gt-translate-attributes='[{\"attribute\":\"data-cmtooltip\", \"format\":\"html\"}]'>Hollow<\/a>-versionen &auml;r l&auml;ttare i vikt. Oavsett har b&aring;da alternativen en bra <a class=\"glossaryLink cmtt_Komponenter cmtt_&Aring;kning\" aria-describedby=\"tt\" data-cmtooltip=\"&lt;div class=glossaryItemTitle&gt;Rebound&lt;\/div&gt;&lt;div class=glossaryItemBody&gt;Rebound &auml;r den kraft som n&aring;got ger tillbaka efter att man exempelvis pressat sina bushings, truckar, hjul eller br&auml;da i en viss riktning. En h&ouml;gre rebound betyder en starkare kraft tillbaka till sitt ursprungsl&auml;ge.&lt;\/div&gt;&lt;div class=glossaryTooltipMoreLinkWrapper&gt;&lt;a class=glossaryTooltipMoreLink href=https:\/\/www.boardlife.se\/en\/glossary\/rebound\/ &gt;L&auml;s mer&lt;\/a&gt;&lt;\/div&gt;\" href=\"https:\/\/www.boardlife.se\/en\/glossary\/rebound\/\" data-mobile-support=\"0\" data-gt-translate-attributes='[{\"attribute\":\"data-cmtooltip\", \"format\":\"html\"}]'>rebound<\/a> in the bushing which gives you good control and feel when you are riding.<\/p>\n<p>You get a good setup consisting of the following components:<\/p>\n<p>Trucks: Bedrock Street 5.25\u2033 Standard\/Hollow<br>\nWheels: Royal Rubbers 52mm 99a<br>\nBearings: Heartwood Street Bolts abec-9 <a class=\"glossaryLink\" aria-describedby=\"tt\" data-cmtooltip=\"&lt;div class=glossaryItemTitle&gt;Spacer&lt;\/div&gt;&lt;div class=glossaryItemBody&gt;Spacer &auml;r den distans som ligger mellan dina kullager inne i hjulet. Den fungerar genom att se till att dina kullager inte pressas ihop konstigt om du drar &aring;t din axelmutter. Du kan fortfarande &aring;ka utan den men vill du f&ouml;rs&auml;kra dig om att kullagerbanorna inte blir skeva eller bromsar upp ditt hjul n&auml;r du sv&auml;nger &auml;r det rekommenderat att anv&auml;nda detta. En liten kostnad f&ouml;r att f&ouml;rb&auml;ttra. Vissa kullager har redan detta inbyggt p&aring; sig, denna typ av kullager kallas oftast f&ouml;r built-in.&lt;\/div&gt;&lt;div class=cmtt_synonyms_wrapper&gt;&lt;div class=cmtt_synonyms_title&gt;Synonymer: &lt;\/div&gt;&lt;div class=cmtt_synonyms&gt;Built-in&lt;\/div&gt;&lt;\/div&gt;&lt;div class=glossaryTooltipMoreLinkWrapper&gt;&lt;a class=glossaryTooltipMoreLink href=https:\/\/www.boardlife.se\/en\/glossary\/spacer\/ &gt;L&auml;s mer&lt;\/a&gt;&lt;\/div&gt;\" href=\"https:\/\/www.boardlife.se\/en\/glossary\/spacer\/\" data-mobile-support=\"0\" data-gt-translate-attributes='[{\"attribute\":\"data-cmtooltip\", \"format\":\"html\"}]'>built-in<\/a> spacers<br>\nGriptape: Standard black<\/p>","protected":false},"excerpt":{"rendered":"<p>En komplett br\u00e4da i 8.25&#8243; till ett ordentligt kampanjpris. Snyggt och proffsigt deck fr\u00e5n Heartwood med en grafiskt ren design. 7 lager l\u00f6nn Kanadensisk l\u00f6nn varav 3 f\u00e4rgade lager. Bra pop och i kombination med en medium konkav och elegant look f\u00e5r du en riktigt snygg br\u00e4da.<\/p>\n<p>Vi har satt ihop en standard setup och en vassare med Hollow-truckar fr\u00e5n Bedrock om du vill ha \u00e4nnu l\u00e4ttare skateboard.<\/p>\n<p>Om du inte v\u00e4ljer att f\u00e5 br\u00e4dan monterad s\u00e5 skickar vi givetvis med skruv och grip som du beh\u00f6ver till br\u00e4dan.<\/p>","protected":false},"featured_media":159885,"comment_status":"open","ping_status":"closed","template":"","meta":[],"product_brand":[2570],"product_cat":[920],"product_tag":[],"class_list":{"0":"post-86530","1":"product","2":"type-product","3":"status-publish","4":"has-post-thumbnail","6":"product_brand-heartwood","7":"product_cat-complete-skateboards","8":"pa_manufacturer-heartwood","9":"pa_montering-yes-assembly","10":"pa_montering-no-assembly","12":"first","13":"instock","14":"taxable","15":"shipping-taxable","16":"purchasable","17":"product-type-variable","18":"has-default-attributes"},"composite_virtual":false,"composite_layout":"","composite_add_to_cart_form_location":"","composite_editable_in_cart":false,"composite_sold_individually_context":"","composite_shop_price_calc":"","composite_components":[],"composite_scenarios":[],"jetpack_sharing_enabled":true,"_links":{"self":[{"href":"https:\/\/www.boardlife.se\/en\/wp-json\/wp\/v2\/product\/86530","targetHints":{"allow":["GET"]}}],"collection":[{"href":"https:\/\/www.boardlife.se\/en\/wp-json\/wp\/v2\/product"}],"about":[{"href":"https:\/\/www.boardlife.se\/en\/wp-json\/wp\/v2\/types\/product"}],"replies":[{"embeddable":true,"href":"https:\/\/www.boardlife.se\/en\/wp-json\/wp\/v2\/comments?post=86530"}],"wp:featuredmedia":[{"embeddable":true,"href":"https:\/\/www.boardlife.se\/en\/wp-json\/wp\/v2\/media\/159885"}],"wp:attachment":[{"href":"https:\/\/www.boardlife.se\/en\/wp-json\/wp\/v2\/media?parent=86530"}],"wp:term":[{"taxonomy":"product_brand","embeddable":true,"href":"https:\/\/www.boardlife.se\/en\/wp-json\/wp\/v2\/product_brand?post=86530"},{"taxonomy":"product_cat","embeddable":true,"href":"https:\/\/www.boardlife.se\/en\/wp-json\/wp\/v2\/product_cat?post=86530"},{"taxonomy":"product_tag","embeddable":true,"href":"https:\/\/www.boardlife.se\/en\/wp-json\/wp\/v2\/product_tag?post=86530"}],"curies":[{"name":"wp","href":"https:\/\/api.w.org\/{rel}","templated":true}]}}