{"id":57397,"date":"2019-05-02T17:22:31","date_gmt":"2019-05-02T15:22:31","guid":{"rendered":"https:\/\/www.boardlife.se\/?post_type=product&#038;p=57397"},"modified":"2021-11-26T17:53:33","modified_gmt":"2021-11-26T16:53:33","slug":"miller-mini-classic","status":"publish","type":"product","link":"https:\/\/www.boardlife.se\/en\/shop\/skateboard\/cruiser\/miller-mini-classic\/","title":{"rendered":"Miller Mini classic"},"content":{"rendered":"<h1>A whole new way to surf<\/h1>\n<p>Here comes a surfing experience you won&#039;t soon forget. Miller Division presents its Surf Skate series which is exactly what it sounds like. Surf on land. Through an extremely swinging front and rear truck you get an incredible feeling of freedom and by pumping or turning quickly you can generate speed in a way you can&#039;t really with regular trucks. From standstill to high speed. Once you get the hang of these trucks, you won&#039;t really want to switch back to your old cruiser. The trucks are of the Reverse King Pin type. The front and rear trucks are slightly different and also turn in the same direction to provide extra good power. Unlike the Surf Skate Original brand, Miller offers exactly the same feel and quality but at a fraction of the cost (approx. -30% cheaper in fact!).<\/p>\n<p>They are somewhat reminiscent of the Gullwing Sidewinder but are designed in a way that allows you to pump up speed in a way that the Sidewinder can&#039;t quite handle. The trucks are available to buy separately if you want to rebuild an existing board.<\/p>\n<p>The board is perfect if you want to ride where there are tight passages or if you want to surf down and across a hill as if it were a big wave. Or maybe to the park or the pool!<\/p>\n<p>If you haven&#039;t tried this before, you really need to do it now!<\/p>\n<p>Comes with Creek wheels of 65mm 78a and ball bearings with abec-9.<\/p>","protected":false},"excerpt":{"rendered":"<p>En riktigt sp\u00e4nnande cruiser med Miller Surf Skate-truckar. En extremt rolig truck som tar dig s\u00e5 n\u00e4ra surfing du kan komma. Med dessa truckar kan du generera fart fr\u00e5n stillast\u00e5ende bara genom att sv\u00e4nga ig\u00e5ng dem. Riktigt kul br\u00e4da och just Mini classic \u00e4r en liten rapp br\u00e4da som inte \u00e4r st\u00f6rre \u00e4n den beh\u00f6ver vara. P\u00e5 29,5&#8243; \u00e4r den liten och n\u00e4tt och med kortare hjulbas f\u00e5r den en grymt rolig och responsiv surf skate.<\/p>","protected":false},"featured_media":57400,"comment_status":"open","ping_status":"closed","template":"","meta":[],"product_brand":[2585],"product_cat":[1309,1654],"product_tag":[1758,900,1691],"class_list":{"0":"post-57397","1":"product","2":"type-product","3":"status-publish","4":"has-post-thumbnail","6":"product_brand-miller-division","7":"product_cat-cruiser","8":"product_cat-surf-skate","9":"product_tag-jimmy-z","10":"product_tag-miller-division","11":"product_tag-surf-skate","12":"pa_hjulbas-16-8-43cm","13":"pa_konstruktion-7-lager-lonn","14":"pa_length-29-5-75cm","15":"pa_manufacturer-miller-division","16":"pa_width-9-228cm","18":"first","19":"instock","20":"sale","21":"featured","22":"taxable","23":"shipping-taxable","24":"purchasable","25":"product-type-simple"},"composite_virtual":false,"composite_layout":"","composite_add_to_cart_form_location":"","composite_editable_in_cart":false,"composite_sold_individually_context":"","composite_shop_price_calc":"","composite_components":[],"composite_scenarios":[],"jetpack_sharing_enabled":true,"_links":{"self":[{"href":"https:\/\/www.boardlife.se\/en\/wp-json\/wp\/v2\/product\/57397","targetHints":{"allow":["GET"]}}],"collection":[{"href":"https:\/\/www.boardlife.se\/en\/wp-json\/wp\/v2\/product"}],"about":[{"href":"https:\/\/www.boardlife.se\/en\/wp-json\/wp\/v2\/types\/product"}],"replies":[{"embeddable":true,"href":"https:\/\/www.boardlife.se\/en\/wp-json\/wp\/v2\/comments?post=57397"}],"wp:featuredmedia":[{"embeddable":true,"href":"https:\/\/www.boardlife.se\/en\/wp-json\/wp\/v2\/media\/57400"}],"wp:attachment":[{"href":"https:\/\/www.boardlife.se\/en\/wp-json\/wp\/v2\/media?parent=57397"}],"wp:term":[{"taxonomy":"product_brand","embeddable":true,"href":"https:\/\/www.boardlife.se\/en\/wp-json\/wp\/v2\/product_brand?post=57397"},{"taxonomy":"product_cat","embeddable":true,"href":"https:\/\/www.boardlife.se\/en\/wp-json\/wp\/v2\/product_cat?post=57397"},{"taxonomy":"product_tag","embeddable":true,"href":"https:\/\/www.boardlife.se\/en\/wp-json\/wp\/v2\/product_tag?post=57397"}],"curies":[{"name":"wp","href":"https:\/\/api.w.org\/{rel}","templated":true}]}}