{"id":52395,"date":"2021-07-25T12:06:34","date_gmt":"2021-07-25T10:06:34","guid":{"rendered":"https:\/\/www.boardlife.se\/?post_type=product&#038;p=52395"},"modified":"2024-09-28T01:14:02","modified_gmt":"2024-09-27T23:14:02","slug":"carver-swallow-29-surfskate","status":"publish","type":"product","link":"https:\/\/www.boardlife.se\/en\/shop\/surf-skate\/complete-surfskate\/carver-swallow-29-surfskate\/","title":{"rendered":"Carver Swallow 29\u2033 Surfskate"},"content":{"rendered":"<p>Carvers Swallow is a playful and versatile surfskate. Swallow is a classic in the Carvers range and the model has been around for a long time because it has been so popular. The wheels are 65mm which makes it a bit lower but at the same time has a size if you want <a class=\"glossaryLink cmtt_&Aring;kning\"  aria-describedby=\"tt\"  data-cmtooltip=\"&lt;div class=glossaryItemTitle&gt;Push&lt;\/div&gt;&lt;div class=glossaryItemBody&gt;N&auml;r du tar fart med hj&auml;lp av ta av ena foten fr&aring;n br&auml;dan och s&auml;tter ner den i marken sen trycker ifr&aring;n.&lt;\/div&gt;&lt;div class=cmtt_synonyms_wrapper&gt;&lt;div class=cmtt_synonyms_title&gt;Synonymer: &lt;\/div&gt;&lt;div class=cmtt_synonyms&gt;pushing&lt;\/div&gt;&lt;\/div&gt;&lt;div class=glossaryTooltipMoreLinkWrapper&gt;&lt;a class=glossaryTooltipMoreLink href=https:\/\/www.boardlife.se\/en\/glossary\/push\/ &gt;L&auml;s mer&lt;\/a&gt;&lt;\/div&gt;\"  href=\"https:\/\/www.boardlife.se\/en\/glossary\/push\/\"  data-mobile-support=\"0\"  data-gt-translate-attributes='[{\"attribute\":\"data-cmtooltip\", \"format\":\"html\"}]'>push<\/a> lite l&auml;ngre. F&ouml;r dig som vill kunna f&aring; br&auml;dan p&aring; sl&auml;pp i extremt skarpa och kvicka carves, exempelvis om du &ouml;nskar att kunna sv&auml;nga om 180&deg; i en kvick sv&auml;ng, kan vi rekommendera att du s&auml;tter p&aring; andra hjul. Kvick och rapp br&auml;da med m&ouml;jlighet till riktigt tighta cut backs. Man har fokuserat p&aring; en bred stance f&ouml;r bakfoten men &aring;nd&aring; bibeh&aring;llit den sk&ouml;na tailen. Br&auml;dan kommer i tv&aring; utf&ouml;randen beroende p&aring; vilken typ av br&auml;degenskaper du letar efter. Du kan v&auml;lja p&aring; Carvers CX eller C7-truckar. CX-versionen &auml;r gjord f&ouml;r en kvickare typ av &aring;kning med rappare tryck p&aring; tailen medan C7-versionen &auml;r gjord f&ouml;r en &auml;n l&auml;ttare sv&auml;ng med l&aring;nga softa turns.<\/p>\n<p>Carver is today the leader in surfskate and is considered the original of this entire discipline. With its roots in surfing, this type of riding has been developed over a long period of time to come as close to surfing as you can imagine. If you choose Carver, you have chosen the sharpest brand when it comes to Surfskate!<\/p>\n<ul>\n<li>9 5\/8\u2033 wide<\/li>\n<li>6 1\/8\u2033 tail<\/li>\n<li>3 3\/4\u2033 nose<\/li>\n<li>15 1\/2&Prime; <a class=\"glossaryLink cmtt_Komponenter\" aria-describedby=\"tt\" data-cmtooltip=\"&lt;div class=glossaryItemTitle&gt;Wheelbase&lt;\/div&gt;&lt;div class=glossaryItemBody&gt;Detta begrepp handlar om det avst&aring;nd du har mellan dina truckar. Ett l&auml;ngre avst&aring;nd ger mer stabilitet och lite l&aring;ngsammare sv&auml;ngar medan den korta kan bli kvickare.&lt;\/div&gt;&lt;div class=cmtt_synonyms_wrapper&gt;&lt;div class=cmtt_synonyms_title&gt;Synonymer: &lt;\/div&gt;&lt;div class=cmtt_synonyms&gt;hjulbas,  WB&lt;\/div&gt;&lt;\/div&gt;&lt;div class=glossaryTooltipMoreLinkWrapper&gt;&lt;a class=glossaryTooltipMoreLink href=https:\/\/www.boardlife.se\/en\/glossary\/wheelbase\/ &gt;L&auml;s mer&lt;\/a&gt;&lt;\/div&gt;\" href=\"https:\/\/www.boardlife.se\/en\/glossary\/wheelbase\/\" data-mobile-support=\"0\" data-gt-translate-attributes='[{\"attribute\":\"data-cmtooltip\", \"format\":\"html\"}]'>wheelbase<\/a><\/li>\n<li>65mm Roundhouse Ecothane wheels<\/li>\n<\/ul>\n<p>&nbsp;<\/p>\n<p><iframe loading=\"lazy\" title='Carver Skateboards: Ride Review - 29&quot; Swallow' width=\"500\" height=\"281\" src=\"https:\/\/www.youtube.com\/embed\/v6aupfspEs4?feature=oembed\" frameborder=\"0\" allow=\"accelerometer; autoplay; clipboard-write; encrypted-media; gyroscope; picture-in-picture; web-share\" referrerpolicy=\"strict-origin-when-cross-origin\" allowfullscreen><\/iframe><\/p>\n<p>https:\/\/vimeo.com\/257211092<\/p>\n<p>https:\/\/vimeo.com\/122790093<\/p>\n<p>&nbsp;<\/p>\n<p>&nbsp;<\/p>\n<p>&nbsp;<\/p>","protected":false},"excerpt":{"rendered":"<p>Denna vackra surfskate \u00e4r utvecklad f\u00f6r att ge k\u00e4nslan av en surfbr\u00e4da p\u00e5 land. Br\u00e4dan kommer i tv\u00e5 versioner med olika truckar. Carvers CX eller C7-truckar. Du kan se filmerna under &#8220;Mer Info&#8221; f\u00f6r att se skillnaden mellan truckarna.<\/p>","protected":false},"featured_media":144692,"comment_status":"open","ping_status":"closed","template":"","meta":[],"product_brand":[2544],"product_cat":[1654,2484],"product_tag":[1881,1691],"class_list":{"0":"post-52395","1":"product","2":"type-product","3":"status-publish","4":"has-post-thumbnail","6":"product_brand-carver-skateboards","7":"product_cat-surf-skate","8":"product_cat-complete-surfskate","9":"product_tag-surf","10":"product_tag-surf-skate","11":"pa_hjulbas-16-5-419cm","12":"pa_length-30-25-768cm","13":"pa_manufacturer-carver-skateboards","14":"pa_truckar-carver-c7-truck","15":"pa_truckar-carver-cx-truck","17":"first","18":"instock","19":"taxable","20":"shipping-taxable","21":"purchasable","22":"product-type-variable","23":"has-default-attributes"},"composite_virtual":false,"composite_layout":"","composite_add_to_cart_form_location":"","composite_editable_in_cart":false,"composite_sold_individually_context":"","composite_shop_price_calc":"","composite_components":[],"composite_scenarios":[],"jetpack_sharing_enabled":true,"_links":{"self":[{"href":"https:\/\/www.boardlife.se\/en\/wp-json\/wp\/v2\/product\/52395","targetHints":{"allow":["GET"]}}],"collection":[{"href":"https:\/\/www.boardlife.se\/en\/wp-json\/wp\/v2\/product"}],"about":[{"href":"https:\/\/www.boardlife.se\/en\/wp-json\/wp\/v2\/types\/product"}],"replies":[{"embeddable":true,"href":"https:\/\/www.boardlife.se\/en\/wp-json\/wp\/v2\/comments?post=52395"}],"wp:featuredmedia":[{"embeddable":true,"href":"https:\/\/www.boardlife.se\/en\/wp-json\/wp\/v2\/media\/144692"}],"wp:attachment":[{"href":"https:\/\/www.boardlife.se\/en\/wp-json\/wp\/v2\/media?parent=52395"}],"wp:term":[{"taxonomy":"product_brand","embeddable":true,"href":"https:\/\/www.boardlife.se\/en\/wp-json\/wp\/v2\/product_brand?post=52395"},{"taxonomy":"product_cat","embeddable":true,"href":"https:\/\/www.boardlife.se\/en\/wp-json\/wp\/v2\/product_cat?post=52395"},{"taxonomy":"product_tag","embeddable":true,"href":"https:\/\/www.boardlife.se\/en\/wp-json\/wp\/v2\/product_tag?post=52395"}],"curies":[{"name":"wp","href":"https:\/\/api.w.org\/{rel}","templated":true}]}}