{"id":50881,"date":"2018-06-01T10:27:07","date_gmt":"2018-06-01T08:27:07","guid":{"rendered":"https:\/\/www.boardlife.se\/?post_type=product&#038;p=50881"},"modified":"2022-06-14T20:48:11","modified_gmt":"2022-06-14T18:48:11","slug":"blood-orange-liam-morgan-pro-70mm-84a","status":"publish","type":"product","link":"https:\/\/www.boardlife.se\/en\/shop\/longboard\/longboard-components\/longboard-wheels\/blood-orange-liam-morgan-pro-70mm-84a\/","title":{"rendered":"Blood Orange Liam Morgan Pro 70mm 84a"},"content":{"rendered":"<div>\n<p>Blood Orange Liam Morgan Pro is a series of wheels that has a wonderful shape. The edges are beveled which gives it an easy and comfortable start in the slide if you are looking for that. Whether you are looking for safe and stable freeride wheels or just something to paint your favorite slope out there, the Blood Orange Liam Morgan Pro Series wheels are the wheels for you. Available in 65 and 70mm. The wheel core is designed to maintain stability in the slide. The wheel is a little harder and is at 84a which means you get a little better roll on the cruising while making it even easier to throw the board out on a slide. As usual, Blood Orange stands for a really nice quality.<\/p>\n<\/div>","protected":false},"excerpt":{"rendered":"<p>Liam Morgans Pro hjul fr\u00e5n Blood Orange i 70mm och 84a. Lite h\u00e5rdare, f\u00f6r b\u00e4ttre rull och l\u00e4ttare slide. Utformade f\u00f6r att ge trygg och stabil slide f\u00f6r en flexibel typ av \u00e5kning. En slide d\u00e4r du har full kontroll och inte ska r\u00e5ka ut f\u00f6r att det &#8220;isar ut&#8221; f\u00f6r dig. Eftersom Morgan \u00e4r en kr\u00e4sen \u00e5kare lever hjulen verkligen upp till sina f\u00f6rv\u00e4ntningar.<\/p>","protected":false},"featured_media":50882,"comment_status":"open","ping_status":"closed","template":"","meta":[],"product_brand":[2536],"product_cat":[38],"product_tag":[1388,2411,1759],"class_list":{"0":"post-50881","1":"product","2":"type-product","3":"status-publish","4":"has-post-thumbnail","6":"product_brand-blood-orange","7":"product_cat-wheels-longboard","8":"product_tag-blood-orange","9":"product_tag-freeride-sliding","10":"product_tag-sliding","11":"pa_diameter-70mm","12":"pa_durometer-84a","13":"pa_hub-placering-offset","14":"pa_kontaktyta-32mm","15":"pa_manufacturer-blood-orange","17":"first","18":"instock","19":"taxable","20":"shipping-taxable","21":"purchasable","22":"product-type-simple"},"composite_virtual":false,"composite_layout":"","composite_add_to_cart_form_location":"","composite_editable_in_cart":false,"composite_sold_individually_context":"","composite_shop_price_calc":"","composite_components":[],"composite_scenarios":[],"jetpack_sharing_enabled":true,"_links":{"self":[{"href":"https:\/\/www.boardlife.se\/en\/wp-json\/wp\/v2\/product\/50881","targetHints":{"allow":["GET"]}}],"collection":[{"href":"https:\/\/www.boardlife.se\/en\/wp-json\/wp\/v2\/product"}],"about":[{"href":"https:\/\/www.boardlife.se\/en\/wp-json\/wp\/v2\/types\/product"}],"replies":[{"embeddable":true,"href":"https:\/\/www.boardlife.se\/en\/wp-json\/wp\/v2\/comments?post=50881"}],"wp:featuredmedia":[{"embeddable":true,"href":"https:\/\/www.boardlife.se\/en\/wp-json\/wp\/v2\/media\/50882"}],"wp:attachment":[{"href":"https:\/\/www.boardlife.se\/en\/wp-json\/wp\/v2\/media?parent=50881"}],"wp:term":[{"taxonomy":"product_brand","embeddable":true,"href":"https:\/\/www.boardlife.se\/en\/wp-json\/wp\/v2\/product_brand?post=50881"},{"taxonomy":"product_cat","embeddable":true,"href":"https:\/\/www.boardlife.se\/en\/wp-json\/wp\/v2\/product_cat?post=50881"},{"taxonomy":"product_tag","embeddable":true,"href":"https:\/\/www.boardlife.se\/en\/wp-json\/wp\/v2\/product_tag?post=50881"}],"curies":[{"name":"wp","href":"https:\/\/api.w.org\/{rel}","templated":true}]}}