{"id":49586,"date":"2018-02-26T17:19:27","date_gmt":"2018-02-26T16:19:27","guid":{"rendered":"https:\/\/www.boardlife.se\/?post_type=product&#038;p=49586"},"modified":"2022-07-14T14:38:02","modified_gmt":"2022-07-14T12:38:02","slug":"blood-orange-liam-morgan-pro-forest-green-65mm-80a","status":"publish","type":"product","link":"https:\/\/www.boardlife.se\/en\/shop\/longboard\/longboard-components\/longboard-wheels\/blood-orange-liam-morgan-pro-forest-green-65mm-80a\/","title":{"rendered":"Blood Orange Liam Morgan Pro Forest Green 65mm 80a"},"content":{"rendered":"<div>\n<p>Whether you are looking for safe and stable freeride wheels or just something to paint your favorite slope out there, the Blood Orange Liam Morgan Pro Series wheels are for you. Available in 65 and 70mm. The wheel core is designed to maintain stability in the slide. With the smaller version in 65mm it becomes easier to slide at lower speeds as the diameter and contact area are reduced slightly. The Midnight series are really stylish wheels that really maintain a high quality.<\/p>\n<\/div>","protected":false},"excerpt":{"rendered":"<p>Liam Morgans Pro hjul fr\u00e5n Blood Orange i 65mm. Utformade f\u00f6r att ge trygg och stabil slide f\u00f6r en flexibel typ av \u00e5kning. En slide d\u00e4r du har full kontroll och inte ska r\u00e5ka ut f\u00f6r att det &#8220;isar ut&#8221; f\u00f6r dig. Eftersom han \u00e4r en kr\u00e4sen \u00e5kare lever hjulen verkligen upp till sina f\u00f6rv\u00e4ntningar.<\/p>","protected":false},"featured_media":49587,"comment_status":"open","ping_status":"closed","template":"","meta":[],"product_brand":[2536],"product_cat":[38],"product_tag":[1388,2482,1759],"class_list":{"0":"post-49586","1":"product","2":"type-product","3":"status-publish","4":"has-post-thumbnail","6":"product_brand-blood-orange","7":"product_cat-wheels-longboard","8":"product_tag-blood-orange","9":"product_tag-dancing-freestyle","10":"product_tag-sliding","11":"pa_diameter-65mm","12":"pa_durometer-82a","13":"pa_hub-placering-offset","14":"pa_kontaktyta-31mm","15":"pa_manufacturer-blood-orange","17":"first","18":"outofstock","19":"taxable","20":"shipping-taxable","21":"purchasable","22":"product-type-simple"},"composite_virtual":false,"composite_layout":"","composite_add_to_cart_form_location":"","composite_editable_in_cart":false,"composite_sold_individually_context":"","composite_shop_price_calc":"","composite_components":[],"composite_scenarios":[],"jetpack_sharing_enabled":true,"_links":{"self":[{"href":"https:\/\/www.boardlife.se\/en\/wp-json\/wp\/v2\/product\/49586","targetHints":{"allow":["GET"]}}],"collection":[{"href":"https:\/\/www.boardlife.se\/en\/wp-json\/wp\/v2\/product"}],"about":[{"href":"https:\/\/www.boardlife.se\/en\/wp-json\/wp\/v2\/types\/product"}],"replies":[{"embeddable":true,"href":"https:\/\/www.boardlife.se\/en\/wp-json\/wp\/v2\/comments?post=49586"}],"wp:featuredmedia":[{"embeddable":true,"href":"https:\/\/www.boardlife.se\/en\/wp-json\/wp\/v2\/media\/49587"}],"wp:attachment":[{"href":"https:\/\/www.boardlife.se\/en\/wp-json\/wp\/v2\/media?parent=49586"}],"wp:term":[{"taxonomy":"product_brand","embeddable":true,"href":"https:\/\/www.boardlife.se\/en\/wp-json\/wp\/v2\/product_brand?post=49586"},{"taxonomy":"product_cat","embeddable":true,"href":"https:\/\/www.boardlife.se\/en\/wp-json\/wp\/v2\/product_cat?post=49586"},{"taxonomy":"product_tag","embeddable":true,"href":"https:\/\/www.boardlife.se\/en\/wp-json\/wp\/v2\/product_tag?post=49586"}],"curies":[{"name":"wp","href":"https:\/\/api.w.org\/{rel}","templated":true}]}}