{"id":49371,"date":"2018-01-15T17:30:50","date_gmt":"2018-01-15T16:30:50","guid":{"rendered":"https:\/\/www.boardlife.se\/?post_type=product&#038;p=49371"},"modified":"2023-10-29T22:53:20","modified_gmt":"2023-10-29T21:53:20","slug":"blood-orange-liam-morgan-pro-midnight-maroon-70mm-82a","status":"publish","type":"product","link":"https:\/\/www.boardlife.se\/en\/shop\/longboard\/longboard-components\/longboard-wheels\/blood-orange-liam-morgan-pro-midnight-maroon-70mm-82a\/","title":{"rendered":"Blood Orange Liam Morgan Pro Midnight Maroon 70mm 82a"},"content":{"rendered":"<div>\n<p>Whether you&#039;re looking for a safe and stable freeride wheel or just something to paint your favorite slope out there, the Blood Orange Liam Morgan Pro Series wheels are for you. Available in 65 and 70mm. The wheel core is designed to maintain stability in the slide. The Midnight series are really good looking wheels that really maintain a high quality.<\/p>\n<\/div>","protected":false},"excerpt":{"rendered":"<p>Liam Morgans Pro hjul fr\u00e5n Blood Orange i 70mm. Utformade f\u00f6r att ge trygg och stabil slide f\u00f6r en flexibel typ av \u00e5kning. En slide d\u00e4r du har full kontroll och inte ska r\u00e5ka ut f\u00f6r att det &#8220;isar ut&#8221; f\u00f6r dig. Eftersom han \u00e4r en kr\u00e4sen \u00e5kare lever hjulen verkligen upp till sina f\u00f6rv\u00e4ntningar.<\/p>","protected":false},"featured_media":49372,"comment_status":"open","ping_status":"closed","template":"","meta":[],"product_brand":[2536],"product_cat":[38],"product_tag":[1388,1759],"class_list":{"0":"post-49371","1":"product","2":"type-product","3":"status-publish","4":"has-post-thumbnail","6":"product_brand-blood-orange","7":"product_cat-wheels-longboard","8":"product_tag-blood-orange","9":"product_tag-sliding","10":"pa_diameter-70mm","11":"pa_durometer-82a","12":"pa_hub-placering-offset","13":"pa_kontaktyta-32mm","14":"pa_manufacturer-blood-orange","16":"first","17":"instock","18":"taxable","19":"shipping-taxable","20":"purchasable","21":"product-type-simple"},"composite_virtual":false,"composite_layout":"","composite_add_to_cart_form_location":"","composite_editable_in_cart":false,"composite_sold_individually_context":"","composite_shop_price_calc":"","composite_components":[],"composite_scenarios":[],"jetpack_sharing_enabled":true,"_links":{"self":[{"href":"https:\/\/www.boardlife.se\/en\/wp-json\/wp\/v2\/product\/49371","targetHints":{"allow":["GET"]}}],"collection":[{"href":"https:\/\/www.boardlife.se\/en\/wp-json\/wp\/v2\/product"}],"about":[{"href":"https:\/\/www.boardlife.se\/en\/wp-json\/wp\/v2\/types\/product"}],"replies":[{"embeddable":true,"href":"https:\/\/www.boardlife.se\/en\/wp-json\/wp\/v2\/comments?post=49371"}],"wp:featuredmedia":[{"embeddable":true,"href":"https:\/\/www.boardlife.se\/en\/wp-json\/wp\/v2\/media\/49372"}],"wp:attachment":[{"href":"https:\/\/www.boardlife.se\/en\/wp-json\/wp\/v2\/media?parent=49371"}],"wp:term":[{"taxonomy":"product_brand","embeddable":true,"href":"https:\/\/www.boardlife.se\/en\/wp-json\/wp\/v2\/product_brand?post=49371"},{"taxonomy":"product_cat","embeddable":true,"href":"https:\/\/www.boardlife.se\/en\/wp-json\/wp\/v2\/product_cat?post=49371"},{"taxonomy":"product_tag","embeddable":true,"href":"https:\/\/www.boardlife.se\/en\/wp-json\/wp\/v2\/product_tag?post=49371"}],"curies":[{"name":"wp","href":"https:\/\/api.w.org\/{rel}","templated":true}]}}