{"id":45251,"date":"2017-03-22T21:29:49","date_gmt":"2017-03-22T20:29:49","guid":{"rendered":"http:\/\/www.boardlife.se\/produkt\/heartwood-pill-camo\/"},"modified":"2025-11-26T09:18:02","modified_gmt":"2025-11-26T08:18:02","slug":"heartwood-pill-camo","status":"publish","type":"product","link":"https:\/\/www.boardlife.se\/en\/shop\/stuff\/kendama\/heartwood-pill-camo\/","title":{"rendered":"Heartwood Pill Camo"},"content":{"rendered":"<p>Pill is a wooden toy that is related to the immensely popular Kendama. Pill is made of two wooden halves that are linked together with a string. On one of the halves you will find a nail and this is called \u201cthe base\u201d. The other half with a hole in it is called \u201cthe cap\u201d. Pill works in a similar way to a Kendama. Precision, control and focus are the most important things when it comes to mastering this wooden toy. There are some tricks you can do with a Pill that are similar to those you do with a Kendama, but also some new cool tricks.<\/p>\n<p>Heartwoods Pill has a slightly larger hole in the upper half - \u201cthe cap\u201d. This makes it a bit easier to trick with. Pill Camo is nicely camouflaged and has a matte surface which gives you a relatively good grip.<\/p>","protected":false},"excerpt":{"rendered":"<p>Pill Camo\u00a0har ett n\u00e5got st\u00f6rre h\u00e5l i den \u00f6vre halvan -&#8220;the cap&#8221;. Detta g\u00f6r att den blir n\u00e5got l\u00e4ttare att tricksa med. Kamouflagef\u00e4rgerna \u00e4r dessutom riktigt grymma.<\/p>","protected":false},"featured_media":143411,"comment_status":"open","ping_status":"closed","template":"","meta":[],"product_brand":[2570],"product_cat":[579,1660],"product_tag":[1322],"class_list":{"0":"post-45251","1":"product","2":"type-product","3":"status-publish","4":"has-post-thumbnail","6":"product_brand-heartwood","7":"product_cat-kendama","8":"product_cat-pill","9":"product_tag-heartwood","10":"pa_manufacturer-heartwood","12":"first","13":"instock","14":"sale","15":"taxable","16":"shipping-taxable","17":"purchasable","18":"product-type-simple"},"composite_virtual":false,"composite_layout":"","composite_add_to_cart_form_location":"","composite_editable_in_cart":false,"composite_sold_individually_context":"","composite_shop_price_calc":"","composite_components":[],"composite_scenarios":[],"jetpack_sharing_enabled":true,"_links":{"self":[{"href":"https:\/\/www.boardlife.se\/en\/wp-json\/wp\/v2\/product\/45251","targetHints":{"allow":["GET"]}}],"collection":[{"href":"https:\/\/www.boardlife.se\/en\/wp-json\/wp\/v2\/product"}],"about":[{"href":"https:\/\/www.boardlife.se\/en\/wp-json\/wp\/v2\/types\/product"}],"replies":[{"embeddable":true,"href":"https:\/\/www.boardlife.se\/en\/wp-json\/wp\/v2\/comments?post=45251"}],"wp:featuredmedia":[{"embeddable":true,"href":"https:\/\/www.boardlife.se\/en\/wp-json\/wp\/v2\/media\/143411"}],"wp:attachment":[{"href":"https:\/\/www.boardlife.se\/en\/wp-json\/wp\/v2\/media?parent=45251"}],"wp:term":[{"taxonomy":"product_brand","embeddable":true,"href":"https:\/\/www.boardlife.se\/en\/wp-json\/wp\/v2\/product_brand?post=45251"},{"taxonomy":"product_cat","embeddable":true,"href":"https:\/\/www.boardlife.se\/en\/wp-json\/wp\/v2\/product_cat?post=45251"},{"taxonomy":"product_tag","embeddable":true,"href":"https:\/\/www.boardlife.se\/en\/wp-json\/wp\/v2\/product_tag?post=45251"}],"curies":[{"name":"wp","href":"https:\/\/api.w.org\/{rel}","templated":true}]}}