{"id":4001,"date":"2013-05-19T20:15:51","date_gmt":"2013-05-19T18:15:51","guid":{"rendered":"http:\/\/boardlife.se\/produkt\/loaded-hardware-125\/"},"modified":"2020-08-10T18:05:25","modified_gmt":"2020-08-10T16:05:25","slug":"loaded-hardware-125","status":"publish","type":"product","link":"https:\/\/www.boardlife.se\/en\/shop\/hardware\/loaded-hardware-125\/","title":{"rendered":"Loaded: Hardware 1.25\u2033"},"content":{"rendered":"<p>Loaded Hardware<\/p>\n<p>Loaded has developed its own hardware to ensure that all parts in the board are of the highest quality.<br>\nThe screws are made of really strong steel, (Much stronger than Grade 8). To get a lower screw head but still distribute pressure, the washer has been integrated into the head.<\/p>\n<p>Contains:<br>\n8 Screws<br>\n8 Nuts<br>\n1 Allen key<\/p>\n<p>Everything comes packaged in a small, handy plastic box that you can then use to store spare parts.<\/p>\n<p>1\u2033 = Green<br>\n1.25\u2033 = Red<br>\n1.5\u2033 = Grey<\/p>","protected":false},"excerpt":{"rendered":"<p>Loaded Hardware Loaded har tagit fram en egen h\u00e5rdvara. Detta f\u00f6r att alla delar i br\u00e4dan skall vara av h\u00f6gsta kvalit\u00e9. Skruvarna \u00e4r gjorda av riktigt starkt st\u00e5l, (Mycket starkare \u00e4n Grade 8). F\u00f6r att f\u00e5 ett l\u00e4gre skruvhuvud men \u00e4nd\u00e5 en f\u00f6rdelning av tryck har man integrerat brickan i huvudet. Inneh\u00e5ller: 8 Skruvar 8 Muttrar 1 Insexnyckel Allt kommer [&hellip;]<\/p>","protected":false},"featured_media":4002,"comment_status":"open","ping_status":"closed","template":"","meta":[],"product_brand":[2580],"product_cat":[26],"product_tag":[878],"class_list":{"0":"post-4001","1":"product","2":"type-product","3":"status-publish","4":"has-post-thumbnail","6":"product_brand-loaded-boards","7":"product_cat-hardware","8":"product_tag-loaded-boards","9":"pa_manufacturer-loaded-boards","11":"first","12":"outofstock","13":"taxable","14":"shipping-taxable","15":"purchasable","16":"product-type-simple"},"composite_virtual":false,"composite_layout":"","composite_add_to_cart_form_location":"","composite_editable_in_cart":false,"composite_sold_individually_context":"","composite_shop_price_calc":"","composite_components":[],"composite_scenarios":[],"jetpack_sharing_enabled":true,"_links":{"self":[{"href":"https:\/\/www.boardlife.se\/en\/wp-json\/wp\/v2\/product\/4001","targetHints":{"allow":["GET"]}}],"collection":[{"href":"https:\/\/www.boardlife.se\/en\/wp-json\/wp\/v2\/product"}],"about":[{"href":"https:\/\/www.boardlife.se\/en\/wp-json\/wp\/v2\/types\/product"}],"replies":[{"embeddable":true,"href":"https:\/\/www.boardlife.se\/en\/wp-json\/wp\/v2\/comments?post=4001"}],"wp:featuredmedia":[{"embeddable":true,"href":"https:\/\/www.boardlife.se\/en\/wp-json\/wp\/v2\/media\/4002"}],"wp:attachment":[{"href":"https:\/\/www.boardlife.se\/en\/wp-json\/wp\/v2\/media?parent=4001"}],"wp:term":[{"taxonomy":"product_brand","embeddable":true,"href":"https:\/\/www.boardlife.se\/en\/wp-json\/wp\/v2\/product_brand?post=4001"},{"taxonomy":"product_cat","embeddable":true,"href":"https:\/\/www.boardlife.se\/en\/wp-json\/wp\/v2\/product_cat?post=4001"},{"taxonomy":"product_tag","embeddable":true,"href":"https:\/\/www.boardlife.se\/en\/wp-json\/wp\/v2\/product_tag?post=4001"}],"curies":[{"name":"wp","href":"https:\/\/api.w.org\/{rel}","templated":true}]}}