{"id":39301,"date":"2016-06-14T15:03:31","date_gmt":"2016-06-14T13:03:31","guid":{"rendered":"http:\/\/www.boardlife.se\/produkt\/independent-genuine-parts-bearing-7s\/"},"modified":"2022-10-10T17:57:09","modified_gmt":"2022-10-10T15:57:09","slug":"independent-genuine-parts-bearing-7s","status":"publish","type":"product","link":"https:\/\/www.boardlife.se\/en\/shop\/skateboard\/skateboard-components\/skateboard-bearings\/independent-genuine-parts-bearing-7s\/","title":{"rendered":"Independent Genuine Parts Bearing 7s"},"content":{"rendered":"<p>Independent Genuine Parts Bearing 7s<\/p>\n<p>Kullager fr&aring;n Independent<\/p>\n<p>&ndash; Abec 7.<br>\n&ndash; 8st lager.<br>\n&ndash; 4 <a class=\"glossaryLink\" aria-describedby=\"tt\" data-cmtooltip=\"&lt;div class=glossaryItemTitle&gt;Spacer&lt;\/div&gt;&lt;div class=glossaryItemBody&gt;Spacer &auml;r den distans som ligger mellan dina kullager inne i hjulet. Den fungerar genom att se till att dina kullager inte pressas ihop konstigt om du drar &aring;t din axelmutter. Du kan fortfarande &aring;ka utan den men vill du f&ouml;rs&auml;kra dig om att kullagerbanorna inte blir skeva eller bromsar upp ditt hjul n&auml;r du sv&auml;nger &auml;r det rekommenderat att anv&auml;nda detta. En liten kostnad f&ouml;r att f&ouml;rb&auml;ttra. Vissa kullager har redan detta inbyggt p&aring; sig, denna typ av kullager kallas oftast f&ouml;r built-in.&lt;\/div&gt;&lt;div class=cmtt_synonyms_wrapper&gt;&lt;div class=cmtt_synonyms_title&gt;Synonymer: &lt;\/div&gt;&lt;div class=cmtt_synonyms&gt;Built-in&lt;\/div&gt;&lt;\/div&gt;&lt;div class=glossaryTooltipMoreLinkWrapper&gt;&lt;a class=glossaryTooltipMoreLink href=https:\/\/www.boardlife.se\/en\/glossary\/spacer\/ &gt;L&auml;s mer&lt;\/a&gt;&lt;\/div&gt;\" href=\"https:\/\/www.boardlife.se\/en\/glossary\/spacer\/\" data-mobile-support=\"0\" data-gt-translate-attributes='[{\"attribute\":\"data-cmtooltip\", \"format\":\"html\"}]'>spacers<\/a>.<br>\n&ndash; 8 brickor.<\/p>","protected":false},"excerpt":{"rendered":"<p>Independent Hollow 149 Stage 11 Silver skateboard trucks are 10% lighter than the regular Stage 11 truck and the most durable hollow axle truck on the market. The Stage 11 skateboard truck is an update to the high-performance and iconic Stage 10 design with a revised geometry to even better match today&#039;s skateboarding!<\/p>\n<p><strong>This truck fits skateboard decks that are 8.25-8.6<\/strong><\/p>\n<p>Stage 11 truckar ger dig perfekta sv\u00e4ngar, b\u00e4ttre stabilitet vid landning, mindre &#8220;speed wobble&#8221; och f\u00e4rre &#8220;wheel bite&#8221;. Och som gr\u00e4dden p\u00e5 moset f\u00e5r du en b\u00e4ttre grind clearance och f\u00e4rre &#8220;hang-up&#8221;.<\/p>","protected":false},"featured_media":39300,"comment_status":"open","ping_status":"closed","template":"","meta":[],"product_brand":[],"product_cat":[1307],"product_tag":[1366],"class_list":{"0":"post-39301","1":"product","2":"type-product","3":"status-publish","4":"has-post-thumbnail","6":"product_cat-bearings-skateboard","7":"product_tag-independent","8":"pa_manufacturer-independent-trucks","10":"first","11":"instock","12":"taxable","13":"shipping-taxable","14":"purchasable","15":"product-type-simple"},"composite_virtual":false,"composite_layout":"","composite_add_to_cart_form_location":"","composite_editable_in_cart":false,"composite_sold_individually_context":"","composite_shop_price_calc":"","composite_components":[],"composite_scenarios":[],"jetpack_sharing_enabled":true,"_links":{"self":[{"href":"https:\/\/www.boardlife.se\/en\/wp-json\/wp\/v2\/product\/39301","targetHints":{"allow":["GET"]}}],"collection":[{"href":"https:\/\/www.boardlife.se\/en\/wp-json\/wp\/v2\/product"}],"about":[{"href":"https:\/\/www.boardlife.se\/en\/wp-json\/wp\/v2\/types\/product"}],"replies":[{"embeddable":true,"href":"https:\/\/www.boardlife.se\/en\/wp-json\/wp\/v2\/comments?post=39301"}],"wp:featuredmedia":[{"embeddable":true,"href":"https:\/\/www.boardlife.se\/en\/wp-json\/wp\/v2\/media\/39300"}],"wp:attachment":[{"href":"https:\/\/www.boardlife.se\/en\/wp-json\/wp\/v2\/media?parent=39301"}],"wp:term":[{"taxonomy":"product_brand","embeddable":true,"href":"https:\/\/www.boardlife.se\/en\/wp-json\/wp\/v2\/product_brand?post=39301"},{"taxonomy":"product_cat","embeddable":true,"href":"https:\/\/www.boardlife.se\/en\/wp-json\/wp\/v2\/product_cat?post=39301"},{"taxonomy":"product_tag","embeddable":true,"href":"https:\/\/www.boardlife.se\/en\/wp-json\/wp\/v2\/product_tag?post=39301"}],"curies":[{"name":"wp","href":"https:\/\/api.w.org\/{rel}","templated":true}]}}