{"id":37121,"date":"2016-04-28T10:51:46","date_gmt":"2016-04-28T08:51:46","guid":{"rendered":"http:\/\/www.boardlife.se\/produkt\/mini-logo-trucks-838\/"},"modified":"2025-11-04T02:15:13","modified_gmt":"2025-11-04T01:15:13","slug":"mini-logo-trucks-838","status":"publish","type":"product","link":"https:\/\/www.boardlife.se\/en\/shop\/skateboard\/skateboard-components\/trucks-skateboard\/mini-logo-trucks-838\/","title":{"rendered":"Mini Logo Trucks Polished Raw 8.38\u2033"},"content":{"rendered":"<p>MINI LOGO TRUCKS 8.38\u2033<\/p>\n<h2>About Mini Logo\u2122 Trucks<\/h2>\n<div class=\"std\">\n<p>Our new Mini Logo\u2122 high-performance trucks combine strength, stability, and smooth turning in a lightweight design with premium alloys, high-<a class=\"glossaryLink cmtt_Komponenter cmtt_&Aring;kning\" aria-describedby=\"tt\" data-cmtooltip=\"&lt;div class=glossaryItemTitle&gt;Rebound&lt;\/div&gt;&lt;div class=glossaryItemBody&gt;Rebound &auml;r den kraft som n&aring;got ger tillbaka efter att man exempelvis pressat sina bushings, truckar, hjul eller br&auml;da i en viss riktning. En h&ouml;gre rebound betyder en starkare kraft tillbaka till sitt ursprungsl&auml;ge.&lt;\/div&gt;&lt;div class=glossaryTooltipMoreLinkWrapper&gt;&lt;a class=glossaryTooltipMoreLink href=https:\/\/www.boardlife.se\/en\/glossary\/rebound\/ &gt;L&auml;s mer&lt;\/a&gt;&lt;\/div&gt;\" href=\"https:\/\/www.boardlife.se\/en\/glossary\/rebound\/\" data-mobile-support=\"0\" data-gt-translate-attributes='[{\"attribute\":\"data-cmtooltip\", \"format\":\"html\"}]'>rebound<\/a> <a class=\"glossaryLink cmtt_Komponenter\" aria-describedby=\"tt\" data-cmtooltip=\"&lt;div class=glossaryItemTitle&gt;Bushings&lt;\/div&gt;&lt;div class=glossaryItemBody&gt;Bushings finns i dina truckar och &auml;r den &amp;quot;mjuka&amp;quot; del som reglerar hur mycket dina truckar ska sv&auml;nga n&auml;r du lutar dig p&aring; br&auml;dan.&lt;\/div&gt;&lt;div class=cmtt_synonyms_wrapper&gt;&lt;div class=cmtt_synonyms_title&gt;Synonymer: &lt;\/div&gt;&lt;div class=cmtt_synonyms&gt;bussningar&lt;\/div&gt;&lt;\/div&gt;&lt;div class=glossaryTooltipMoreLinkWrapper&gt;&lt;a class=glossaryTooltipMoreLink href=https:\/\/www.boardlife.se\/en\/glossary\/bushings\/ &gt;L&auml;s mer&lt;\/a&gt;&lt;\/div&gt;\" href=\"https:\/\/www.boardlife.se\/en\/glossary\/bushings\/\" data-mobile-support=\"0\" data-gt-translate-attributes='[{\"attribute\":\"data-cmtooltip\", \"format\":\"html\"}]'>bushings<\/a>, and precision axles. Developed and tested at Skate One, the shape, materials, and finishes have been refined for MILITANT skaters right from the first turns and grinds \u2014 No break-in time needed!<\/p>\n<ul>\n<li>Precision 8mm axles with a slightly curved <a class=\"glossaryLink cmtt_Komponenter\" aria-describedby=\"tt\" data-cmtooltip=\"&lt;div class=glossaryItemTitle&gt;Hanger&lt;\/div&gt;&lt;div class=glossaryItemBody&gt;Truckar best&aring;r av en basplatta och en hanger. Hanger &auml;r den del som &auml;r sj&auml;lva hjulaxeln. &lt;\/div&gt;&lt;div class=glossaryTooltipMoreLinkWrapper&gt;&lt;a class=glossaryTooltipMoreLink href=https:\/\/www.boardlife.se\/en\/glossary\/hanger\/ &gt;L&auml;s mer&lt;\/a&gt;&lt;\/div&gt;\" href=\"https:\/\/www.boardlife.se\/en\/glossary\/hanger\/\" data-mobile-support=\"0\" data-gt-translate-attributes='[{\"attribute\":\"data-cmtooltip\", \"format\":\"html\"}]'>hanger<\/a> to lock you into grinds<\/li>\n<li>Ultra high-rebound urethane bushings for smooth, precise control<\/li>\n<li>Lightweight hanger and baseplate<\/li>\n<li>Lifetime warranty against manufacturer defects<\/li>\n<\/ul>\n<ul>\n<li>7.63\u2033 Trucks (with Soft Bushings) \u2013 fit 7.5\u2033 to 7.88\u2033 skateboards<\/li>\n<li>8.0\u2033 Trucks (with Medium Bushings) \u2013 fit 7.88\u2033 to 8.25\u2033 skateboards<\/li>\n<li>8.38\u2033 Trucks (with Medium Bushings) \u2013 fit 8.25 to 8.75\u2033 skateboards<\/li>\n<li>8.75\u2033 Trucks (with Medium Bushings) \u2013 8.5\u2033 and larger skateboards<\/li>\n<\/ul>\n<\/div>\n<h2>About Mini Logo\u2122 Truck Assemblies<\/h2>\n<div class=\"std\">\n<p>Mini Logo\u2122 trucks, wheels, and bearings all come together in one low-price package. Grab a Mini Logo\u2122 subassembly, a deck, and some grip, and you&#039;re ready to rip!<\/p>\n<ul>\n<li>Mini Logo\u2122 trucks that turn and grind smoothly right out of the package<\/li>\n<li>Mini Logo\u2122 high-rebound, long-lasting wheels<\/li>\n<li>Mini Logo\u2122 Skate Rated bearing technology<\/li>\n<li>Lifetime warranty against manufacturer defects<\/li>\n<\/ul>\n<\/div>","protected":false},"excerpt":{"rendered":"<p>Prisv\u00e4rda truckar fr\u00e5n Mini Logo. Denna modell \u00e4r anpassad f\u00f6r br\u00e4dor med bredden 8.25&#8243;-8.75&#8243;.<\/p>","protected":false},"featured_media":48675,"comment_status":"open","ping_status":"closed","template":"","meta":[],"product_brand":[2586],"product_cat":[1306],"product_tag":[1377],"class_list":{"0":"post-37121","1":"product","2":"type-product","3":"status-publish","4":"has-post-thumbnail","6":"product_brand-mini-logo","7":"product_cat-trucks-skateboard","8":"product_tag-mini-logo","9":"pa_manufacturer-mini-logo","11":"first","12":"outofstock","13":"taxable","14":"shipping-taxable","15":"purchasable","16":"product-type-simple"},"composite_virtual":false,"composite_layout":"","composite_add_to_cart_form_location":"","composite_editable_in_cart":false,"composite_sold_individually_context":"","composite_shop_price_calc":"","composite_components":[],"composite_scenarios":[],"jetpack_sharing_enabled":true,"_links":{"self":[{"href":"https:\/\/www.boardlife.se\/en\/wp-json\/wp\/v2\/product\/37121","targetHints":{"allow":["GET"]}}],"collection":[{"href":"https:\/\/www.boardlife.se\/en\/wp-json\/wp\/v2\/product"}],"about":[{"href":"https:\/\/www.boardlife.se\/en\/wp-json\/wp\/v2\/types\/product"}],"replies":[{"embeddable":true,"href":"https:\/\/www.boardlife.se\/en\/wp-json\/wp\/v2\/comments?post=37121"}],"wp:featuredmedia":[{"embeddable":true,"href":"https:\/\/www.boardlife.se\/en\/wp-json\/wp\/v2\/media\/48675"}],"wp:attachment":[{"href":"https:\/\/www.boardlife.se\/en\/wp-json\/wp\/v2\/media?parent=37121"}],"wp:term":[{"taxonomy":"product_brand","embeddable":true,"href":"https:\/\/www.boardlife.se\/en\/wp-json\/wp\/v2\/product_brand?post=37121"},{"taxonomy":"product_cat","embeddable":true,"href":"https:\/\/www.boardlife.se\/en\/wp-json\/wp\/v2\/product_cat?post=37121"},{"taxonomy":"product_tag","embeddable":true,"href":"https:\/\/www.boardlife.se\/en\/wp-json\/wp\/v2\/product_tag?post=37121"}],"curies":[{"name":"wp","href":"https:\/\/api.w.org\/{rel}","templated":true}]}}