{"id":36231,"date":"2016-04-12T11:22:12","date_gmt":"2016-04-12T09:22:12","guid":{"rendered":"http:\/\/www.boardlife.se\/produkt\/divine-street-slayers-72mm82a-purple\/"},"modified":"2026-01-09T11:19:19","modified_gmt":"2026-01-09T10:19:19","slug":"divine-street-slayers-72mm82a-purple","status":"publish","type":"product","link":"https:\/\/www.boardlife.se\/en\/shop\/longboard\/longboard-components\/longboard-wheels\/divine-street-slayers-72mm82a-purple\/","title":{"rendered":"Divine Street Slayers 72mm82a Purple"},"content":{"rendered":"<div class=\"openclose\">\n<p>Divine Street Slayers 72mm82a Purple<\/p>\n<p>Wheels with rounded edges for maximum controlled slides!<br>\nAlso works well for comfortable cruising, a very good all-round wheel.<\/p>\n<p>Size: 72mm.<br>\nHub: Off\/Center set.<br>\nWidth: 49.5mm.<br>\nContact area: 56 mm.<\/p>\n<p>Two hardnesses: 82A<\/p>\n<p>The package contains,<br>\n\u2013 a set of 4 wheels!<\/p>\n<p>Available in different colors!<\/p>\n<\/div>","protected":false},"excerpt":{"rendered":"<p>Divine Street Slayers 72mm82a Purple Hjul med avrundade kanter f\u00f6r maximalt kontrollerade slides! Funkar \u00e4ven bra f\u00f6r sk\u00f6n cruising, ett mycket bra allroundhjul. Storlek: 72 mm. Hubb: Off\/Center set. Bredd: 49,5 mm. Kontaktyta: 56 mm. Tv\u00e5 h\u00e5rdheter: 82A F\u00f6rpackningen inneh\u00e5ller, &#8211; ett set om 4 st hjul! Finnas att v\u00e4lja i olika f\u00e4rger!<\/p>","protected":false},"featured_media":36227,"comment_status":"open","ping_status":"closed","template":"","meta":[],"product_brand":[],"product_cat":[38],"product_tag":[1360],"class_list":{"0":"post-36231","1":"product","2":"type-product","3":"status-publish","4":"has-post-thumbnail","6":"product_cat-wheels-longboard","7":"product_tag-divine","9":"first","10":"instock","11":"sale","12":"taxable","13":"shipping-taxable","14":"purchasable","15":"product-type-simple"},"composite_virtual":false,"composite_layout":"","composite_add_to_cart_form_location":"","composite_editable_in_cart":false,"composite_sold_individually_context":"","composite_shop_price_calc":"","composite_components":[],"composite_scenarios":[],"jetpack_sharing_enabled":true,"_links":{"self":[{"href":"https:\/\/www.boardlife.se\/en\/wp-json\/wp\/v2\/product\/36231","targetHints":{"allow":["GET"]}}],"collection":[{"href":"https:\/\/www.boardlife.se\/en\/wp-json\/wp\/v2\/product"}],"about":[{"href":"https:\/\/www.boardlife.se\/en\/wp-json\/wp\/v2\/types\/product"}],"replies":[{"embeddable":true,"href":"https:\/\/www.boardlife.se\/en\/wp-json\/wp\/v2\/comments?post=36231"}],"wp:featuredmedia":[{"embeddable":true,"href":"https:\/\/www.boardlife.se\/en\/wp-json\/wp\/v2\/media\/36227"}],"wp:attachment":[{"href":"https:\/\/www.boardlife.se\/en\/wp-json\/wp\/v2\/media?parent=36231"}],"wp:term":[{"taxonomy":"product_brand","embeddable":true,"href":"https:\/\/www.boardlife.se\/en\/wp-json\/wp\/v2\/product_brand?post=36231"},{"taxonomy":"product_cat","embeddable":true,"href":"https:\/\/www.boardlife.se\/en\/wp-json\/wp\/v2\/product_cat?post=36231"},{"taxonomy":"product_tag","embeddable":true,"href":"https:\/\/www.boardlife.se\/en\/wp-json\/wp\/v2\/product_tag?post=36231"}],"curies":[{"name":"wp","href":"https:\/\/api.w.org\/{rel}","templated":true}]}}