{"id":36042,"date":"2020-04-11T11:51:01","date_gmt":"2020-04-11T09:51:01","guid":{"rendered":"http:\/\/www.boardlife.se\/produkt\/independent-hollow-139-stage-11-silver\/"},"modified":"2022-10-31T14:44:15","modified_gmt":"2022-10-31T13:44:15","slug":"independent-forged-hollow-silver-139","status":"publish","type":"product","link":"https:\/\/www.boardlife.se\/en\/shop\/skateboard\/skateboard-components\/trucks-skateboard\/independent-forged-hollow-silver-139\/","title":{"rendered":"Independent Forged Hollow Silver 139"},"content":{"rendered":"<p>Independent <a class=\"glossaryLink cmtt_Komponenter\" aria-describedby=\"tt\" data-cmtooltip=\"&lt;div class=glossaryItemTitle&gt;Hollow&lt;\/div&gt;&lt;div class=glossaryItemBody&gt;En hollow truck har oftast en ih&aring;lig kingpinskruv och i vissa fall &auml;ven en ih&aring;lig truckaxel. Detta f&ouml;r att f&aring; ner vikten p&aring; trucken och kunna hj&auml;lpa dig att f&aring; enklare att g&ouml;ra ollies och andra trick som kr&auml;ver att br&auml;dan l&auml;mnar marken. &lt;\/div&gt;&lt;div class=glossaryTooltipMoreLinkWrapper&gt;&lt;a class=glossaryTooltipMoreLink href=https:\/\/www.boardlife.se\/en\/glossary\/hollow\/ &gt;L&auml;s mer&lt;\/a&gt;&lt;\/div&gt;\" href=\"https:\/\/www.boardlife.se\/en\/glossary\/hollow\/\" data-mobile-support=\"0\" data-gt-translate-attributes='[{\"attribute\":\"data-cmtooltip\", \"format\":\"html\"}]'>Hollow<\/a> 139 Stage 11 Silver skateboard trucks are 10% lighter than the regular Stage 11 truck and the absolute most durable hollow axle truck on the market.<\/p>\n<p>The Independent Stage 11 skateboard truck is an update of the high-performance and iconic Stage 10 design with a revised geometry to even better match today&#039;s skateboarding!<\/p>\n<p>Stage 11 trucks give you perfect turns, better stability when landing, less speed wobble and less wheel bite. And as the icing on the cake, you get better gate clearance and less hang-up.<\/p>\n<p>Size guide for Independent skateboard trucks and skateboards:<\/p>\n<table border=\"0\" width=\"200\" cellspacing=\"0\" cellpadding=\"0\">\n<tbody>\n<tr>\n<td align=\"center\">Size<\/td>\n<td align=\"center\">From<\/td>\n<td align=\"center\">To<\/td>\n<\/tr>\n<tr>\n<td align=\"center\">129<\/td>\n<td>&nbsp;&nbsp;&nbsp;&nbsp;&nbsp;&nbsp;&nbsp; 7.5\u2033<\/td>\n<td align=\"center\">7.8\u2033<\/td>\n<\/tr>\n<tr>\n<td align=\"center\">139<\/td>\n<td align=\"center\">7.8\u2033<\/td>\n<td align=\"center\">8.25\u2033<\/td>\n<\/tr>\n<tr>\n<td align=\"center\">149<\/td>\n<td align=\"center\">&nbsp;8.25\u2033<\/td>\n<td align=\"center\">8.6\u2033<\/td>\n<\/tr>\n<tr>\n<td align=\"center\">159<\/td>\n<td align=\"center\">8.6\u2033<\/td>\n<td align=\"center\">9\u2033<\/td>\n<\/tr>\n<tr>\n<td align=\"center\">215<\/td>\n<td align=\"center\">9.5\u2033<\/td>\n<td align=\"center\">10.5\u2033<\/td>\n<\/tr>\n<\/tbody>\n<\/table>\n<p>The truck and tire size above is a general guide based on the most common conditions, but everyone likes different things and therefore it is not a must but a guideline. The more you develop, the more you will want to customize your gear to your own preferences!<br>\nYou should try to match the width of your skateboard trucks as closely as possible to the width of your skateboard, preferably within 5-6mm. Trucks that are too narrow will give you an unstable board and trucks that are too wide will impair your turning ability. Generally speaking, you don&#039;t want to see your wheels if you look straight down at your board from above!<\/p>","protected":false},"excerpt":{"rendered":"<p>Independent Hollow 139 Stage 11 Silver skateboard trucks are 10% lighter than the regular Stage 11 truck and the most durable hollow axle truck on the market. The Stage 11 skateboard truck is an update to the high-performance and iconic Stage 10 design with a revised geometry to even better match today&#039;s skateboarding!<\/p>\n<p><strong>This truck fits skateboard decks that are 7.8-8.25<\/strong><\/p>\n<p>Stage 11 truckar ger dig perfekta sv\u00e4ngar, b\u00e4ttre stabilitet vid landning, mindre &#8220;speed wobble&#8221; och f\u00e4rre &#8220;wheel bite&#8221;. Och som gr\u00e4dden p\u00e5 moset f\u00e5r du en b\u00e4ttre grind clearance och f\u00e4rre &#8220;hang-up&#8221;.<\/p>","protected":false},"featured_media":36043,"comment_status":"open","ping_status":"closed","template":"","meta":[],"product_brand":[],"product_cat":[1306],"product_tag":[1366],"class_list":{"0":"post-36042","1":"product","2":"type-product","3":"status-publish","4":"has-post-thumbnail","6":"product_cat-trucks-skateboard","7":"product_tag-independent","8":"pa_manufacturer-independent-trucks","10":"first","11":"instock","12":"taxable","13":"shipping-taxable","14":"purchasable","15":"product-type-simple"},"composite_virtual":false,"composite_layout":"","composite_add_to_cart_form_location":"","composite_editable_in_cart":false,"composite_sold_individually_context":"","composite_shop_price_calc":"","composite_components":[],"composite_scenarios":[],"jetpack_sharing_enabled":true,"_links":{"self":[{"href":"https:\/\/www.boardlife.se\/en\/wp-json\/wp\/v2\/product\/36042","targetHints":{"allow":["GET"]}}],"collection":[{"href":"https:\/\/www.boardlife.se\/en\/wp-json\/wp\/v2\/product"}],"about":[{"href":"https:\/\/www.boardlife.se\/en\/wp-json\/wp\/v2\/types\/product"}],"replies":[{"embeddable":true,"href":"https:\/\/www.boardlife.se\/en\/wp-json\/wp\/v2\/comments?post=36042"}],"wp:featuredmedia":[{"embeddable":true,"href":"https:\/\/www.boardlife.se\/en\/wp-json\/wp\/v2\/media\/36043"}],"wp:attachment":[{"href":"https:\/\/www.boardlife.se\/en\/wp-json\/wp\/v2\/media?parent=36042"}],"wp:term":[{"taxonomy":"product_brand","embeddable":true,"href":"https:\/\/www.boardlife.se\/en\/wp-json\/wp\/v2\/product_brand?post=36042"},{"taxonomy":"product_cat","embeddable":true,"href":"https:\/\/www.boardlife.se\/en\/wp-json\/wp\/v2\/product_cat?post=36042"},{"taxonomy":"product_tag","embeddable":true,"href":"https:\/\/www.boardlife.se\/en\/wp-json\/wp\/v2\/product_tag?post=36042"}],"curies":[{"name":"wp","href":"https:\/\/api.w.org\/{rel}","templated":true}]}}