{"id":328,"date":"2013-04-19T11:52:06","date_gmt":"2013-04-19T09:52:06","guid":{"rendered":"http:\/\/boardlife.se\/?post_type=product&#038;p=328"},"modified":"2025-03-07T12:53:58","modified_gmt":"2025-03-07T11:53:58","slug":"orangetang-fat-free-65mm-80a","status":"publish","type":"product","link":"https:\/\/www.boardlife.se\/en\/shop\/longboard\/longboard-components\/longboard-wheels\/orangetang-fat-free-65mm-80a\/","title":{"rendered":"Orange Tong Fat Free 65mm 80a"},"content":{"rendered":"<p>Fat Free is designed to make it easier for you to slide.<br>\nThe wheels are made with round lips and a worn surface. This is so that you can ride with the feeling of having a secure grip but also to make it easier and give you longer and more controlled slides. So you don&#039;t have to be afraid to carve and go fast, the wheels slide when you want them to.<\/p>\n<p>This version is in 80a which is the grippiest of the Fat Free hardnesses but at the same time has the most control in the slide.<\/p>\n<p>The wheels have been updated since release with a new harder core that provides longer life.<\/p>\n<p>The film below is on the 86th version of Fat Frees.<\/p>\n<a href=\"#\" class=\"fw-video-link fw-video-link-text sf-button sf-icon-stroke accent\" data-video=\"https:\/\/www.youtube.com\/embed\/Nj1HZQgmkP0?autoplay=1\"><i class=\"ss-play\"><\/i><span class=\"text\">Product video<\/span><\/a>","protected":false},"excerpt":{"rendered":"<p>Fat Free \u00a0\u00e4r anpassade f\u00f6r att du l\u00e4ttare ska kunna slidea. Hjulen \u00e4r tillverkade med runda l\u00e4ppar och f\u00f6rsliten yta. Detta f\u00f6r att du ska kunna \u00e5ka med k\u00e4nslan av att ha s\u00e4kert grepp men ocks\u00e5 f\u00f6r att underl\u00e4tta och ge dig l\u00e4ngre och mer kontrollerade slides. Allts\u00e5 du beh\u00f6ver inte vara r\u00e4dd f\u00f6r att carva och \u00e5ka fort, hjulen [&hellip;]<\/p>","protected":false},"featured_media":1040,"comment_status":"open","ping_status":"closed","template":"","meta":[],"product_brand":[2588],"product_cat":[38],"product_tag":[877],"class_list":{"0":"post-328","1":"product","2":"type-product","3":"status-publish","4":"has-post-thumbnail","6":"product_brand-orangatang-wheels","7":"product_cat-wheels-longboard","8":"product_tag-orangatang-wheels","9":"pa_diameter-65mm","10":"pa_durometer-80a","11":"pa_hub-placering-offset","12":"pa_kontaktyta-37mm","13":"pa_manufacturer-orangatang-wheels","14":"pa_wheel-shape-rounded","16":"first","17":"instock","18":"taxable","19":"shipping-taxable","20":"purchasable","21":"product-type-simple"},"composite_virtual":false,"composite_layout":"","composite_add_to_cart_form_location":"","composite_editable_in_cart":false,"composite_sold_individually_context":"","composite_shop_price_calc":"","composite_components":[],"composite_scenarios":[],"jetpack_sharing_enabled":true,"_links":{"self":[{"href":"https:\/\/www.boardlife.se\/en\/wp-json\/wp\/v2\/product\/328","targetHints":{"allow":["GET"]}}],"collection":[{"href":"https:\/\/www.boardlife.se\/en\/wp-json\/wp\/v2\/product"}],"about":[{"href":"https:\/\/www.boardlife.se\/en\/wp-json\/wp\/v2\/types\/product"}],"replies":[{"embeddable":true,"href":"https:\/\/www.boardlife.se\/en\/wp-json\/wp\/v2\/comments?post=328"}],"wp:featuredmedia":[{"embeddable":true,"href":"https:\/\/www.boardlife.se\/en\/wp-json\/wp\/v2\/media\/1040"}],"wp:attachment":[{"href":"https:\/\/www.boardlife.se\/en\/wp-json\/wp\/v2\/media?parent=328"}],"wp:term":[{"taxonomy":"product_brand","embeddable":true,"href":"https:\/\/www.boardlife.se\/en\/wp-json\/wp\/v2\/product_brand?post=328"},{"taxonomy":"product_cat","embeddable":true,"href":"https:\/\/www.boardlife.se\/en\/wp-json\/wp\/v2\/product_cat?post=328"},{"taxonomy":"product_tag","embeddable":true,"href":"https:\/\/www.boardlife.se\/en\/wp-json\/wp\/v2\/product_tag?post=328"}],"curies":[{"name":"wp","href":"https:\/\/api.w.org\/{rel}","templated":true}]}}