{"id":31662,"date":"2016-09-04T11:32:55","date_gmt":"2016-09-04T09:32:55","guid":{"rendered":"http:\/\/www.boardlife.se\/produkt\/kendama-krom-kendama-krom-small-glow-glow-blue\/"},"modified":"2025-11-27T15:29:27","modified_gmt":"2025-11-27T14:29:27","slug":"kendama-chrome-kendama-chrome-small-glow-glow-blue","status":"publish","type":"product","link":"https:\/\/www.boardlife.se\/en\/shop\/stuff\/kendama\/kendama-chrome-kendama-chrome-small-glow-glow-blue\/","title":{"rendered":"Kendama Chrome Small Glow \u2013 Glow Blue"},"content":{"rendered":"<p>Kendama Chrome Small Glow \u2013 Glow Blue<\/p>\n<p>A fluorescent Kendama from KROM that glows in the dark when \u201ccharged\u201d under a lamp. The rough paint makes it more sticky and therefore easier to use for balance tricks. KROM is optimized to give all players the best experience.<\/p>\n<p>A fluorescent kendama from KROM that glows in the dark when &quot;charged&quot; under a lamp. The rough painting makes it more sticky and thereby easier to use for balance tricks. KROM is kendama.dk&#039;s own brand and is constantly optimized to give all players the best experience.<\/p>\n<p>Small - Easy to carry, great fun to jam - 16 cm<\/p>\n<p>&nbsp;<\/p>","protected":false},"excerpt":{"rendered":"<p>Kendama Krom Small Glow &#8211; Glow Blue En fluorescerande Kendama fr\u00e5n KROM som lyser i m\u00f6rkret n\u00e4r den &#8220;laddats&#8221; under en lampa. Den grova m\u00e5lning g\u00f6r det mer klibbig ooh d\u00e4rmed l\u00e4ttare att anv\u00e4nda f\u00f6r balanstricks. KROM \u00e4r optimerad f\u00f6r att ge alla spelare den b\u00e4sta upplevelsen. A fluorescent kendama from KROM that glows in the dark when &#8220;charged&#8221; under [&hellip;]<\/p>","protected":false},"featured_media":31658,"comment_status":"closed","ping_status":"closed","template":"","meta":[],"product_brand":[],"product_cat":[579],"product_tag":[1330],"class_list":{"0":"post-31662","1":"product","2":"type-product","3":"status-publish","4":"has-post-thumbnail","6":"product_cat-kendama","7":"product_tag-krom-kendama","8":"pa_manufacturer-krom-kendama","10":"first","11":"outofstock","12":"taxable","13":"shipping-taxable","14":"purchasable","15":"product-type-simple"},"composite_virtual":false,"composite_layout":"","composite_add_to_cart_form_location":"","composite_editable_in_cart":false,"composite_sold_individually_context":"","composite_shop_price_calc":"","composite_components":[],"composite_scenarios":[],"jetpack_sharing_enabled":true,"_links":{"self":[{"href":"https:\/\/www.boardlife.se\/en\/wp-json\/wp\/v2\/product\/31662","targetHints":{"allow":["GET"]}}],"collection":[{"href":"https:\/\/www.boardlife.se\/en\/wp-json\/wp\/v2\/product"}],"about":[{"href":"https:\/\/www.boardlife.se\/en\/wp-json\/wp\/v2\/types\/product"}],"replies":[{"embeddable":true,"href":"https:\/\/www.boardlife.se\/en\/wp-json\/wp\/v2\/comments?post=31662"}],"wp:featuredmedia":[{"embeddable":true,"href":"https:\/\/www.boardlife.se\/en\/wp-json\/wp\/v2\/media\/31658"}],"wp:attachment":[{"href":"https:\/\/www.boardlife.se\/en\/wp-json\/wp\/v2\/media?parent=31662"}],"wp:term":[{"taxonomy":"product_brand","embeddable":true,"href":"https:\/\/www.boardlife.se\/en\/wp-json\/wp\/v2\/product_brand?post=31662"},{"taxonomy":"product_cat","embeddable":true,"href":"https:\/\/www.boardlife.se\/en\/wp-json\/wp\/v2\/product_cat?post=31662"},{"taxonomy":"product_tag","embeddable":true,"href":"https:\/\/www.boardlife.se\/en\/wp-json\/wp\/v2\/product_tag?post=31662"}],"curies":[{"name":"wp","href":"https:\/\/api.w.org\/{rel}","templated":true}]}}