{"id":242922,"date":"2024-10-25T15:45:11","date_gmt":"2024-10-25T13:45:11","guid":{"rendered":"https:\/\/www.boardlife.se\/?post_type=product&#038;p=242922"},"modified":"2025-05-13T07:35:07","modified_gmt":"2025-05-13T05:35:07","slug":"exway-gan-quick-charger-200w","status":"publish","type":"product","link":"https:\/\/www.boardlife.se\/en\/shop\/electric-skateboard\/electric-spare-parts\/chargers\/exway-gan-quick-charger-200w\/","title":{"rendered":"Exway GaN Quick Charger 210W"},"content":{"rendered":"<p>Exway&#039;s updated version of the GaN charger. An interface that ensures higher safety and much faster charging. In addition, it is possible to combine with a split connector that even allows you to charge two boards at the same time (sold separately).<\/p>\n<p>Exway GaN Quick Charger &auml;r en avancerad och portabel laddare som utnyttjar den senaste GaN-teknologin f&ouml;r att leverera snabb och effektiv laddning till flera Exway-modeller, inklusive <a class=\"glossaryLink cmtt_Snowboard\"  aria-describedby=\"tt\"  data-cmtooltip=\"&lt;div class=glossaryItemTitle&gt;Flex&lt;\/div&gt;&lt;div class=glossaryItemBody&gt;I huvudsak menar man b&ouml;jbarheten p&aring; br&auml;dan.&lt;\/div&gt;&lt;div class=glossaryTooltipMoreLinkWrapper&gt;&lt;a class=glossaryTooltipMoreLink href=https:\/\/www.boardlife.se\/fr\/glossaire\/flechir\/ &gt;L&auml;s mer&lt;\/a&gt;&lt;\/div&gt;\"  href=\"https:\/\/www.boardlife.se\/fr\/glossaire\/flechir\/\"  data-mobile-support=\"0\"  data-gt-translate-attributes='[{\"attribute\":\"data-cmtooltip\", \"format\":\"html\"}]'>Flex<\/a>, Atlas och Ripple. Denna teknologi g&ouml;r laddaren b&aring;de kompaktare och mer energieffektiv &auml;n traditionella alternativ. Med en elegant design &auml;r den l&auml;tt att b&auml;ra med sig, perfekt f&ouml;r anv&auml;ndare som pendlar eller &auml;r p&aring; resande fot. Dess robusta konstruktion s&auml;kerst&auml;ller h&aring;llbarhet och l&aring;ng livsl&auml;ngd.<\/p>\n<p><img loading=\"lazy\" decoding=\"async\" class=\"alignleft size-full wp-image-242930\" src=\"https:\/\/www.boardlife.se\/wp-content\/uploads\/2024\/10\/exway-GaN-charger-200w-info.jpg\" alt=\"Exway GaN charger info\" width=\"800\" height=\"1041\" srcset=\"https:\/\/www.boardlife.se\/wp-content\/uploads\/2024\/10\/exway-GaN-charger-200w-info.jpg 800w, https:\/\/www.boardlife.se\/wp-content\/uploads\/2024\/10\/exway-GaN-charger-200w-info-154x200.jpg 154w, https:\/\/www.boardlife.se\/wp-content\/uploads\/2024\/10\/exway-GaN-charger-200w-info-720x937.jpg 720w, https:\/\/www.boardlife.se\/wp-content\/uploads\/2024\/10\/exway-GaN-charger-200w-info-231x300.jpg 231w, https:\/\/www.boardlife.se\/wp-content\/uploads\/2024\/10\/exway-GaN-charger-200w-info-787x1024.jpg 787w, https:\/\/www.boardlife.se\/wp-content\/uploads\/2024\/10\/exway-GaN-charger-200w-info-768x999.jpg 768w, https:\/\/www.boardlife.se\/wp-content\/uploads\/2024\/10\/exway-GaN-charger-200w-info-100x130.jpg 100w\" sizes=\"auto, (max-width: 800px) 100vw, 800px\"\/> <img loading=\"lazy\" decoding=\"async\" class=\"alignleft size-full wp-image-242929\" src=\"https:\/\/www.boardlife.se\/wp-content\/uploads\/2024\/10\/exway-GaN-charger-200w-info2.jpg\" alt=\"Exway GaN charger info\" width=\"800\" height=\"1178\" srcset=\"https:\/\/www.boardlife.se\/wp-content\/uploads\/2024\/10\/exway-GaN-charger-200w-info2.jpg 800w, https:\/\/www.boardlife.se\/wp-content\/uploads\/2024\/10\/exway-GaN-charger-200w-info2-136x200.jpg 136w, https:\/\/www.boardlife.se\/wp-content\/uploads\/2024\/10\/exway-GaN-charger-200w-info2-720x1060.jpg 720w, https:\/\/www.boardlife.se\/wp-content\/uploads\/2024\/10\/exway-GaN-charger-200w-info2-204x300.jpg 204w, https:\/\/www.boardlife.se\/wp-content\/uploads\/2024\/10\/exway-GaN-charger-200w-info2-695x1024.jpg 695w, https:\/\/www.boardlife.se\/wp-content\/uploads\/2024\/10\/exway-GaN-charger-200w-info2-768x1131.jpg 768w, https:\/\/www.boardlife.se\/wp-content\/uploads\/2024\/10\/exway-GaN-charger-200w-info2-100x147.jpg 100w\" sizes=\"auto, (max-width: 800px) 100vw, 800px\"\/> <img loading=\"lazy\" decoding=\"async\" class=\"alignleft size-full wp-image-242928\" src=\"https:\/\/www.boardlife.se\/wp-content\/uploads\/2024\/10\/exway-GaN-charger-200w-info3.jpg\" alt=\"Exway GaN charger info\" width=\"800\" height=\"869\" srcset=\"https:\/\/www.boardlife.se\/wp-content\/uploads\/2024\/10\/exway-GaN-charger-200w-info3.jpg 800w, https:\/\/www.boardlife.se\/wp-content\/uploads\/2024\/10\/exway-GaN-charger-200w-info3-184x200.jpg 184w, https:\/\/www.boardlife.se\/wp-content\/uploads\/2024\/10\/exway-GaN-charger-200w-info3-720x782.jpg 720w, https:\/\/www.boardlife.se\/wp-content\/uploads\/2024\/10\/exway-GaN-charger-200w-info3-276x300.jpg 276w, https:\/\/www.boardlife.se\/wp-content\/uploads\/2024\/10\/exway-GaN-charger-200w-info3-768x834.jpg 768w, https:\/\/www.boardlife.se\/wp-content\/uploads\/2024\/10\/exway-GaN-charger-200w-info3-100x109.jpg 100w\" sizes=\"auto, (max-width: 800px) 100vw, 800px\"\/> <img loading=\"lazy\" decoding=\"async\" class=\"alignleft size-full wp-image-242935\" src=\"https:\/\/www.boardlife.se\/wp-content\/uploads\/2024\/10\/exway-GaN-charger-200w-info4.jpg\" alt=\"Exway GaN charger info\" width=\"800\" height=\"1094\" srcset=\"https:\/\/www.boardlife.se\/wp-content\/uploads\/2024\/10\/exway-GaN-charger-200w-info4.jpg 800w, https:\/\/www.boardlife.se\/wp-content\/uploads\/2024\/10\/exway-GaN-charger-200w-info4-146x200.jpg 146w, https:\/\/www.boardlife.se\/wp-content\/uploads\/2024\/10\/exway-GaN-charger-200w-info4-720x985.jpg 720w, https:\/\/www.boardlife.se\/wp-content\/uploads\/2024\/10\/exway-GaN-charger-200w-info4-219x300.jpg 219w, https:\/\/www.boardlife.se\/wp-content\/uploads\/2024\/10\/exway-GaN-charger-200w-info4-749x1024.jpg 749w, https:\/\/www.boardlife.se\/wp-content\/uploads\/2024\/10\/exway-GaN-charger-200w-info4-768x1050.jpg 768w, https:\/\/www.boardlife.se\/wp-content\/uploads\/2024\/10\/exway-GaN-charger-200w-info4-100x137.jpg 100w\" sizes=\"auto, (max-width: 800px) 100vw, 800px\"\/><\/p>","protected":false},"excerpt":{"rendered":"<p>Exways uppdaterade version laddare av typen GaN. Ett gr\u00e4nssnitt som s\u00e4kerst\u00e4ller h\u00f6gre s\u00e4kerhet och mycket snabbare laddning. Dessutom \u00e4r det m\u00f6jligt att kombinera med en splitkontakt som rentav l\u00e5ter dig ladda tv\u00e5 br\u00e4dor samtidigt (s\u00e4ljs separat).<\/p>\n<p>V\u00e4lj vilken typ av br\u00e4da du har f\u00f6r att f\u00e5 r\u00e4tt kontakt med dig i din best\u00e4llning.<\/p>","protected":false},"featured_media":242931,"comment_status":"open","ping_status":"closed","template":"","meta":[],"product_brand":[2558],"product_cat":[2262],"product_tag":[],"class_list":{"0":"post-242922","1":"product","2":"type-product","3":"status-publish","4":"has-post-thumbnail","6":"product_brand-exway","7":"product_cat-chargers","9":"first","10":"instock","11":"taxable","12":"shipping-taxable","13":"purchasable","14":"product-type-variable","15":"has-default-attributes"},"composite_virtual":false,"composite_layout":"","composite_add_to_cart_form_location":"","composite_editable_in_cart":false,"composite_sold_individually_context":"","composite_shop_price_calc":"","composite_components":[],"composite_scenarios":[],"jetpack_sharing_enabled":true,"_links":{"self":[{"href":"https:\/\/www.boardlife.se\/en\/wp-json\/wp\/v2\/product\/242922","targetHints":{"allow":["GET"]}}],"collection":[{"href":"https:\/\/www.boardlife.se\/en\/wp-json\/wp\/v2\/product"}],"about":[{"href":"https:\/\/www.boardlife.se\/en\/wp-json\/wp\/v2\/types\/product"}],"replies":[{"embeddable":true,"href":"https:\/\/www.boardlife.se\/en\/wp-json\/wp\/v2\/comments?post=242922"}],"wp:featuredmedia":[{"embeddable":true,"href":"https:\/\/www.boardlife.se\/en\/wp-json\/wp\/v2\/media\/242931"}],"wp:attachment":[{"href":"https:\/\/www.boardlife.se\/en\/wp-json\/wp\/v2\/media?parent=242922"}],"wp:term":[{"taxonomy":"product_brand","embeddable":true,"href":"https:\/\/www.boardlife.se\/en\/wp-json\/wp\/v2\/product_brand?post=242922"},{"taxonomy":"product_cat","embeddable":true,"href":"https:\/\/www.boardlife.se\/en\/wp-json\/wp\/v2\/product_cat?post=242922"},{"taxonomy":"product_tag","embeddable":true,"href":"https:\/\/www.boardlife.se\/en\/wp-json\/wp\/v2\/product_tag?post=242922"}],"curies":[{"name":"wp","href":"https:\/\/api.w.org\/{rel}","templated":true}]}}