{"id":237397,"date":"2024-09-23T09:50:13","date_gmt":"2024-09-23T07:50:13","guid":{"rendered":"https:\/\/www.boardlife.se\/?post_type=product&#038;p=237397"},"modified":"2025-11-03T06:10:51","modified_gmt":"2025-11-03T05:10:51","slug":"loaded-ballona-moby-27-75-deck","status":"publish","type":"product","link":"https:\/\/www.boardlife.se\/en\/shop\/longboard\/deck-only-longboard\/loaded-ballona-moby-27-75-deck\/","title":{"rendered":"Loaded Ballona Moby 27.75\u2033 Deck only"},"content":{"rendered":"<p>A versatile little rascal made to take you on many adventures to come.<\/p>\n<p>&nbsp;<\/p>\n<h3>Original description<\/h3>\n<p>Agile, compact, and light, the Loaded Ballona elevates the mini cruiser experience. Meticulously sculpted curvatures result in a unique mini &quot;longboard&quot; with tuned steering and responsive handling. Perfect for urban commuting, people slalom, driveway slashing, pump tracks, and skatepark flow. Small in stature, colossal in character.<\/p>\n<p><strong>SPECS<\/strong><br>\nLength: 27.75\u2033 \/ 70.5 cm<br>\nWidth: 9\u2033 \/ 22.9 cm<br>\n<a class=\"glossaryLink cmtt_Komponenter\" aria-describedby=\"tt\" data-cmtooltip=\"&lt;div class=glossaryItemTitle&gt;Wheelbase&lt;\/div&gt;&lt;div class=glossaryItemBody&gt;Detta begrepp handlar om det avst&aring;nd du har mellan dina truckar. Ett l&auml;ngre avst&aring;nd ger mer stabilitet och lite l&aring;ngsammare sv&auml;ngar medan den korta kan bli kvickare.&lt;\/div&gt;&lt;div class=cmtt_synonyms_wrapper&gt;&lt;div class=cmtt_synonyms_title&gt;Synonymer: &lt;\/div&gt;&lt;div class=cmtt_synonyms&gt;hjulbas,  WB&lt;\/div&gt;&lt;\/div&gt;&lt;div class=glossaryTooltipMoreLinkWrapper&gt;&lt;a class=glossaryTooltipMoreLink href=https:\/\/www.boardlife.se\/en\/glossary\/wheelbase\/ &gt;L&auml;s mer&lt;\/a&gt;&lt;\/div&gt;\" href=\"https:\/\/www.boardlife.se\/en\/glossary\/wheelbase\/\" data-mobile-support=\"0\" data-gt-translate-attributes='[{\"attribute\":\"data-cmtooltip\", \"format\":\"html\"}]'>Wheelbase<\/a>: 14.75-16\u2033 \/ 37.5-40.6 cm<br>\nProfile: <a class=\"glossaryLink cmtt_Snowboard cmtt_Longboard\" aria-describedby=\"tt\" data-cmtooltip=\"&lt;div class=glossaryItemTitle&gt;Rocker&lt;\/div&gt;&lt;div class=glossaryItemBody&gt;Rocker &auml;r n&auml;r br&auml;dans l&auml;gsta punkt &auml;r mitt p&aring; och d&auml;r br&auml;dans nose och tail &auml;r b&ouml;jda upp&aring;t. T&auml;nk dig att br&auml;dan skulle vara b&ouml;jd som en banan d&auml;r sidorna g&aring;r upp. Det ger dig oftast lite mer stabilitet och du f&aring;r b&auml;ttre kontakt med underlaget. &lt;\/div&gt;&lt;div class=glossaryTooltipMoreLinkWrapper&gt;&lt;a class=glossaryTooltipMoreLink href=https:\/\/www.boardlife.se\/en\/glossary\/rocker\/ &gt;L&auml;s mer&lt;\/a&gt;&lt;\/div&gt;\" href=\"https:\/\/www.boardlife.se\/en\/glossary\/rocker\/\" data-mobile-support=\"0\" data-gt-translate-attributes='[{\"attribute\":\"data-cmtooltip\", \"format\":\"html\"}]'>rocker<\/a><br>\nWeight (deck only): 2.6 lb \/ 1.2 kg<\/p>","protected":false},"excerpt":{"rendered":"<p>Loaded Ballona Moby \u00e4r en lekfull och m\u00e5ngsidig hybrid som \u00e4r fullproppad med potential. En bredare planka p\u00e5 9&#8243; och en l\u00e4ngd p\u00e5 27.75&#8243; g\u00f6r att den l\u00e4mpar sig bra med skate-, longboard- likv\u00e4l som surfskatetruckar. Den har dessutom m\u00f6jligheterna att anpassa olika hjulbas p\u00e5. Den har en sk\u00f6n konkav och en rocker vilket g\u00f6r den stabil n\u00e4r du ska pusha. Dessutom har du en liten tail s\u00e5 att du kan ticka om du k\u00e4nner att lusten faller p\u00e5.<\/p>","protected":false},"featured_media":237398,"comment_status":"open","ping_status":"closed","template":"","meta":[],"product_brand":[2580],"product_cat":[22,1309,854,2485],"product_tag":[],"class_list":{"0":"post-237397","1":"product","2":"type-product","3":"status-publish","4":"has-post-thumbnail","6":"product_brand-loaded-boards","7":"product_cat-deck-only-longboard","8":"product_cat-cruiser","9":"product_cat-deck-only","10":"product_cat-surfskate-deck-only","11":"pa_length-27-75-705cm","12":"pa_manufacturer-loaded-boards","13":"pa_width-9-228cm","15":"first","16":"outofstock","17":"taxable","18":"shipping-taxable","19":"purchasable","20":"product-type-simple"},"composite_virtual":false,"composite_layout":"","composite_add_to_cart_form_location":"","composite_editable_in_cart":false,"composite_sold_individually_context":"","composite_shop_price_calc":"","composite_components":[],"composite_scenarios":[],"jetpack_sharing_enabled":true,"_links":{"self":[{"href":"https:\/\/www.boardlife.se\/en\/wp-json\/wp\/v2\/product\/237397","targetHints":{"allow":["GET"]}}],"collection":[{"href":"https:\/\/www.boardlife.se\/en\/wp-json\/wp\/v2\/product"}],"about":[{"href":"https:\/\/www.boardlife.se\/en\/wp-json\/wp\/v2\/types\/product"}],"replies":[{"embeddable":true,"href":"https:\/\/www.boardlife.se\/en\/wp-json\/wp\/v2\/comments?post=237397"}],"wp:featuredmedia":[{"embeddable":true,"href":"https:\/\/www.boardlife.se\/en\/wp-json\/wp\/v2\/media\/237398"}],"wp:attachment":[{"href":"https:\/\/www.boardlife.se\/en\/wp-json\/wp\/v2\/media?parent=237397"}],"wp:term":[{"taxonomy":"product_brand","embeddable":true,"href":"https:\/\/www.boardlife.se\/en\/wp-json\/wp\/v2\/product_brand?post=237397"},{"taxonomy":"product_cat","embeddable":true,"href":"https:\/\/www.boardlife.se\/en\/wp-json\/wp\/v2\/product_cat?post=237397"},{"taxonomy":"product_tag","embeddable":true,"href":"https:\/\/www.boardlife.se\/en\/wp-json\/wp\/v2\/product_tag?post=237397"}],"curies":[{"name":"wp","href":"https:\/\/api.w.org\/{rel}","templated":true}]}}