{"id":223343,"date":"2024-06-27T12:22:35","date_gmt":"2024-06-27T10:22:35","guid":{"rendered":"https:\/\/www.boardlife.se\/?post_type=product&#038;p=223343"},"modified":"2026-03-01T19:48:33","modified_gmt":"2026-03-01T18:48:33","slug":"blind-bust-reaper-white-7-625","status":"publish","type":"product","link":"https:\/\/www.boardlife.se\/en\/shop\/skateboard\/complete-skateboards\/blind-bust-reaper-white-7-625\/","title":{"rendered":"Blind Bust Out Reaper White 7.625\u2033"},"content":{"rendered":"","protected":false},"excerpt":{"rendered":"<p>En snygg och stilren komplett br\u00e4da fr\u00e5n blind. Perfekt storlek f\u00f6r junior.<\/p>\n<p>OBS! Rabatterat pris p\u00e5 grund av mindre skav.<\/p>","protected":false},"featured_media":223345,"comment_status":"open","ping_status":"closed","template":"","meta":[],"product_brand":[2534],"product_cat":[920],"product_tag":[],"class_list":{"0":"post-223343","1":"product","2":"type-product","3":"status-publish","4":"has-post-thumbnail","6":"product_brand-blind","7":"product_cat-complete-skateboards","9":"first","10":"outofstock","11":"sale","12":"taxable","13":"shipping-taxable","14":"purchasable","15":"product-type-simple"},"composite_virtual":false,"composite_layout":"","composite_add_to_cart_form_location":"","composite_editable_in_cart":false,"composite_sold_individually_context":"","composite_shop_price_calc":"","composite_components":[],"composite_scenarios":[],"jetpack_sharing_enabled":true,"_links":{"self":[{"href":"https:\/\/www.boardlife.se\/en\/wp-json\/wp\/v2\/product\/223343","targetHints":{"allow":["GET"]}}],"collection":[{"href":"https:\/\/www.boardlife.se\/en\/wp-json\/wp\/v2\/product"}],"about":[{"href":"https:\/\/www.boardlife.se\/en\/wp-json\/wp\/v2\/types\/product"}],"replies":[{"embeddable":true,"href":"https:\/\/www.boardlife.se\/en\/wp-json\/wp\/v2\/comments?post=223343"}],"wp:featuredmedia":[{"embeddable":true,"href":"https:\/\/www.boardlife.se\/en\/wp-json\/wp\/v2\/media\/223345"}],"wp:attachment":[{"href":"https:\/\/www.boardlife.se\/en\/wp-json\/wp\/v2\/media?parent=223343"}],"wp:term":[{"taxonomy":"product_brand","embeddable":true,"href":"https:\/\/www.boardlife.se\/en\/wp-json\/wp\/v2\/product_brand?post=223343"},{"taxonomy":"product_cat","embeddable":true,"href":"https:\/\/www.boardlife.se\/en\/wp-json\/wp\/v2\/product_cat?post=223343"},{"taxonomy":"product_tag","embeddable":true,"href":"https:\/\/www.boardlife.se\/en\/wp-json\/wp\/v2\/product_tag?post=223343"}],"curies":[{"name":"wp","href":"https:\/\/api.w.org\/{rel}","templated":true}]}}