{"id":202538,"date":"2024-01-16T11:04:47","date_gmt":"2024-01-16T10:04:47","guid":{"rendered":"https:\/\/www.boardlife.se\/?post_type=product&#038;p=202538"},"modified":"2026-03-25T01:17:34","modified_gmt":"2026-03-25T00:17:34","slug":"exway-street-wheels-90mm-black","status":"publish","type":"product","link":"https:\/\/www.boardlife.se\/en\/shop\/electric-skateboard\/electric-spare-parts\/wheels-tires\/exway-street-wheels-90mm-black\/","title":{"rendered":"Exway Street Wheels 90mm Black"},"content":{"rendered":"<p>For those of you who wish to combine the wheels with the right electric board, you have a list of which pulleys and belts are recommended with these wheels below:<\/p>\n<p><strong>Atlas 2WD Combo:<\/strong><\/p>\n<p>90mm Street Wheel *4<br>\n5M280-15 Belt *2<br>\nExway 12-Hole Core 36T Nylon Pulley *2<\/p>\n<p><strong>Atlas 4WD Combo:<\/strong><\/p>\n<p>90mm Street Wheel *4<br>\n5M280-15 Belt *4<br>\nExway 12-Hole Core 36T Nylon Pulley *4<\/p>\n<p><strong>Atlas Pro 2WD Combo:<\/strong><\/p>\n<p>90mm Street Wheel *4<br>\n5M300-15 Belt *2<br>\nExway 12-Hole Core 36T Nylon Pulley *2<\/p>\n<p><strong>Atlas Pro 4WD Combo:<\/strong><\/p>\n<p>90mm Street Wheel *4<br>\n5M300-15 Belt *4<br>\nExway 12-Hole Core 36T Nylon Pulley *4<\/p>\n<p>&nbsp;<\/p>\n<p><span style=\"text-decoration: underline;\"><a href=\"https:\/\/www.exwayboard.com\/blog\/wheelspulleysbelts-accessory-compatibility-guide?spm=..product_9b45ff82-0d13-4364-9cf7-52f7a541e845.image_with_text_1.1&amp;spm_prev=..collection_29f161a0-baf8-48a2-903e-812df4344f91.collection_1.35\">You can also see Exway&#039;s complete guide to the best combinations here.<\/a><\/span><\/p>","protected":false},"excerpt":{"rendered":"<p>Detta \u00e4r ett rej\u00e4lt streethjul fr\u00e5n Exway med en ordentlig kontaktyta och en sk\u00f6n formula och en durometer p\u00e5 78a. Hjulen finns ocks\u00e5 i orange utf\u00f6rande men med en aningen mjukare duro p\u00e5 76a. \u00c4ven om du inte har en elektrisk skateboard kan du absolut anv\u00e4nda dessa hjul d\u00e5 de f\u00f6ljer standard. Se bara till att du inte f\u00e5r wheelbite.<\/p>\n<p>Hjulen kommer i ett paket med 4 hjul. \u00d6nskar du att kombinera den med pulleys och b\u00e4lten s\u00e5 har du rekommenderade en lista p\u00e5 rekommenderade pulleys och b\u00e4lten under produktbeskrivningen.<\/p>","protected":false},"featured_media":202535,"comment_status":"open","ping_status":"closed","template":"","meta":[],"product_brand":[2558],"product_cat":[2265,38],"product_tag":[],"class_list":{"0":"post-202538","1":"product","2":"type-product","3":"status-publish","4":"has-post-thumbnail","6":"product_brand-exway","7":"product_cat-wheels-tires","8":"product_cat-wheels-longboard","9":"pa_diameter-90mm","10":"pa_durometer-78a","11":"pa_kontaktyta-64mm","12":"pa_manufacturer-exway","14":"first","15":"outofstock","16":"sale","17":"taxable","18":"shipping-taxable","19":"purchasable","20":"product-type-simple"},"composite_virtual":false,"composite_layout":"","composite_add_to_cart_form_location":"","composite_editable_in_cart":false,"composite_sold_individually_context":"","composite_shop_price_calc":"","composite_components":[],"composite_scenarios":[],"jetpack_sharing_enabled":true,"_links":{"self":[{"href":"https:\/\/www.boardlife.se\/en\/wp-json\/wp\/v2\/product\/202538","targetHints":{"allow":["GET"]}}],"collection":[{"href":"https:\/\/www.boardlife.se\/en\/wp-json\/wp\/v2\/product"}],"about":[{"href":"https:\/\/www.boardlife.se\/en\/wp-json\/wp\/v2\/types\/product"}],"replies":[{"embeddable":true,"href":"https:\/\/www.boardlife.se\/en\/wp-json\/wp\/v2\/comments?post=202538"}],"wp:featuredmedia":[{"embeddable":true,"href":"https:\/\/www.boardlife.se\/en\/wp-json\/wp\/v2\/media\/202535"}],"wp:attachment":[{"href":"https:\/\/www.boardlife.se\/en\/wp-json\/wp\/v2\/media?parent=202538"}],"wp:term":[{"taxonomy":"product_brand","embeddable":true,"href":"https:\/\/www.boardlife.se\/en\/wp-json\/wp\/v2\/product_brand?post=202538"},{"taxonomy":"product_cat","embeddable":true,"href":"https:\/\/www.boardlife.se\/en\/wp-json\/wp\/v2\/product_cat?post=202538"},{"taxonomy":"product_tag","embeddable":true,"href":"https:\/\/www.boardlife.se\/en\/wp-json\/wp\/v2\/product_tag?post=202538"}],"curies":[{"name":"wp","href":"https:\/\/api.w.org\/{rel}","templated":true}]}}