{"id":18269,"date":"2014-10-15T16:29:21","date_gmt":"2014-10-15T14:29:21","guid":{"rendered":"http:\/\/boardlife.se\/shop\/bushings\/riptide-aps-bushings-fatcone\/"},"modified":"2024-07-29T12:09:52","modified_gmt":"2024-07-29T10:09:52","slug":"riptide-aps-bushings-fatcone","status":"publish","type":"product","link":"https:\/\/www.boardlife.se\/en\/shop\/longboard\/longboard-components\/longboard-bushings\/riptide-aps-bushings-fatcone\/","title":{"rendered":"Riptide - APS Bushings FatCone"},"content":{"rendered":"<p>Championship Style APS\u2122 FatCone Bushings.<\/p>\n<p>Lively and responsive, the APS\u2122 Compound is lively and responsive and offers a high-performance urethane with just the right amount of rebound. Very linear in response so you can control the bushing instead of the other way around!<\/p>\n<p>.975\u2033 Dia x .60\u2033 High (24.77mm Dia x 15.24mm High).<\/p>\n<p>The package contains,<br>\n1 rubber band<br>\n1 rubber band<br>\n2 pcs Flat Washers<br>\n1 pc Stickers<\/p>","protected":false},"excerpt":{"rendered":"<p>Championship Style APS\u2122 FatCone Bushings. Lively and responsive, the APS\u2122 Compound is lively and responsive and offers a high-performance urethane with just the right amount of rebound. Very linear in response so you can control the bushing instead of the other way around! .975&#8243; Dia x .60&#8243; High (24.77mm Dia x 15.24mm High). F\u00f6rpackningen inneh\u00e5ller, 1 st \u00f6vergummi 1 st [&hellip;]<\/p>","protected":false},"featured_media":18270,"comment_status":"open","ping_status":"closed","template":"","meta":[],"product_brand":[2603],"product_cat":[85],"product_tag":[1056],"class_list":{"0":"post-18269","1":"product","2":"type-product","3":"status-publish","4":"has-post-thumbnail","6":"product_brand-riptide","7":"product_cat-bushings-longboard","8":"product_tag-riptide-sports","9":"pa_durometer-80a","10":"pa_durometer-85a","11":"pa_durometer-90a","12":"pa_durometer-95a","13":"pa_manufacturer-riptide-sports","15":"first","16":"instock","17":"taxable","18":"shipping-taxable","19":"purchasable","20":"product-type-variable","21":"has-default-attributes"},"composite_virtual":false,"composite_layout":"","composite_add_to_cart_form_location":"","composite_editable_in_cart":false,"composite_sold_individually_context":"","composite_shop_price_calc":"","composite_components":[],"composite_scenarios":[],"jetpack_sharing_enabled":true,"_links":{"self":[{"href":"https:\/\/www.boardlife.se\/en\/wp-json\/wp\/v2\/product\/18269","targetHints":{"allow":["GET"]}}],"collection":[{"href":"https:\/\/www.boardlife.se\/en\/wp-json\/wp\/v2\/product"}],"about":[{"href":"https:\/\/www.boardlife.se\/en\/wp-json\/wp\/v2\/types\/product"}],"replies":[{"embeddable":true,"href":"https:\/\/www.boardlife.se\/en\/wp-json\/wp\/v2\/comments?post=18269"}],"wp:featuredmedia":[{"embeddable":true,"href":"https:\/\/www.boardlife.se\/en\/wp-json\/wp\/v2\/media\/18270"}],"wp:attachment":[{"href":"https:\/\/www.boardlife.se\/en\/wp-json\/wp\/v2\/media?parent=18269"}],"wp:term":[{"taxonomy":"product_brand","embeddable":true,"href":"https:\/\/www.boardlife.se\/en\/wp-json\/wp\/v2\/product_brand?post=18269"},{"taxonomy":"product_cat","embeddable":true,"href":"https:\/\/www.boardlife.se\/en\/wp-json\/wp\/v2\/product_cat?post=18269"},{"taxonomy":"product_tag","embeddable":true,"href":"https:\/\/www.boardlife.se\/en\/wp-json\/wp\/v2\/product_tag?post=18269"}],"curies":[{"name":"wp","href":"https:\/\/api.w.org\/{rel}","templated":true}]}}