{"id":175033,"date":"2022-11-08T16:31:37","date_gmt":"2022-11-08T15:31:37","guid":{"rendered":"https:\/\/www.boardlife.se\/?post_type=product&#038;p=175033"},"modified":"2025-04-08T14:02:41","modified_gmt":"2025-04-08T12:02:41","slug":"exway-atlas-trist-9-5-truck","status":"publish","type":"product","link":"https:\/\/www.boardlife.se\/en\/shop\/electric-skateboard\/electric-spare-parts\/e-skate-truck\/exway-atlas-trist-9-5-truck\/","title":{"rendered":"Exway Atlas Trist 9.5 Truck"},"content":{"rendered":"<p>For those of you who need a new truck for your Atlas, you have extra trucks here. Choose whether you need the front truck or the rear truck. What we call the rear truck is the one that holds the engines. So for those of you who drive the 4WD version, you have 2 rear trucks, you could say. Note that the trucks are sold individually!<\/p>","protected":false},"excerpt":{"rendered":"<p>Den legendariska DKP trucken ifr\u00e5n Exway som passar till Atlas!<\/p>\n<p>DKP st\u00e5r f\u00f6r double kingpin och ger trucken en k\u00e4nsla i carven som \u00e4r sv\u00e5r matchad. Detta \u00e4r en h\u00f6gkvalitativ truck som \u00e4r noga utvecklad f\u00f6r att h\u00e5lla i Atlas galna styrka och fart kapacitet.\u00a0Trucken har en ingravering i sin baseplate med texten ATLAS s\u00e5 den ser redigt l\u00e4cker ut!<\/p>\n<p>&nbsp;<\/p>","protected":false},"featured_media":175034,"comment_status":"open","ping_status":"closed","template":"","meta":[],"product_brand":[2558],"product_cat":[2421],"product_tag":[],"class_list":{"0":"post-175033","1":"product","2":"type-product","3":"status-publish","4":"has-post-thumbnail","6":"product_brand-exway","7":"product_cat-e-skate-truck","8":"pa_manufacturer-exway","9":"pa_truckplacering-dropthrough","10":"pa_width-95-241cm","12":"first","13":"outofstock","14":"taxable","15":"shipping-taxable","16":"purchasable","17":"product-type-variable","18":"has-default-attributes"},"composite_virtual":false,"composite_layout":"","composite_add_to_cart_form_location":"","composite_editable_in_cart":false,"composite_sold_individually_context":"","composite_shop_price_calc":"","composite_components":[],"composite_scenarios":[],"jetpack_sharing_enabled":true,"_links":{"self":[{"href":"https:\/\/www.boardlife.se\/en\/wp-json\/wp\/v2\/product\/175033","targetHints":{"allow":["GET"]}}],"collection":[{"href":"https:\/\/www.boardlife.se\/en\/wp-json\/wp\/v2\/product"}],"about":[{"href":"https:\/\/www.boardlife.se\/en\/wp-json\/wp\/v2\/types\/product"}],"replies":[{"embeddable":true,"href":"https:\/\/www.boardlife.se\/en\/wp-json\/wp\/v2\/comments?post=175033"}],"wp:featuredmedia":[{"embeddable":true,"href":"https:\/\/www.boardlife.se\/en\/wp-json\/wp\/v2\/media\/175034"}],"wp:attachment":[{"href":"https:\/\/www.boardlife.se\/en\/wp-json\/wp\/v2\/media?parent=175033"}],"wp:term":[{"taxonomy":"product_brand","embeddable":true,"href":"https:\/\/www.boardlife.se\/en\/wp-json\/wp\/v2\/product_brand?post=175033"},{"taxonomy":"product_cat","embeddable":true,"href":"https:\/\/www.boardlife.se\/en\/wp-json\/wp\/v2\/product_cat?post=175033"},{"taxonomy":"product_tag","embeddable":true,"href":"https:\/\/www.boardlife.se\/en\/wp-json\/wp\/v2\/product_tag?post=175033"}],"curies":[{"name":"wp","href":"https:\/\/api.w.org\/{rel}","templated":true}]}}