{"id":17048,"date":"2015-10-20T13:33:22","date_gmt":"2015-10-20T11:33:22","guid":{"rendered":"http:\/\/boardlife.se\/?post_type=product&#038;p=17048"},"modified":"2024-03-20T13:42:42","modified_gmt":"2024-03-20T12:42:42","slug":"bones-bearing-cleaning-kit","status":"publish","type":"product","link":"https:\/\/www.boardlife.se\/en\/shop\/skateboard\/skateboard-components\/skateboard-bearings\/bones-bearing-cleaning-kit\/","title":{"rendered":"Bones Bearing cleaning kit"},"content":{"rendered":"<h2 style=\"color: #2f2f2f\">Bones: Bearing cleaning kit<\/h2>\n<p style=\"color: #2f2f2f\">Clean your ball bearings with this tool from Bones<\/p>\n<p style=\"color: #2f2f2f\">Just add T-Red, tighten your ball bearings as shown, shake and lubricate!<\/p>\n<p>The package contains,<br>\n\u2013 Cleaning can and instructions.<\/p>\n<p style=\"color: #2f2f2f\">NOTE: no ball bearings included<\/p>","protected":false},"excerpt":{"rendered":"<p>Bones: Bearing cleaning kit Reng\u00f6r dina kullager med detta verktyg\u00a0fr\u00e5n Bones Tills\u00e4tt endast T-R\u00f6d, sp\u00e4nn fast dina kullager enligt bilden, skaka om och sm\u00f6rj! F\u00f6rpackningen inneh\u00e5ller, &#8211; Reng\u00f6ringsburk och bruksanvisning. OBS. inga kullager ing\u00e5r<\/p>","protected":false},"featured_media":17049,"comment_status":"open","ping_status":"closed","template":"","meta":[],"product_brand":[2540],"product_cat":[1310,1307],"product_tag":[889],"class_list":{"0":"post-17048","1":"product","2":"type-product","3":"status-publish","4":"has-post-thumbnail","6":"product_brand-bones-bearings","7":"product_cat-service","8":"product_cat-bearings-skateboard","9":"product_tag-bones","10":"pa_manufacturer-bones","12":"first","13":"outofstock","14":"taxable","15":"shipping-taxable","16":"purchasable","17":"product-type-simple"},"composite_virtual":false,"composite_layout":"","composite_add_to_cart_form_location":"","composite_editable_in_cart":false,"composite_sold_individually_context":"","composite_shop_price_calc":"","composite_components":[],"composite_scenarios":[],"jetpack_sharing_enabled":true,"_links":{"self":[{"href":"https:\/\/www.boardlife.se\/en\/wp-json\/wp\/v2\/product\/17048","targetHints":{"allow":["GET"]}}],"collection":[{"href":"https:\/\/www.boardlife.se\/en\/wp-json\/wp\/v2\/product"}],"about":[{"href":"https:\/\/www.boardlife.se\/en\/wp-json\/wp\/v2\/types\/product"}],"replies":[{"embeddable":true,"href":"https:\/\/www.boardlife.se\/en\/wp-json\/wp\/v2\/comments?post=17048"}],"wp:featuredmedia":[{"embeddable":true,"href":"https:\/\/www.boardlife.se\/en\/wp-json\/wp\/v2\/media\/17049"}],"wp:attachment":[{"href":"https:\/\/www.boardlife.se\/en\/wp-json\/wp\/v2\/media?parent=17048"}],"wp:term":[{"taxonomy":"product_brand","embeddable":true,"href":"https:\/\/www.boardlife.se\/en\/wp-json\/wp\/v2\/product_brand?post=17048"},{"taxonomy":"product_cat","embeddable":true,"href":"https:\/\/www.boardlife.se\/en\/wp-json\/wp\/v2\/product_cat?post=17048"},{"taxonomy":"product_tag","embeddable":true,"href":"https:\/\/www.boardlife.se\/en\/wp-json\/wp\/v2\/product_tag?post=17048"}],"curies":[{"name":"wp","href":"https:\/\/api.w.org\/{rel}","templated":true}]}}