{"id":168070,"date":"2022-07-21T12:05:30","date_gmt":"2022-07-21T10:05:30","guid":{"rendered":"https:\/\/www.boardlife.se\/?post_type=product&#038;p=168070"},"modified":"2023-09-28T13:52:14","modified_gmt":"2023-09-28T11:52:14","slug":"triton-carver-astral-cx-29-surfskate","status":"publish","type":"product","link":"https:\/\/www.boardlife.se\/en\/shop\/surf-skate\/complete-surfskate\/triton-carver-astral-cx-29-surfskate\/","title":{"rendered":"Triton by Carver Astral CX 29\u2033 Surfskate"},"content":{"rendered":"<p>Triton by Carver is, as the name suggests, a brand of Carver Skateboards. They wanted to produce a series of boards where the price tag is not as high but where you can still guarantee the same quality and feel as in the Carver original. Triton are just as nice in our opinion and for those of you who are wondering about the quality, it is still the same original truck so we have a little difficulty in saying what makes Triton able to carry a lower price but they give you at least as good quality.<\/p>\n<p>Astral is a neater model with a fish tail and with its 29\u2033 creates an incredibly quick response when riding. Stylish design for those who don&#039;t want too many frills but a nice surf skate with original trucks on!<\/p>\n<h3>Setup &amp; Details:<\/h3>\n<ul>\n<li>Truck: Carver CX<\/li>\n<li>Wheels: 68MM Smoke Mag 89A<\/li>\n<li>Bearings: Triton Abec 7<\/li>\n<li>Grip Tape: Triton Deck Pad<\/li>\n<li>Hardware: Black Manganese<\/li>\n<li>Length: 29\u2033<\/li>\n<li>Width: 9 3\/4\u2033<\/li>\n<li><a class=\"glossaryLink cmtt_Komponenter\" aria-describedby=\"tt\" data-cmtooltip=\"&lt;div class=glossaryItemTitle&gt;Wheelbase&lt;\/div&gt;&lt;div class=glossaryItemBody&gt;Detta begrepp handlar om det avst&aring;nd du har mellan dina truckar. Ett l&auml;ngre avst&aring;nd ger mer stabilitet och lite l&aring;ngsammare sv&auml;ngar medan den korta kan bli kvickare.&lt;\/div&gt;&lt;div class=cmtt_synonyms_wrapper&gt;&lt;div class=cmtt_synonyms_title&gt;Synonymer: &lt;\/div&gt;&lt;div class=cmtt_synonyms&gt;hjulbas,  WB&lt;\/div&gt;&lt;\/div&gt;&lt;div class=glossaryTooltipMoreLinkWrapper&gt;&lt;a class=glossaryTooltipMoreLink href=https:\/\/www.boardlife.se\/en\/glossary\/wheelbase\/ &gt;L&auml;s mer&lt;\/a&gt;&lt;\/div&gt;\" href=\"https:\/\/www.boardlife.se\/en\/glossary\/wheelbase\/\" data-mobile-support=\"0\" data-gt-translate-attributes='[{\"attribute\":\"data-cmtooltip\", \"format\":\"html\"}]'>Wheelbase<\/a>: 15 1\/4\u2033<\/li>\n<li>Nose: 3 1\/2\u2033<\/li>\n<li>Tail: 6 1\/4\u2033<\/li>\n<\/ul>\n<p><iframe loading=\"lazy\" title=\"HONOLULU HUSTLE - Carver Skateboards\" width=\"500\" height=\"281\" src=\"https:\/\/www.youtube.com\/embed\/NLw0Ej5in4M?feature=oembed\" frameborder=\"0\" allow=\"accelerometer; autoplay; clipboard-write; encrypted-media; gyroscope; picture-in-picture; web-share\" referrerpolicy=\"strict-origin-when-cross-origin\" allowfullscreen><\/iframe><\/p>","protected":false},"excerpt":{"rendered":"<p>Triton by Carver \u00e4r ett varum\u00e4rke fr\u00e5n Carver med en l\u00e4gre prisbild. Du f\u00e5r fortfarande originaltruckarna p\u00e5 vilket ger dig den b\u00e4sta k\u00e4nslan oavsett. Astral \u00e4r en kvick br\u00e4da med sina 29&#8243; som ger dig otroligt snabba sv\u00e4ngar och cutbacks. Kommer med Carver CX-truckar.<\/p>\n<p>Triton \u00e4r helt klart ett v\u00e4ldigt prisv\u00e4rt alternativ f\u00f6r dig som fortfarande vill ha samma k\u00e4nsla i din Surf Skate.<\/p>","protected":false},"featured_media":168071,"comment_status":"open","ping_status":"closed","template":"","meta":[],"product_brand":[2693],"product_cat":[2484],"product_tag":[],"class_list":{"0":"post-168070","1":"product","2":"type-product","3":"status-publish","4":"has-post-thumbnail","6":"product_brand-triton","7":"product_cat-complete-surfskate","8":"pa_hjulbas-15-25-387cm","9":"pa_length-29-74cm","10":"pa_width-975-248cm","12":"first","13":"outofstock","14":"taxable","15":"shipping-taxable","16":"purchasable","17":"product-type-simple"},"composite_virtual":false,"composite_layout":"","composite_add_to_cart_form_location":"","composite_editable_in_cart":false,"composite_sold_individually_context":"","composite_shop_price_calc":"","composite_components":[],"composite_scenarios":[],"jetpack_sharing_enabled":true,"_links":{"self":[{"href":"https:\/\/www.boardlife.se\/en\/wp-json\/wp\/v2\/product\/168070","targetHints":{"allow":["GET"]}}],"collection":[{"href":"https:\/\/www.boardlife.se\/en\/wp-json\/wp\/v2\/product"}],"about":[{"href":"https:\/\/www.boardlife.se\/en\/wp-json\/wp\/v2\/types\/product"}],"replies":[{"embeddable":true,"href":"https:\/\/www.boardlife.se\/en\/wp-json\/wp\/v2\/comments?post=168070"}],"wp:featuredmedia":[{"embeddable":true,"href":"https:\/\/www.boardlife.se\/en\/wp-json\/wp\/v2\/media\/168071"}],"wp:attachment":[{"href":"https:\/\/www.boardlife.se\/en\/wp-json\/wp\/v2\/media?parent=168070"}],"wp:term":[{"taxonomy":"product_brand","embeddable":true,"href":"https:\/\/www.boardlife.se\/en\/wp-json\/wp\/v2\/product_brand?post=168070"},{"taxonomy":"product_cat","embeddable":true,"href":"https:\/\/www.boardlife.se\/en\/wp-json\/wp\/v2\/product_cat?post=168070"},{"taxonomy":"product_tag","embeddable":true,"href":"https:\/\/www.boardlife.se\/en\/wp-json\/wp\/v2\/product_tag?post=168070"}],"curies":[{"name":"wp","href":"https:\/\/api.w.org\/{rel}","templated":true}]}}