{"id":157420,"date":"2022-02-10T09:57:31","date_gmt":"2022-02-10T08:57:31","guid":{"rendered":"https:\/\/www.boardlife.se\/?post_type=product&#038;p=157420"},"modified":"2025-10-03T10:51:02","modified_gmt":"2025-10-03T08:51:02","slug":"evolve-gt-gtx-gtr-drive-gear-orange-wheels-38t","status":"publish","type":"product","link":"https:\/\/www.boardlife.se\/en\/shop\/electric-skateboard\/electric-spare-parts\/drive-gears-pulleys\/evolve-gt-gtx-gtr-drive-gear-orange-wheels-38t\/","title":{"rendered":"Evolve GT\/GTX\/GTR Drive Gear Orangatang Wheels (38T)"},"content":{"rendered":"<p>Drive Gear that fits GT\/GTX\/GTR\/Hadean. High quality plastic and quieter than, for example, aluminum. These drive gears are adapted for Orangatang Wheels. 38T gives a more distributed load and is better if you run larger wheels so that the belts last better. The 38-tooth gear gives you better torque and acceleration. It is recommended to use this if you intend to run on wheels up to 107mm or for you they have more weight under the vest.<\/p>\n<p>Note that if you are running 38T you will also need larger straps in the GT-004 model to fit the board.<\/p>\n<p>Sold individually.<\/p>\n<p><strong>Original description:<\/strong><\/p>\n<p>Trade off some top speed, and increase the acceleration of your GT board with this gear. Offering around 20% more torque, this will allow you to run bigger wheels, climb steeper inclines and increase the braking power available. Please be aware, this gear has a significant increase to the acceleration on our boards. Please use carefully as the higher speed modes can allow the board to accelerate much faster, and increase the risk of an unexpected fall. This drive gear is larger than the 32T drive gear that comes equipped on complete skateboards. Therefore, it will increase the acceleration and the board&#039;s climbing ability while reducing the top speed.<\/p>\n<p>It is made of the special plastic POM, which has been developed especially for driving gears. This high-quality material makes this driving gear much lighter and quieter than aluminum gears. In fact, this driving gear is very durable and robust.<\/p>","protected":false},"excerpt":{"rendered":"<p>38-taggat drive gear f\u00f6r dig som vill anv\u00e4nda Orangatanghjul p\u00e5 br\u00e4dan. Det som skiljer denna mot standardkuggen \u00e4r att h\u00e4r f\u00e5r du 38 taggar ist\u00e4llet f\u00f6r 32. Ska du k\u00f6ra med st\u00f6rre hjul \u00e4r det rekommenderat att ha denna version. Du kapar en aning p\u00e5 topphastigheten men f\u00e5r ist\u00e4llet 20% b\u00e4ttre vridmoment. Men ocks\u00e5 f\u00f6r dig som har lite mer vikt kan 38T vara ett bra alternativ. T\u00e4nk p\u00e5 att du ocks\u00e5 beh\u00f6ver en tillh\u00f6rande rem GT-004 f\u00f6r att det ska passa den st\u00f6rre kuggen. Detta drive gear \u00e4r f\u00f6r Evolves GT\/GTX\/GTR\/Hadean.<\/p>\n<p>S\u00e4ljes styckvis<\/p>","protected":false},"featured_media":112458,"comment_status":"open","ping_status":"closed","template":"","meta":[],"product_brand":[],"product_cat":[2267],"product_tag":[],"class_list":{"0":"post-157420","1":"product","2":"type-product","3":"status-publish","4":"has-post-thumbnail","6":"product_cat-drive-gears-pulleys","7":"pa_manufacturer-evolve","9":"first","10":"instock","11":"taxable","12":"shipping-taxable","13":"purchasable","14":"product-type-simple"},"composite_virtual":false,"composite_layout":"","composite_add_to_cart_form_location":"","composite_editable_in_cart":false,"composite_sold_individually_context":"","composite_shop_price_calc":"","composite_components":[],"composite_scenarios":[],"jetpack_sharing_enabled":true,"_links":{"self":[{"href":"https:\/\/www.boardlife.se\/en\/wp-json\/wp\/v2\/product\/157420","targetHints":{"allow":["GET"]}}],"collection":[{"href":"https:\/\/www.boardlife.se\/en\/wp-json\/wp\/v2\/product"}],"about":[{"href":"https:\/\/www.boardlife.se\/en\/wp-json\/wp\/v2\/types\/product"}],"replies":[{"embeddable":true,"href":"https:\/\/www.boardlife.se\/en\/wp-json\/wp\/v2\/comments?post=157420"}],"wp:featuredmedia":[{"embeddable":true,"href":"https:\/\/www.boardlife.se\/en\/wp-json\/wp\/v2\/media\/112458"}],"wp:attachment":[{"href":"https:\/\/www.boardlife.se\/en\/wp-json\/wp\/v2\/media?parent=157420"}],"wp:term":[{"taxonomy":"product_brand","embeddable":true,"href":"https:\/\/www.boardlife.se\/en\/wp-json\/wp\/v2\/product_brand?post=157420"},{"taxonomy":"product_cat","embeddable":true,"href":"https:\/\/www.boardlife.se\/en\/wp-json\/wp\/v2\/product_cat?post=157420"},{"taxonomy":"product_tag","embeddable":true,"href":"https:\/\/www.boardlife.se\/en\/wp-json\/wp\/v2\/product_tag?post=157420"}],"curies":[{"name":"wp","href":"https:\/\/api.w.org\/{rel}","templated":true}]}}