{"id":153498,"date":"2021-12-10T11:28:49","date_gmt":"2021-12-10T10:28:49","guid":{"rendered":"https:\/\/www.boardlife.se\/?post_type=product&#038;p=153498"},"modified":"2025-12-06T17:13:40","modified_gmt":"2025-12-06T16:13:40","slug":"primitive-dirty-p-vase-8-25","status":"publish","type":"product","link":"https:\/\/www.boardlife.se\/en\/shop\/skateboard\/deck-only\/primitive-dirty-p-vase-8-25\/","title":{"rendered":"Primitive Dirty P Vase 8.25\u2033"},"content":{"rendered":"<p>7-ply maple construction.<br>\nWidth: 8.25\u2033.<\/p>\n<p>Primitive are boards of great quality and feel. They have a whole line of team riders and if you have half an hour to spare check out their video a little further down.<\/p>\n<p><iframe loading=\"lazy\" title='Primitive Skate &quot;Never&quot; video' width=\"500\" height=\"281\" src=\"https:\/\/www.youtube.com\/embed\/DO0bxZydsIs?feature=oembed\" frameborder=\"0\" allow=\"accelerometer; autoplay; clipboard-write; encrypted-media; gyroscope; picture-in-picture; web-share\" referrerpolicy=\"strict-origin-when-cross-origin\" allowfullscreen><\/iframe><\/p>\n<p>&nbsp;<\/p>","protected":false},"excerpt":{"rendered":"<p>Primitive Vase \u00e4r en 8.25&#8243; med elegant look. Vare sig du vill pryda v\u00e4ggen i en elegant salong eller \u00e5ka skiten ur den ger denna br\u00e4da dig en otroligt l\u00e4cker stil.<\/p>","protected":false},"featured_media":153497,"comment_status":"open","ping_status":"closed","template":"","meta":[],"product_brand":[2596],"product_cat":[854],"product_tag":[2060],"class_list":{"0":"post-153498","1":"product","2":"type-product","3":"status-publish","4":"has-post-thumbnail","6":"product_brand-primitive","7":"product_cat-deck-only","8":"product_tag-primitive","9":"pa_manufacturer-primitive","10":"pa_width-825-21cm","12":"first","13":"instock","14":"sale","15":"taxable","16":"shipping-taxable","17":"purchasable","18":"product-type-simple"},"composite_virtual":false,"composite_layout":"","composite_add_to_cart_form_location":"","composite_editable_in_cart":false,"composite_sold_individually_context":"","composite_shop_price_calc":"","composite_components":[],"composite_scenarios":[],"jetpack_sharing_enabled":true,"_links":{"self":[{"href":"https:\/\/www.boardlife.se\/en\/wp-json\/wp\/v2\/product\/153498","targetHints":{"allow":["GET"]}}],"collection":[{"href":"https:\/\/www.boardlife.se\/en\/wp-json\/wp\/v2\/product"}],"about":[{"href":"https:\/\/www.boardlife.se\/en\/wp-json\/wp\/v2\/types\/product"}],"replies":[{"embeddable":true,"href":"https:\/\/www.boardlife.se\/en\/wp-json\/wp\/v2\/comments?post=153498"}],"wp:featuredmedia":[{"embeddable":true,"href":"https:\/\/www.boardlife.se\/en\/wp-json\/wp\/v2\/media\/153497"}],"wp:attachment":[{"href":"https:\/\/www.boardlife.se\/en\/wp-json\/wp\/v2\/media?parent=153498"}],"wp:term":[{"taxonomy":"product_brand","embeddable":true,"href":"https:\/\/www.boardlife.se\/en\/wp-json\/wp\/v2\/product_brand?post=153498"},{"taxonomy":"product_cat","embeddable":true,"href":"https:\/\/www.boardlife.se\/en\/wp-json\/wp\/v2\/product_cat?post=153498"},{"taxonomy":"product_tag","embeddable":true,"href":"https:\/\/www.boardlife.se\/en\/wp-json\/wp\/v2\/product_tag?post=153498"}],"curies":[{"name":"wp","href":"https:\/\/api.w.org\/{rel}","templated":true}]}}