{"id":1479,"date":"2013-05-09T11:44:57","date_gmt":"2013-05-09T09:44:57","guid":{"rendered":"http:\/\/boardlife.se\/produkt\/paris-riser-14-pad\/"},"modified":"2021-06-21T09:17:28","modified_gmt":"2021-06-21T07:17:28","slug":"paris-riser-14-pad","status":"publish","type":"product","link":"https:\/\/www.boardlife.se\/en\/shop\/hardware\/riser-pads\/paris-riser-14-pad\/","title":{"rendered":"Paris Riser Pads 1\/4\u2033"},"content":{"rendered":"<p>Ge br&auml;dan det &ldquo;lyft&rdquo; du beh&ouml;ver mellan truckar och deck. Detta f&ouml;r att undvika att du f&aring;r wheelbite. S&auml;ljs i par.<\/p>","protected":false},"excerpt":{"rendered":"<p>Ge br\u00e4dan det &#8220;lyft&#8221; du beh\u00f6ver mellan truckar och deck. Detta f\u00f6r att undvika att du f\u00e5r wheelbite. S\u00e4ljs i par.<\/p>","protected":false},"featured_media":1478,"comment_status":"open","ping_status":"closed","template":"","meta":[],"product_brand":[2590],"product_cat":[173],"product_tag":[893],"class_list":{"0":"post-1479","1":"product","2":"type-product","3":"status-publish","4":"has-post-thumbnail","6":"product_brand-paris-truck-co","7":"product_cat-risers-pads","8":"product_tag-paris-truck-co","9":"pa_manufacturer-paris-truck-co","11":"first","12":"instock","13":"taxable","14":"shipping-taxable","15":"purchasable","16":"product-type-simple"},"composite_virtual":false,"composite_layout":"","composite_add_to_cart_form_location":"","composite_editable_in_cart":false,"composite_sold_individually_context":"","composite_shop_price_calc":"","composite_components":[],"composite_scenarios":[],"jetpack_sharing_enabled":true,"_links":{"self":[{"href":"https:\/\/www.boardlife.se\/en\/wp-json\/wp\/v2\/product\/1479","targetHints":{"allow":["GET"]}}],"collection":[{"href":"https:\/\/www.boardlife.se\/en\/wp-json\/wp\/v2\/product"}],"about":[{"href":"https:\/\/www.boardlife.se\/en\/wp-json\/wp\/v2\/types\/product"}],"replies":[{"embeddable":true,"href":"https:\/\/www.boardlife.se\/en\/wp-json\/wp\/v2\/comments?post=1479"}],"wp:featuredmedia":[{"embeddable":true,"href":"https:\/\/www.boardlife.se\/en\/wp-json\/wp\/v2\/media\/1478"}],"wp:attachment":[{"href":"https:\/\/www.boardlife.se\/en\/wp-json\/wp\/v2\/media?parent=1479"}],"wp:term":[{"taxonomy":"product_brand","embeddable":true,"href":"https:\/\/www.boardlife.se\/en\/wp-json\/wp\/v2\/product_brand?post=1479"},{"taxonomy":"product_cat","embeddable":true,"href":"https:\/\/www.boardlife.se\/en\/wp-json\/wp\/v2\/product_cat?post=1479"},{"taxonomy":"product_tag","embeddable":true,"href":"https:\/\/www.boardlife.se\/en\/wp-json\/wp\/v2\/product_tag?post=1479"}],"curies":[{"name":"wp","href":"https:\/\/api.w.org\/{rel}","templated":true}]}}