{"id":147085,"date":"2021-08-31T09:43:05","date_gmt":"2021-08-31T07:43:05","guid":{"rendered":"https:\/\/www.boardlife.se\/?post_type=product&#038;p=147085"},"modified":"2022-05-14T17:44:44","modified_gmt":"2022-05-14T15:44:44","slug":"prism-ben-jundanian-series-skipper-27","status":"publish","type":"product","link":"https:\/\/www.boardlife.se\/en\/shop\/longboard\/complete-longboards\/prism-ben-jundanian-series-skipper-27\/","title":{"rendered":"Prism Ben Jundanian Series Skipper 27\u2033"},"content":{"rendered":"<p class=\"prod_desc\">Skipper from Prism is a hybrid skate that is more flexible in format but has the feel of a regular skate. The model has been around for a few years now but now it comes in a new graphic series named Ben Jundanian after its designer. Perfect for those who want a really comfortable and flexible cruiser. Through the city or along the promenade.<\/p>\n<h3>Original Description<\/h3>\n<p class=\"prod_desc\">L: 27\u2033 W: 7.75\u2033 <a class=\"glossaryLink cmtt_Komponenter\"  aria-describedby=\"tt\"  data-cmtooltip=\"&lt;div class=glossaryItemTitle&gt;Wheelbase&lt;\/div&gt;&lt;div class=glossaryItemBody&gt;Detta begrepp handlar om det avst&aring;nd du har mellan dina truckar. Ett l&auml;ngre avst&aring;nd ger mer stabilitet och lite l&aring;ngsammare sv&auml;ngar medan den korta kan bli kvickare.&lt;\/div&gt;&lt;div class=cmtt_synonyms_wrapper&gt;&lt;div class=cmtt_synonyms_title&gt;Synonymer: &lt;\/div&gt;&lt;div class=cmtt_synonyms&gt;hjulbas,  WB&lt;\/div&gt;&lt;\/div&gt;&lt;div class=glossaryTooltipMoreLinkWrapper&gt;&lt;a class=glossaryTooltipMoreLink href=https:\/\/www.boardlife.se\/en\/glossary\/wheelbase\/ &gt;L&auml;s mer&lt;\/a&gt;&lt;\/div&gt;\"  href=\"https:\/\/www.boardlife.se\/en\/glossary\/wheelbase\/\"  data-mobile-support=\"0\"  data-gt-translate-attributes='[{\"attribute\":\"data-cmtooltip\", \"format\":\"html\"}]'>WB<\/a>: 14.75\u2033<\/p>\n<p class=\"prod_desc\">Components:<\/p>\n<ul>\n<li>Caliber Standard 8\u2033 Blackout Trucks<\/li>\n<li>60mm\/78A Prism Wheels<\/li>\n<li>Blood Orange Bearings<\/li>\n<li>Flypaper Griptape<\/li>\n<\/ul>\n<p class=\"prod_desc dim\">Artwork by Ben Jundanian<\/p>\n<p class=\"prod_desc dim\">From the artist: &quot;My work is hugely inspired by the time I spent working as a bike messenger in Boston while attending Massachusetts College of Art and Design, where I received a Bachelor of Arts in Printmaking in 2011. The highly detailed drawings and maps I have been dreaming up for the past ten+ years reflect my fascination with the nuances that make these places real: littered back alleys, run-down storefronts, rooftops covered with air conditioners and antennas. By concentrating these details in my illustrations, I&#039;m inviting viewers to take a closer look at the things they may otherwise pass by on their walk around the block or commute to work.\u201d<\/p>","protected":false},"excerpt":{"rendered":"<p>Prism Ben Jundanian bjuder p\u00e5 en ren design. Skipper \u00e4r en form som funnits med ett tag men som har en uppdaterad grafik. Skipper \u00e4r den smidiga hybridskaten som l\u00e5ter dig cruisa fram med mer komfort \u00e4ven om br\u00e4dan \u00f6ppnar m\u00f6jliheterna f\u00f6r en del skate trick p\u00e5 v\u00e4gen till m\u00e5let. 27&#8243; \u00e4r ett smidigt format som f\u00f6r att du f\u00e5r en kvick respons i sv\u00e4ngen samtidigt som br\u00e4dan \u00e4r enkel att b\u00e4ra med om du inte rullar \u00f6verallt.<\/p>","protected":false},"featured_media":147088,"comment_status":"open","ping_status":"closed","template":"","meta":[],"product_brand":[2597],"product_cat":[21,1309,920],"product_tag":[2459,1650],"class_list":{"0":"post-147085","1":"product","2":"type-product","3":"status-publish","4":"has-post-thumbnail","6":"product_brand-prism-skate-co","7":"product_cat-complete-longboards","8":"product_cat-cruiser","9":"product_cat-complete-skateboards","10":"product_tag-ben-jundanian","11":"product_tag-prism","12":"pa_hjulbas-14-75-375-cm","13":"pa_length-27-686cm","14":"pa_manufacturer-prism-skate-co","15":"pa_truckplacering-topmount","16":"pa_width-775-197cm","18":"first","19":"instock","20":"taxable","21":"shipping-taxable","22":"purchasable","23":"product-type-simple"},"composite_virtual":false,"composite_layout":"","composite_add_to_cart_form_location":"","composite_editable_in_cart":false,"composite_sold_individually_context":"","composite_shop_price_calc":"","composite_components":[],"composite_scenarios":[],"jetpack_sharing_enabled":true,"_links":{"self":[{"href":"https:\/\/www.boardlife.se\/en\/wp-json\/wp\/v2\/product\/147085","targetHints":{"allow":["GET"]}}],"collection":[{"href":"https:\/\/www.boardlife.se\/en\/wp-json\/wp\/v2\/product"}],"about":[{"href":"https:\/\/www.boardlife.se\/en\/wp-json\/wp\/v2\/types\/product"}],"replies":[{"embeddable":true,"href":"https:\/\/www.boardlife.se\/en\/wp-json\/wp\/v2\/comments?post=147085"}],"wp:featuredmedia":[{"embeddable":true,"href":"https:\/\/www.boardlife.se\/en\/wp-json\/wp\/v2\/media\/147088"}],"wp:attachment":[{"href":"https:\/\/www.boardlife.se\/en\/wp-json\/wp\/v2\/media?parent=147085"}],"wp:term":[{"taxonomy":"product_brand","embeddable":true,"href":"https:\/\/www.boardlife.se\/en\/wp-json\/wp\/v2\/product_brand?post=147085"},{"taxonomy":"product_cat","embeddable":true,"href":"https:\/\/www.boardlife.se\/en\/wp-json\/wp\/v2\/product_cat?post=147085"},{"taxonomy":"product_tag","embeddable":true,"href":"https:\/\/www.boardlife.se\/en\/wp-json\/wp\/v2\/product_tag?post=147085"}],"curies":[{"name":"wp","href":"https:\/\/api.w.org\/{rel}","templated":true}]}}