{"id":145272,"date":"2021-08-03T10:41:41","date_gmt":"2021-08-03T08:41:41","guid":{"rendered":"https:\/\/www.boardlife.se\/?post_type=product&#038;p=145272"},"modified":"2025-09-15T02:42:28","modified_gmt":"2025-09-15T00:42:28","slug":"cloudwheel-donut-105mm-hub-motor-sleeve-exway-black","status":"publish","type":"product","link":"https:\/\/www.boardlife.se\/en\/shop\/electric-skateboard\/electric-spare-parts\/wheels-tires\/cloudwheel-donut-105mm-hub-motor-sleeve-exway-black\/","title":{"rendered":"Cloudwheel Donut 105mm Hub Motor Sleeve for Exway Black"},"content":{"rendered":"<p>Finally here they are, Cloudwheels wheel kit that finally suits you who have hub motors. One of the disadvantages of hub versions is that you are usually limited to using the wheels that come with the board from the start. But Cloudwheels has now finally solved that problem by offering a wheel kit where you get two regular front wheels and two unique sleeves to fit the motors at the back. This way you can easily transform your Exway hub into a more off-road machine. These wheels have a diameter of 105mm compared to the original wheels of 85mm. This means that you can more easily ride over bumps and other things in the ground without it affecting you as much. As you know, Cloudwheels also has patterned wheels that also increase your grip on the surface when this is more uneven.<\/p>\n<p>This kit is adapted for Exway<\/p>\n<p>https:\/\/youtu.be\/67pq9TuL-bw<\/p>\n<p>&nbsp;<\/p>\n<p><img loading=\"lazy\" decoding=\"async\" class=\"alignnone size-full wp-image-145279\" src=\"https:\/\/www.boardlife.se\/wp-content\/uploads\/2021\/08\/cloud-wheel-specs3.jpg\" alt=\"Cloudwheel specs\" width=\"1365\" height=\"490\" srcset=\"https:\/\/www.boardlife.se\/wp-content\/uploads\/2021\/08\/cloud-wheel-specs3.jpg 1365w, https:\/\/www.boardlife.se\/wp-content\/uploads\/2021\/08\/cloud-wheel-specs3-200x72.jpg 200w, https:\/\/www.boardlife.se\/wp-content\/uploads\/2021\/08\/cloud-wheel-specs3-720x258.jpg 720w, https:\/\/www.boardlife.se\/wp-content\/uploads\/2021\/08\/cloud-wheel-specs3-300x108.jpg 300w, https:\/\/www.boardlife.se\/wp-content\/uploads\/2021\/08\/cloud-wheel-specs3-1024x368.jpg 1024w, https:\/\/www.boardlife.se\/wp-content\/uploads\/2021\/08\/cloud-wheel-specs3-768x276.jpg 768w, https:\/\/www.boardlife.se\/wp-content\/uploads\/2021\/08\/cloud-wheel-specs3-1280x459.jpg 1280w, https:\/\/www.boardlife.se\/wp-content\/uploads\/2021\/08\/cloud-wheel-specs3-1000x359.jpg 1000w\" sizes=\"auto, (max-width: 1365px) 100vw, 1365px\"\/><img loading=\"lazy\" decoding=\"async\" class=\"alignnone size-full wp-image-145277\" src=\"https:\/\/www.boardlife.se\/wp-content\/uploads\/2021\/08\/cloud-wheel-specs1.jpg\" alt=\"Cloudwheel specs\" width=\"1365\" height=\"557\" srcset=\"https:\/\/www.boardlife.se\/wp-content\/uploads\/2021\/08\/cloud-wheel-specs1.jpg 1365w, https:\/\/www.boardlife.se\/wp-content\/uploads\/2021\/08\/cloud-wheel-specs1-200x82.jpg 200w, https:\/\/www.boardlife.se\/wp-content\/uploads\/2021\/08\/cloud-wheel-specs1-720x294.jpg 720w, https:\/\/www.boardlife.se\/wp-content\/uploads\/2021\/08\/cloud-wheel-specs1-300x122.jpg 300w, https:\/\/www.boardlife.se\/wp-content\/uploads\/2021\/08\/cloud-wheel-specs1-1024x418.jpg 1024w, https:\/\/www.boardlife.se\/wp-content\/uploads\/2021\/08\/cloud-wheel-specs1-768x313.jpg 768w, https:\/\/www.boardlife.se\/wp-content\/uploads\/2021\/08\/cloud-wheel-specs1-1280x522.jpg 1280w, https:\/\/www.boardlife.se\/wp-content\/uploads\/2021\/08\/cloud-wheel-specs1-1000x408.jpg 1000w\" sizes=\"auto, (max-width: 1365px) 100vw, 1365px\"\/> <img loading=\"lazy\" decoding=\"async\" class=\"alignnone size-full wp-image-145278\" src=\"https:\/\/www.boardlife.se\/wp-content\/uploads\/2021\/08\/cloud-wheel-specs2.jpg\" alt=\"Cloudwheel specs\" width=\"1365\" height=\"506\" srcset=\"https:\/\/www.boardlife.se\/wp-content\/uploads\/2021\/08\/cloud-wheel-specs2.jpg 1365w, https:\/\/www.boardlife.se\/wp-content\/uploads\/2021\/08\/cloud-wheel-specs2-200x74.jpg 200w, https:\/\/www.boardlife.se\/wp-content\/uploads\/2021\/08\/cloud-wheel-specs2-720x267.jpg 720w, https:\/\/www.boardlife.se\/wp-content\/uploads\/2021\/08\/cloud-wheel-specs2-300x111.jpg 300w, https:\/\/www.boardlife.se\/wp-content\/uploads\/2021\/08\/cloud-wheel-specs2-1024x380.jpg 1024w, https:\/\/www.boardlife.se\/wp-content\/uploads\/2021\/08\/cloud-wheel-specs2-768x285.jpg 768w, https:\/\/www.boardlife.se\/wp-content\/uploads\/2021\/08\/cloud-wheel-specs2-1280x474.jpg 1280w, https:\/\/www.boardlife.se\/wp-content\/uploads\/2021\/08\/cloud-wheel-specs2-1000x371.jpg 1000w\" sizes=\"auto, (max-width: 1365px) 100vw, 1365px\"\/><img loading=\"lazy\" decoding=\"async\" class=\"alignnone size-full wp-image-145280\" src=\"https:\/\/www.boardlife.se\/wp-content\/uploads\/2021\/08\/cloud-wheel-specs4.jpg\" alt=\"Cloudwheel specs\" width=\"1365\" height=\"466\" srcset=\"https:\/\/www.boardlife.se\/wp-content\/uploads\/2021\/08\/cloud-wheel-specs4.jpg 1365w, https:\/\/www.boardlife.se\/wp-content\/uploads\/2021\/08\/cloud-wheel-specs4-200x68.jpg 200w, https:\/\/www.boardlife.se\/wp-content\/uploads\/2021\/08\/cloud-wheel-specs4-720x246.jpg 720w, https:\/\/www.boardlife.se\/wp-content\/uploads\/2021\/08\/cloud-wheel-specs4-300x102.jpg 300w, https:\/\/www.boardlife.se\/wp-content\/uploads\/2021\/08\/cloud-wheel-specs4-1024x350.jpg 1024w, https:\/\/www.boardlife.se\/wp-content\/uploads\/2021\/08\/cloud-wheel-specs4-768x262.jpg 768w, https:\/\/www.boardlife.se\/wp-content\/uploads\/2021\/08\/cloud-wheel-specs4-1280x437.jpg 1280w, https:\/\/www.boardlife.se\/wp-content\/uploads\/2021\/08\/cloud-wheel-specs4-1000x341.jpg 1000w\" sizes=\"auto, (max-width: 1365px) 100vw, 1365px\"\/><img loading=\"lazy\" decoding=\"async\" class=\"alignnone size-full wp-image-145279\" src=\"https:\/\/www.boardlife.se\/wp-content\/uploads\/2021\/08\/cloud-wheel-specs3.jpg\" alt=\"Cloudwheel specs\" width=\"1365\" height=\"490\" srcset=\"https:\/\/www.boardlife.se\/wp-content\/uploads\/2021\/08\/cloud-wheel-specs3.jpg 1365w, https:\/\/www.boardlife.se\/wp-content\/uploads\/2021\/08\/cloud-wheel-specs3-200x72.jpg 200w, https:\/\/www.boardlife.se\/wp-content\/uploads\/2021\/08\/cloud-wheel-specs3-720x258.jpg 720w, https:\/\/www.boardlife.se\/wp-content\/uploads\/2021\/08\/cloud-wheel-specs3-300x108.jpg 300w, https:\/\/www.boardlife.se\/wp-content\/uploads\/2021\/08\/cloud-wheel-specs3-1024x368.jpg 1024w, https:\/\/www.boardlife.se\/wp-content\/uploads\/2021\/08\/cloud-wheel-specs3-768x276.jpg 768w, https:\/\/www.boardlife.se\/wp-content\/uploads\/2021\/08\/cloud-wheel-specs3-1280x459.jpg 1280w, https:\/\/www.boardlife.se\/wp-content\/uploads\/2021\/08\/cloud-wheel-specs3-1000x359.jpg 1000w\" sizes=\"auto, (max-width: 1365px) 100vw, 1365px\"\/><img loading=\"lazy\" decoding=\"async\" class=\"alignnone size-full wp-image-145281\" src=\"https:\/\/www.boardlife.se\/wp-content\/uploads\/2021\/08\/cloud-wheel-specs5.jpg\" alt=\"Cloudwheel specs\" width=\"1365\" height=\"444\" srcset=\"https:\/\/www.boardlife.se\/wp-content\/uploads\/2021\/08\/cloud-wheel-specs5.jpg 1365w, https:\/\/www.boardlife.se\/wp-content\/uploads\/2021\/08\/cloud-wheel-specs5-200x65.jpg 200w, https:\/\/www.boardlife.se\/wp-content\/uploads\/2021\/08\/cloud-wheel-specs5-720x234.jpg 720w, https:\/\/www.boardlife.se\/wp-content\/uploads\/2021\/08\/cloud-wheel-specs5-300x98.jpg 300w, https:\/\/www.boardlife.se\/wp-content\/uploads\/2021\/08\/cloud-wheel-specs5-1024x333.jpg 1024w, https:\/\/www.boardlife.se\/wp-content\/uploads\/2021\/08\/cloud-wheel-specs5-768x250.jpg 768w, https:\/\/www.boardlife.se\/wp-content\/uploads\/2021\/08\/cloud-wheel-specs5-1280x416.jpg 1280w, https:\/\/www.boardlife.se\/wp-content\/uploads\/2021\/08\/cloud-wheel-specs5-1000x325.jpg 1000w\" sizes=\"auto, (max-width: 1365px) 100vw, 1365px\"\/><img loading=\"lazy\" decoding=\"async\" class=\"alignnone size-full wp-image-145276\" src=\"https:\/\/www.boardlife.se\/wp-content\/uploads\/2021\/08\/cloud-wheel-specs-blueprint2.jpg\" alt=\"Cloudwheel specs\" width=\"1000\" height=\"1274\" srcset=\"https:\/\/www.boardlife.se\/wp-content\/uploads\/2021\/08\/cloud-wheel-specs-blueprint2.jpg 1000w, https:\/\/www.boardlife.se\/wp-content\/uploads\/2021\/08\/cloud-wheel-specs-blueprint2-157x200.jpg 157w, https:\/\/www.boardlife.se\/wp-content\/uploads\/2021\/08\/cloud-wheel-specs-blueprint2-720x917.jpg 720w, https:\/\/www.boardlife.se\/wp-content\/uploads\/2021\/08\/cloud-wheel-specs-blueprint2-235x300.jpg 235w, https:\/\/www.boardlife.se\/wp-content\/uploads\/2021\/08\/cloud-wheel-specs-blueprint2-804x1024.jpg 804w, https:\/\/www.boardlife.se\/wp-content\/uploads\/2021\/08\/cloud-wheel-specs-blueprint2-768x978.jpg 768w\" sizes=\"auto, (max-width: 1000px) 100vw, 1000px\"\/><img loading=\"lazy\" decoding=\"async\" class=\"alignnone size-full wp-image-145275\" src=\"https:\/\/www.boardlife.se\/wp-content\/uploads\/2021\/08\/cloud-wheel-specs-blueprint.jpg\" alt=\"Cloudwheel specs\" width=\"1000\" height=\"1230\" srcset=\"https:\/\/www.boardlife.se\/wp-content\/uploads\/2021\/08\/cloud-wheel-specs-blueprint.jpg 1000w, https:\/\/www.boardlife.se\/wp-content\/uploads\/2021\/08\/cloud-wheel-specs-blueprint-163x200.jpg 163w, https:\/\/www.boardlife.se\/wp-content\/uploads\/2021\/08\/cloud-wheel-specs-blueprint-720x886.jpg 720w, https:\/\/www.boardlife.se\/wp-content\/uploads\/2021\/08\/cloud-wheel-specs-blueprint-244x300.jpg 244w, https:\/\/www.boardlife.se\/wp-content\/uploads\/2021\/08\/cloud-wheel-specs-blueprint-833x1024.jpg 833w, https:\/\/www.boardlife.se\/wp-content\/uploads\/2021\/08\/cloud-wheel-specs-blueprint-768x945.jpg 768w\" sizes=\"auto, (max-width: 1000px) 100vw, 1000px\"\/><\/p>","protected":false},"excerpt":{"rendered":"<p>H\u00e4r har du \u00e4ntligen ett st\u00f6rre och h\u00e4ftigare hjul f\u00f6r dig som anv\u00e4nder Exways hubbr\u00e4dor. Med Cloudwheels kit kan du uppgradera dina tidigare hjul p\u00e5 85mm till 105mm vilket ger dig \u00f6kad komfort och b\u00e4ttre rull i h\u00f6gre hastigheter. Genom sina m\u00f6nstrade och rundade form kommer du ocks\u00e5 b\u00e4ttre kunna beh\u00e5lla greppet d\u00e5 underlaget \u00e4r s\u00e4mre. Bytet av hjulen \u00e4r dessutom smidigt gjort.<\/p>\n<p>Dessa hjul \u00e4r kompatibla med Exway X1 Pro, Flex Hub och Wave Hub<\/p>","protected":false},"featured_media":145284,"comment_status":"open","ping_status":"closed","template":"","meta":[],"product_brand":[2546],"product_cat":[2265],"product_tag":[],"class_list":{"0":"post-145272","1":"product","2":"type-product","3":"status-publish","4":"has-post-thumbnail","6":"product_brand-cloudwheels","7":"product_cat-wheels-tires","8":"pa_diameter-105mm","9":"pa_manufacturer-cloudwheels","10":"pa_manufacturer-exway","12":"first","13":"instock","14":"taxable","15":"shipping-taxable","16":"purchasable","17":"product-type-simple"},"composite_virtual":false,"composite_layout":"","composite_add_to_cart_form_location":"","composite_editable_in_cart":false,"composite_sold_individually_context":"","composite_shop_price_calc":"","composite_components":[],"composite_scenarios":[],"jetpack_sharing_enabled":true,"_links":{"self":[{"href":"https:\/\/www.boardlife.se\/en\/wp-json\/wp\/v2\/product\/145272","targetHints":{"allow":["GET"]}}],"collection":[{"href":"https:\/\/www.boardlife.se\/en\/wp-json\/wp\/v2\/product"}],"about":[{"href":"https:\/\/www.boardlife.se\/en\/wp-json\/wp\/v2\/types\/product"}],"replies":[{"embeddable":true,"href":"https:\/\/www.boardlife.se\/en\/wp-json\/wp\/v2\/comments?post=145272"}],"wp:featuredmedia":[{"embeddable":true,"href":"https:\/\/www.boardlife.se\/en\/wp-json\/wp\/v2\/media\/145284"}],"wp:attachment":[{"href":"https:\/\/www.boardlife.se\/en\/wp-json\/wp\/v2\/media?parent=145272"}],"wp:term":[{"taxonomy":"product_brand","embeddable":true,"href":"https:\/\/www.boardlife.se\/en\/wp-json\/wp\/v2\/product_brand?post=145272"},{"taxonomy":"product_cat","embeddable":true,"href":"https:\/\/www.boardlife.se\/en\/wp-json\/wp\/v2\/product_cat?post=145272"},{"taxonomy":"product_tag","embeddable":true,"href":"https:\/\/www.boardlife.se\/en\/wp-json\/wp\/v2\/product_tag?post=145272"}],"curies":[{"name":"wp","href":"https:\/\/api.w.org\/{rel}","templated":true}]}}