{"id":144895,"date":"2021-07-26T16:34:59","date_gmt":"2021-07-26T14:34:59","guid":{"rendered":"https:\/\/www.boardlife.se\/?post_type=product&#038;p=144895"},"modified":"2024-05-20T13:43:40","modified_gmt":"2024-05-20T11:43:40","slug":"carver-hobo-32-5-surfskate","status":"publish","type":"product","link":"https:\/\/www.boardlife.se\/en\/shop\/surf-skate\/complete-surfskate\/carver-hobo-32-5-surfskate\/","title":{"rendered":"Carver Hobo 32.5\u2033 Surf Skate"},"content":{"rendered":"<p>Hobo &auml;r en clean br&auml;da med n&aring;got l&auml;ngre <a class=\"glossaryLink cmtt_Komponenter\" aria-describedby=\"tt\" data-cmtooltip=\"&lt;div class=glossaryItemTitle&gt;Wheelbase&lt;\/div&gt;&lt;div class=glossaryItemBody&gt;Detta begrepp handlar om det avst&aring;nd du har mellan dina truckar. Ett l&auml;ngre avst&aring;nd ger mer stabilitet och lite l&aring;ngsammare sv&auml;ngar medan den korta kan bli kvickare.&lt;\/div&gt;&lt;div class=cmtt_synonyms_wrapper&gt;&lt;div class=cmtt_synonyms_title&gt;Synonymer: &lt;\/div&gt;&lt;div class=cmtt_synonyms&gt;hjulbas,  WB&lt;\/div&gt;&lt;\/div&gt;&lt;div class=glossaryTooltipMoreLinkWrapper&gt;&lt;a class=glossaryTooltipMoreLink href=https:\/\/www.boardlife.se\/en\/glossary\/wheelbase\/ &gt;L&auml;s mer&lt;\/a&gt;&lt;\/div&gt;\" href=\"https:\/\/www.boardlife.se\/en\/glossary\/wheelbase\/\" data-mobile-support=\"0\" data-gt-translate-attributes='[{\"attribute\":\"data-cmtooltip\", \"format\":\"html\"}]'>wheelbase<\/a>. F&auml;rgad l&ouml;nn och d&auml;r du kan se br&auml;dans vacker f&auml;rg b&aring;de under och p&aring; ovansidan d&aring; den kommer med <a class=\"glossaryLink cmtt_Decket\" aria-describedby=\"tt\" data-cmtooltip=\"&lt;div class=glossaryItemTitle&gt;Sugarcoat&lt;\/div&gt;&lt;div class=glossaryItemBody&gt;Lackad grip p&aring; br&auml;dans ovansida d&auml;r bland annat Carver ben&auml;mner denna l&ouml;sning sugarcoat d&aring; det n&auml;stan ser ut som sm&aring; sockerkorn. &lt;\/div&gt;&lt;div class=glossaryTooltipMoreLinkWrapper&gt;&lt;a class=glossaryTooltipMoreLink href=https:\/\/www.boardlife.se\/en\/glossary\/sugarcoat\/ &gt;L&auml;s mer&lt;\/a&gt;&lt;\/div&gt;\" href=\"https:\/\/www.boardlife.se\/en\/glossary\/sugarcoat\/\" data-mobile-support=\"0\" data-gt-translate-attributes='[{\"attribute\":\"data-cmtooltip\", \"format\":\"html\"}]'>sugarcoat<\/a> grip. Tack vare den l&auml;ngre hjulbasen f&aring;r du n&aring;got mer stabilitet d&aring; du pushar. Mjuka och underbara carves med en classic rounded pin. Hobo &auml;r en tribute till den kringstr&ouml;vande arbetaren. Den som alltid var p&aring; fot och bara tj&auml;nade tillr&auml;ckligt f&ouml;r att klara dagen.<\/p>\n<p>The design is made to be able to practice surfing on land and the board&#039;s design means that you get very close to surfing both in stance and emotion. The board comes in two versions depending on what type of board characteristics you are looking for. You can choose from Carver&#039;s CX or C7 trucks. The CX version is made for a more agile type of riding with faster pressure on the tail while the C7 version is made for an even easier turn with long soft turns.<\/p>\n<p>Carver is today the leader in surfskate and is considered the original of this entire discipline. With its roots in surfing, this type of riding has been developed over a long period of time to come as close to surfing as you can imagine. If you choose Carver, you have chosen the sharpest brand when it comes to Surfskate!<\/p>\n<h3>Original Description<\/h3>\n<p>The hobo tradition is one of freedom and travel, and of working just enough to get by while you explore the world around you, an itinerant lifestyle that is echoed in the surfer&rsquo;s peripatetic exploration of far away breaks. With folk art ingenuity the hobo carved unique portraits onto common nickels, transforming a mere five cents into something of great value for trade. We celebrate the hobo and their counterculture spirit with this amber maple veneer deck featuring a classic hobo nickel design and clear sugar coat grip. With a longer wheelbase for more drawn out carves and easy <a class=\"glossaryLink cmtt_&Aring;kning\" aria-describedby=\"tt\" data-cmtooltip=\"&lt;div class=glossaryItemTitle&gt;Push&lt;\/div&gt;&lt;div class=glossaryItemBody&gt;N&auml;r du tar fart med hj&auml;lp av ta av ena foten fr&aring;n br&auml;dan och s&auml;tter ner den i marken sen trycker ifr&aring;n.&lt;\/div&gt;&lt;div class=cmtt_synonyms_wrapper&gt;&lt;div class=cmtt_synonyms_title&gt;Synonymer: &lt;\/div&gt;&lt;div class=cmtt_synonyms&gt;pushing&lt;\/div&gt;&lt;\/div&gt;&lt;div class=glossaryTooltipMoreLinkWrapper&gt;&lt;a class=glossaryTooltipMoreLink href=https:\/\/www.boardlife.se\/en\/glossary\/push\/ &gt;L&auml;s mer&lt;\/a&gt;&lt;\/div&gt;\" href=\"https:\/\/www.boardlife.se\/en\/glossary\/push\/\" data-mobile-support=\"0\" data-gt-translate-attributes='[{\"attribute\":\"data-cmtooltip\", \"format\":\"html\"}]'>pushing<\/a>, this board will take you anywhere you want to go.<\/p>\n<p>&nbsp;<\/p>\n<p>Note that the film shows the Yago Skinny Goat model but they are relatively similar in shape and features.<\/p>\n<p><iframe loading=\"lazy\" title=\"Skinny Goat Rides Again - Yago Dora\" width=\"500\" height=\"281\" src=\"https:\/\/www.youtube.com\/embed\/gXQ4SHgjTZ4?feature=oembed\" frameborder=\"0\" allow=\"accelerometer; autoplay; clipboard-write; encrypted-media; gyroscope; picture-in-picture; web-share\" referrerpolicy=\"strict-origin-when-cross-origin\" allowfullscreen><\/iframe><\/p>","protected":false},"excerpt":{"rendered":"<p>Hobo \u00e4r en br\u00e4da med n\u00e5got l\u00e4ngre hjulbas f\u00f6r att kunna ge dig lite mer stabilitet d\u00e5 du pushar. Perfekt f\u00f6r de d\u00e4r l\u00e5nga och djupa carvsen. En elegant f\u00e4rgad l\u00f6nn g\u00f6r att du f\u00e5r en vacker look b\u00e5de under och p\u00e5 ovansidan genom en sugarcoat grip. Carvers CX eller C7-truckar. Du kan se filmerna under &#8220;Mer Info&#8221; f\u00f6r att se skillnaden mellan truckarna. Kolla \u00e4ven in den mysiga inspirationsvideon s\u00e5 vet du vad du kan hitta p\u00e5 n\u00e4r du blir b\u00e4ttre.<\/p>","protected":false},"featured_media":144899,"comment_status":"open","ping_status":"closed","template":"","meta":[],"product_brand":[],"product_cat":[1654,2484],"product_tag":[1881,1691],"class_list":{"0":"post-144895","1":"product","2":"type-product","3":"status-publish","4":"has-post-thumbnail","6":"product_cat-surf-skate","7":"product_cat-complete-surfskate","8":"product_tag-surf","9":"product_tag-surf-skate","10":"pa_hjulbas-17-875-454cm","11":"pa_length-32-5-826cm","12":"pa_manufacturer-carver-skateboards","13":"pa_truckar-carver-c7-truck","14":"pa_truckar-carver-cx-truck","15":"pa_width-10-254cm","17":"first","18":"instock","19":"taxable","20":"shipping-taxable","21":"purchasable","22":"product-type-variable","23":"has-default-attributes"},"composite_virtual":false,"composite_layout":"","composite_add_to_cart_form_location":"","composite_editable_in_cart":false,"composite_sold_individually_context":"","composite_shop_price_calc":"","composite_components":[],"composite_scenarios":[],"jetpack_sharing_enabled":true,"_links":{"self":[{"href":"https:\/\/www.boardlife.se\/en\/wp-json\/wp\/v2\/product\/144895","targetHints":{"allow":["GET"]}}],"collection":[{"href":"https:\/\/www.boardlife.se\/en\/wp-json\/wp\/v2\/product"}],"about":[{"href":"https:\/\/www.boardlife.se\/en\/wp-json\/wp\/v2\/types\/product"}],"replies":[{"embeddable":true,"href":"https:\/\/www.boardlife.se\/en\/wp-json\/wp\/v2\/comments?post=144895"}],"wp:featuredmedia":[{"embeddable":true,"href":"https:\/\/www.boardlife.se\/en\/wp-json\/wp\/v2\/media\/144899"}],"wp:attachment":[{"href":"https:\/\/www.boardlife.se\/en\/wp-json\/wp\/v2\/media?parent=144895"}],"wp:term":[{"taxonomy":"product_brand","embeddable":true,"href":"https:\/\/www.boardlife.se\/en\/wp-json\/wp\/v2\/product_brand?post=144895"},{"taxonomy":"product_cat","embeddable":true,"href":"https:\/\/www.boardlife.se\/en\/wp-json\/wp\/v2\/product_cat?post=144895"},{"taxonomy":"product_tag","embeddable":true,"href":"https:\/\/www.boardlife.se\/en\/wp-json\/wp\/v2\/product_tag?post=144895"}],"curies":[{"name":"wp","href":"https:\/\/api.w.org\/{rel}","templated":true}]}}