{"id":144083,"date":"2021-07-14T14:40:57","date_gmt":"2021-07-14T12:40:57","guid":{"rendered":"https:\/\/www.boardlife.se\/?post_type=product&#038;p=144083"},"modified":"2022-07-25T09:37:23","modified_gmt":"2022-07-25T07:37:23","slug":"heartwood-beach-bum-8-125-deck","status":"publish","type":"product","link":"https:\/\/www.boardlife.se\/en\/shop\/skateboard\/deck-only\/heartwood-beach-bum-8-125-deck\/","title":{"rendered":"Heartwood Beach Boom 8.125\u2033 Deck"},"content":{"rendered":"<p>Beach Bum &auml;r &auml;nnu en superclean br&auml;da fr&aring;n Heartwood. En p&aring;minnelse om att den d&auml;r perfekta v&aring;gen eller perfekta &aring;ket &auml;r v&auml;rt att v&auml;nta p&aring;. Beach Bum &auml;r tillg&auml;nglig i 2 olika format (8.125&Prime; och 8.375&Prime;). Denna &auml;r i formatet 8.125&Prime; med en l&auml;ngd p&aring; 32&Prime; och en <a class=\"glossaryLink cmtt_Komponenter\" aria-describedby=\"tt\" data-cmtooltip=\"&lt;div class=glossaryItemTitle&gt;Wheelbase&lt;\/div&gt;&lt;div class=glossaryItemBody&gt;Detta begrepp handlar om det avst&aring;nd du har mellan dina truckar. Ett l&auml;ngre avst&aring;nd ger mer stabilitet och lite l&aring;ngsammare sv&auml;ngar medan den korta kan bli kvickare.&lt;\/div&gt;&lt;div class=cmtt_synonyms_wrapper&gt;&lt;div class=cmtt_synonyms_title&gt;Synonymer: &lt;\/div&gt;&lt;div class=cmtt_synonyms&gt;hjulbas,  WB&lt;\/div&gt;&lt;\/div&gt;&lt;div class=glossaryTooltipMoreLinkWrapper&gt;&lt;a class=glossaryTooltipMoreLink href=https:\/\/www.boardlife.se\/en\/glossary\/wheelbase\/ &gt;L&auml;s mer&lt;\/a&gt;&lt;\/div&gt;\" href=\"https:\/\/www.boardlife.se\/en\/glossary\/wheelbase\/\" data-mobile-support=\"0\" data-gt-translate-attributes='[{\"attribute\":\"data-cmtooltip\", \"format\":\"html\"}]'>wheelbase<\/a> p&aring; 14.25&Prime;. En medium <a class=\"glossaryLink cmtt_Komponenter\" aria-describedby=\"tt\" data-cmtooltip=\"&lt;div class=glossaryItemTitle&gt;Konkav&lt;\/div&gt;&lt;div class=glossaryItemBody&gt;De flesta br&auml;dor\/deck &auml;r sk&aring;lade i n&aring;gon m&aring;n. Man har med andra ord h&ouml;gre ytterkanter d&aring; man st&auml;ller sig p&aring; br&auml;dan. Detta kallas f&ouml;r concave eller konkav p&aring; svenska. &lt;\/div&gt;&lt;div class=cmtt_synonyms_wrapper&gt;&lt;div class=cmtt_synonyms_title&gt;Synonymer: &lt;\/div&gt;&lt;div class=cmtt_synonyms&gt;concave&lt;\/div&gt;&lt;\/div&gt;&lt;div class=glossaryTooltipMoreLinkWrapper&gt;&lt;a class=glossaryTooltipMoreLink href=https:\/\/www.boardlife.se\/en\/glossary\/concave-2\/ &gt;L&auml;s mer&lt;\/a&gt;&lt;\/div&gt;\" href=\"https:\/\/www.boardlife.se\/en\/glossary\/concave-2\/\" data-mobile-support=\"0\" data-gt-translate-attributes='[{\"attribute\":\"data-cmtooltip\", \"format\":\"html\"}]'>concave<\/a> lets you surf some rails and other stuff without the bottom becoming too round. Just like before, they have continued with the winning recipe of 7 layers of Canadian maple with really hard epoxy in between. But unlike the creamy layers in a really good lasagna, Heartwood&#039;s boards are rock hard and that gives you a real pop. Three randomly colored layers make the board a little extra unique when you&#039;ve worn it down a bit.<\/p>\n<p>The board also comes in a complete option for those of you who are unsure what to choose. All at a great price. You can find it under \u201ccomplete skateboards\u201d in that case.<\/p>\n<h3>Original Description:<\/h3>\n<p>Say hello to Beach Bum 8.125\u2033. A proud member in our family of minimalistic designs. Carefully few selected colors in a pretty slick look. Available in a wider 8.375\u2033 with a slightly different base color. Sometimes that perfect ride\/wave is worth waiting for\u2026<\/p>\n<p>Beach Bum features a deep concave to provide you with some extra grip and rotation force when flipping it. Canadian maple stretched 8.125\u2033 x 32&quot;. The wheelbase is 14.25\u2033. If you have tried our boards before the nose and tail are still the same length as usual. We still wanted to maintain a winning combination. Three of the layers in random colored plys to give that personal touch once you have really shredded it good. Strong epoxy to really serve you that sweet pop you are looking for. This board is not just a beauty to watch, it&#039;s a deck that is made to fly.<\/p>\n<p>Beach Bum is also available in complete version if you&#039;re anxious what hardware to select.<\/p>","protected":false},"excerpt":{"rendered":"<p>Beach Bum \u00e4r \u00e4nnu en superclean br\u00e4da fr\u00e5n Heartwood. En p\u00e5minnelse om att den d\u00e4r perfekta v\u00e5gen eller perfekta \u00e5ket \u00e4r v\u00e4rt att v\u00e4nta p\u00e5. Denna \u00e4r i formatet 8.125&#8243; med en l\u00e4ngd p\u00e5 32&#8243; och en hjulbas p\u00e5 14.25&#8243;. 7 lager h\u00e5rd kanadensisk l\u00f6nn ger dig en bra pop och bra h\u00e5llbarhet. Heartwood har kommit att bli ett grymt prisv\u00e4rt och otroligt snyggt alternativ p\u00e5 plankor. En kontrast till mycket av den spretiga design som finns d\u00e4r ute. H\u00e4r f\u00e5r du en riktigt fin br\u00e4da f\u00f6r pengarna.<\/p>","protected":false},"featured_media":144090,"comment_status":"open","ping_status":"closed","template":"","meta":[],"product_brand":[2570],"product_cat":[854],"product_tag":[],"class_list":{"0":"post-144083","1":"product","2":"type-product","3":"status-publish","4":"has-post-thumbnail","6":"product_brand-heartwood","7":"product_cat-deck-only","8":"pa_concave-medium","9":"pa_hjulbas-1425-362cm","10":"pa_konstruktion-7-lager-lonn","11":"pa_length-32-813cm","12":"pa_manufacturer-heartwood","13":"pa_width-8-125-206-cm","15":"first","16":"instock","17":"taxable","18":"shipping-taxable","19":"purchasable","20":"product-type-simple"},"composite_virtual":false,"composite_layout":"","composite_add_to_cart_form_location":"","composite_editable_in_cart":false,"composite_sold_individually_context":"","composite_shop_price_calc":"","composite_components":[],"composite_scenarios":[],"jetpack_sharing_enabled":true,"_links":{"self":[{"href":"https:\/\/www.boardlife.se\/en\/wp-json\/wp\/v2\/product\/144083","targetHints":{"allow":["GET"]}}],"collection":[{"href":"https:\/\/www.boardlife.se\/en\/wp-json\/wp\/v2\/product"}],"about":[{"href":"https:\/\/www.boardlife.se\/en\/wp-json\/wp\/v2\/types\/product"}],"replies":[{"embeddable":true,"href":"https:\/\/www.boardlife.se\/en\/wp-json\/wp\/v2\/comments?post=144083"}],"wp:featuredmedia":[{"embeddable":true,"href":"https:\/\/www.boardlife.se\/en\/wp-json\/wp\/v2\/media\/144090"}],"wp:attachment":[{"href":"https:\/\/www.boardlife.se\/en\/wp-json\/wp\/v2\/media?parent=144083"}],"wp:term":[{"taxonomy":"product_brand","embeddable":true,"href":"https:\/\/www.boardlife.se\/en\/wp-json\/wp\/v2\/product_brand?post=144083"},{"taxonomy":"product_cat","embeddable":true,"href":"https:\/\/www.boardlife.se\/en\/wp-json\/wp\/v2\/product_cat?post=144083"},{"taxonomy":"product_tag","embeddable":true,"href":"https:\/\/www.boardlife.se\/en\/wp-json\/wp\/v2\/product_tag?post=144083"}],"curies":[{"name":"wp","href":"https:\/\/api.w.org\/{rel}","templated":true}]}}