{"id":143451,"date":"2021-07-04T12:06:01","date_gmt":"2021-07-04T10:06:01","guid":{"rendered":"https:\/\/www.boardlife.se\/?post_type=product&#038;p=143451"},"modified":"2026-01-09T11:25:10","modified_gmt":"2026-01-09T10:25:10","slug":"heartwood-fail-safe-kneepads","status":"publish","type":"product","link":"https:\/\/www.boardlife.se\/en\/shop\/protection\/knee-protection\/heartwood-fail-safe-kneepads\/","title":{"rendered":"Heartwood Fail Safe Kneepads"},"content":{"rendered":"<p>Heartwoods Fail Safe is a series of protectors with really nice comfort. The knee protectors have good impact protection, which means you can throw yourself on your knees if things go wrong. Thanks to the protectors having a nice neoprene pocket, you can choose to insert them into the leg if you are going to ride in shorts. If you choose to ride with pants, you can use the protectors without this sleeve and just insert them on the outside of the leg. Regardless, you have a protector that is light in weight and at the same time flexible. Heartwood&#039;s protector fits comfortably and ensures that you are safe the next time you go out.<\/p>\n<p>Once you have used them for a while, you can put them in a laundry bag and run them in the washing machine at 30\u00b0 if you want to make them smell like fabric softener again. A tip is to save the mesh bag that the covers come in so you automatically have a suitable laundry bag.<\/p>\n<p>Another nice advantage is that you can actually buy Heartwood&#039;s protection in a single set. So you don&#039;t have to buy a whole kit with protection you might already have. Or the day you wear out your knee pads, for example, you can buy new ones without having to buy a whole kit if you don&#039;t need to. Should it still be the case that you want a whole kit with knee, elbow and wrist protection, this is also available on our site, fortunately.<\/p>\n<p>&nbsp;<\/p>\n<h3>Original Description<\/h3>\n<p>The Heartwood Fail Safe Equipment is a great investment. We know crashes are a fact from time to time and it happens to everyone. That&#039;s why we made our failsafe kneepads. Quality construction for excellent performance to withstand heavy hits and epic fails. Our pads use a neoprene cover on the back to keep the pad in place even better. Strong velcro straps will lock you in. Once the pads start stinking just throw it in the washing (just make sure to use low temperature) and the odor will be gone. Pads have a contoured shape with seamless interiors for amazing fit &amp; comfort. You could practically wear them in your sleep.<\/p>\n<p>So how to find your size? You could probably use the same size on the pads as you would use on your pants.<\/p>","protected":false},"excerpt":{"rendered":"<p>Heartwood Fail Safe Kneepads \u00e4r ett bra skydd som dessutom har en bra komfort. En neoprene sleeve p\u00e5 skyddets baksida h\u00e5ller dem p\u00e5 plats \u00e4n b\u00e4ttre om du k\u00f6r i kortbyxor eller \u00e4n mer l\u00e4ttkl\u00e4dd. Dessa skydd \u00e4r ett hett tips om du inte bara vill se bra ut de h\u00e5ller dig ocks\u00e5 b\u00e4ttre skyddad mot sm\u00e4rta och skador fram\u00f6ver.<\/p>\n<p>Skydden finns ocks\u00e5 tillg\u00e4ngliga i kit om du \u00f6nskar k\u00f6pa kn\u00e4-, armb\u00e5gs- och handledsskydd tillsammans.<\/p>","protected":false},"featured_media":143641,"comment_status":"open","ping_status":"closed","template":"","meta":[],"product_brand":[2570],"product_cat":[101],"product_tag":[],"class_list":{"0":"post-143451","1":"product","2":"type-product","3":"status-publish","4":"has-post-thumbnail","6":"product_brand-heartwood","7":"product_cat-knee-protection","8":"pa_manufacturer-heartwood","9":"pa_storlekar-s","10":"pa_storlekar-m","11":"pa_storlekar-l","13":"first","14":"instock","15":"sale","16":"featured","17":"taxable","18":"shipping-taxable","19":"purchasable","20":"product-type-variable","21":"has-default-attributes"},"composite_virtual":false,"composite_layout":"","composite_add_to_cart_form_location":"","composite_editable_in_cart":false,"composite_sold_individually_context":"","composite_shop_price_calc":"","composite_components":[],"composite_scenarios":[],"jetpack_sharing_enabled":true,"_links":{"self":[{"href":"https:\/\/www.boardlife.se\/en\/wp-json\/wp\/v2\/product\/143451","targetHints":{"allow":["GET"]}}],"collection":[{"href":"https:\/\/www.boardlife.se\/en\/wp-json\/wp\/v2\/product"}],"about":[{"href":"https:\/\/www.boardlife.se\/en\/wp-json\/wp\/v2\/types\/product"}],"replies":[{"embeddable":true,"href":"https:\/\/www.boardlife.se\/en\/wp-json\/wp\/v2\/comments?post=143451"}],"wp:featuredmedia":[{"embeddable":true,"href":"https:\/\/www.boardlife.se\/en\/wp-json\/wp\/v2\/media\/143641"}],"wp:attachment":[{"href":"https:\/\/www.boardlife.se\/en\/wp-json\/wp\/v2\/media?parent=143451"}],"wp:term":[{"taxonomy":"product_brand","embeddable":true,"href":"https:\/\/www.boardlife.se\/en\/wp-json\/wp\/v2\/product_brand?post=143451"},{"taxonomy":"product_cat","embeddable":true,"href":"https:\/\/www.boardlife.se\/en\/wp-json\/wp\/v2\/product_cat?post=143451"},{"taxonomy":"product_tag","embeddable":true,"href":"https:\/\/www.boardlife.se\/en\/wp-json\/wp\/v2\/product_tag?post=143451"}],"curies":[{"name":"wp","href":"https:\/\/api.w.org\/{rel}","templated":true}]}}