{"id":141880,"date":"2021-05-27T16:56:32","date_gmt":"2021-05-27T14:56:32","guid":{"rendered":"https:\/\/www.boardlife.se\/?post_type=product&#038;p=141880"},"modified":"2025-09-05T11:59:41","modified_gmt":"2025-09-05T09:59:41","slug":"exway-flex-wave-riot-drive-hub-pulley-12-hole","status":"publish","type":"product","link":"https:\/\/www.boardlife.se\/en\/shop\/electric-skateboard\/electric-spare-parts\/drive-gears-pulleys\/exway-flex-wave-riot-drive-hub-pulley-12-hole\/","title":{"rendered":"Exway Flex\/Wave\/Max Riot Drive Hub Pulley 12-hole"},"content":{"rendered":"<p>For those of you who use an Exway <a class=\"glossaryLink cmtt_Snowboard\"  aria-describedby=\"tt\"  data-cmtooltip=\"&lt;div class=glossaryItemTitle&gt;Flex&lt;\/div&gt;&lt;div class=glossaryItemBody&gt;I huvudsak menar man b&ouml;jbarheten p&aring; br&auml;dan.&lt;\/div&gt;&lt;div class=glossaryTooltipMoreLinkWrapper&gt;&lt;a class=glossaryTooltipMoreLink href=https:\/\/www.boardlife.se\/en\/glossary\/flex\/ &gt;L&auml;s mer&lt;\/a&gt;&lt;\/div&gt;\"  href=\"https:\/\/www.boardlife.se\/en\/glossary\/flex\/\"  data-mobile-support=\"0\"  data-gt-translate-attributes='[{\"attribute\":\"data-cmtooltip\", \"format\":\"html\"}]'>Flex<\/a> eller Wave Riot men som vill kunna byta hjul s&aring; kan du beh&ouml;va en annan drivhub eller s&aring; kallad pulley till dina hjul. Exways egna hjul har en ventilerad k&auml;rna med 12 h&aring;l d&auml;r din medf&ouml;ljande hub som standard passar.<\/p>\n<p>What distinguishes V1 from V2 is that V2 is wider as Flex and Wave use wider motor belts of 15mm.<\/p>","protected":false},"excerpt":{"rendered":"<p>F\u00f6r dig som vill kunna \u00e5ka p\u00e5 Exways egna hjul beh\u00f6ver du den drive pulley som \u00e4r f\u00f6r 12-hole. S\u00e4ljs i en n\u00e4tt liten l\u00e5da d\u00e4r tv\u00e5 hubbar kommer med. Allts\u00e5 beh\u00f6ver du bara ett paket f\u00f6r att ha till b\u00e5da hjulen.<\/p>\n<p>Exways V2 Pulley \u00e4r avsedd f\u00f6r modellerna Flex och Wave som b\u00e5da anv\u00e4nder 15mm tjocka drivremmar.<\/p>","protected":false},"featured_media":141876,"comment_status":"open","ping_status":"closed","template":"","meta":[],"product_brand":[],"product_cat":[2267],"product_tag":[2069,2070,2071],"class_list":{"0":"post-141880","1":"product","2":"type-product","3":"status-publish","4":"has-post-thumbnail","6":"product_cat-drive-gears-pulleys","7":"product_tag-abec11","8":"product_tag-backfire","9":"product_tag-evolve","10":"pa_manufacturer-exway","12":"first","13":"instock","14":"taxable","15":"shipping-taxable","16":"purchasable","17":"product-type-simple"},"composite_virtual":false,"composite_layout":"","composite_add_to_cart_form_location":"","composite_editable_in_cart":false,"composite_sold_individually_context":"","composite_shop_price_calc":"","composite_components":[],"composite_scenarios":[],"jetpack_sharing_enabled":true,"_links":{"self":[{"href":"https:\/\/www.boardlife.se\/en\/wp-json\/wp\/v2\/product\/141880","targetHints":{"allow":["GET"]}}],"collection":[{"href":"https:\/\/www.boardlife.se\/en\/wp-json\/wp\/v2\/product"}],"about":[{"href":"https:\/\/www.boardlife.se\/en\/wp-json\/wp\/v2\/types\/product"}],"replies":[{"embeddable":true,"href":"https:\/\/www.boardlife.se\/en\/wp-json\/wp\/v2\/comments?post=141880"}],"wp:featuredmedia":[{"embeddable":true,"href":"https:\/\/www.boardlife.se\/en\/wp-json\/wp\/v2\/media\/141876"}],"wp:attachment":[{"href":"https:\/\/www.boardlife.se\/en\/wp-json\/wp\/v2\/media?parent=141880"}],"wp:term":[{"taxonomy":"product_brand","embeddable":true,"href":"https:\/\/www.boardlife.se\/en\/wp-json\/wp\/v2\/product_brand?post=141880"},{"taxonomy":"product_cat","embeddable":true,"href":"https:\/\/www.boardlife.se\/en\/wp-json\/wp\/v2\/product_cat?post=141880"},{"taxonomy":"product_tag","embeddable":true,"href":"https:\/\/www.boardlife.se\/en\/wp-json\/wp\/v2\/product_tag?post=141880"}],"curies":[{"name":"wp","href":"https:\/\/api.w.org\/{rel}","templated":true}]}}