{"id":141641,"date":"2021-05-24T18:03:52","date_gmt":"2021-05-24T16:03:52","guid":{"rendered":"https:\/\/www.boardlife.se\/?post_type=product&#038;p=141641"},"modified":"2023-12-19T13:07:24","modified_gmt":"2023-12-19T12:07:24","slug":"evolve-terrain-kit-150mm","status":"publish","type":"product","link":"https:\/\/www.boardlife.se\/en\/shop\/electric-skateboard\/electric-spare-parts\/wheels-tires\/evolve-terrain-kit-150mm\/","title":{"rendered":"Evolve All Terrain Kit \u2013 150mm"},"content":{"rendered":"<p>Convert your Evolve into an off-road monster. With Evolve&#039;s conversion kits you can switch between Street and All Terrain. The large 150mm wheels will be able to take you wherever you want. On the dirt road, the lawn or maybe on a new path through the forest. Changing the wheels on your board is quite quick and is a great way to ensure that your board will be useful no matter what terrain you have in front of you. All terrain lets you go anywhere.<\/p>\n<p>The difference between 175mm and 150mm is in practice that you get a sportier AT board if you want a little more city riding without the wheels being too big and bulky.<\/p>\n<p>The kit contains everything you need to convert your GTR, GTX or GT to all terrain. Choose whether you want regular steel ball bearings or if you want ceramic bearings for extra durability.<\/p>\n<p><strong>This is included in the package<\/strong><\/p>\n<p>4 x 6\u2033 150mm AT wheels (including inner tube &amp; GT Bat Black hubs)<br>\n2 x Drive wheels<br>\n2 x Drive belt<br>\n2 x Drive belt cover<br>\n1 x complete set of ball bearings (steel or ceramic)<\/p>\n<p>&nbsp;<\/p>\n<p>Here is a video on how to change the wheels on your board:<\/p>\n<p><iframe loading=\"lazy\" title=\"GTR Street to All-Terrain Conversion Procedure | Evolve Skateboards\" width=\"500\" height=\"281\" src=\"https:\/\/www.youtube.com\/embed\/uCGbBTVAIKs?feature=oembed\" frameborder=\"0\" allow=\"accelerometer; autoplay; clipboard-write; encrypted-media; gyroscope; picture-in-picture; web-share\" referrerpolicy=\"strict-origin-when-cross-origin\" allowfullscreen><\/iframe><\/p>\n<p>&nbsp;<\/p>\n<p>&nbsp;<\/p>","protected":false},"excerpt":{"rendered":"<p>Bygg om din Evolve GTR\/GTX\/GT till en All Terrain med 150mm hjul. En bra kompromiss f\u00f6r dig som vill ha ett AT-hjul som passar lite b\u00e4ttre i stan och p\u00e5 asfalten. Lite kvickare och snabbare \u00e4n det st\u00f6rre AT-hjulet. Ta dig fram \u00f6verallt och njut av din br\u00e4da p\u00e5 helt nya platser. Grusv\u00e4g, gr\u00e4smatta eller ta den genom skogen. Detta kommer att kunna l\u00e5ta dig ta genv\u00e4gen till n\u00e4sta destination.<\/p>\n<p>V\u00e4lj mellan kullager i st\u00e5l eller keramik.<\/p>","protected":false},"featured_media":108220,"comment_status":"open","ping_status":"closed","template":"","meta":[],"product_brand":[2557],"product_cat":[1947,2265],"product_tag":[],"class_list":{"0":"post-141641","1":"product","2":"type-product","3":"status-publish","4":"has-post-thumbnail","6":"product_brand-evolve-skateboards","7":"product_cat-electric-spareparts","8":"product_cat-wheels-tires","9":"pa_manufacturer-evolve","11":"first","12":"outofstock","13":"taxable","14":"shipping-taxable","15":"purchasable","16":"product-type-variable","17":"has-default-attributes"},"composite_virtual":false,"composite_layout":"","composite_add_to_cart_form_location":"","composite_editable_in_cart":false,"composite_sold_individually_context":"","composite_shop_price_calc":"","composite_components":[],"composite_scenarios":[],"jetpack_sharing_enabled":true,"_links":{"self":[{"href":"https:\/\/www.boardlife.se\/en\/wp-json\/wp\/v2\/product\/141641","targetHints":{"allow":["GET"]}}],"collection":[{"href":"https:\/\/www.boardlife.se\/en\/wp-json\/wp\/v2\/product"}],"about":[{"href":"https:\/\/www.boardlife.se\/en\/wp-json\/wp\/v2\/types\/product"}],"replies":[{"embeddable":true,"href":"https:\/\/www.boardlife.se\/en\/wp-json\/wp\/v2\/comments?post=141641"}],"wp:featuredmedia":[{"embeddable":true,"href":"https:\/\/www.boardlife.se\/en\/wp-json\/wp\/v2\/media\/108220"}],"wp:attachment":[{"href":"https:\/\/www.boardlife.se\/en\/wp-json\/wp\/v2\/media?parent=141641"}],"wp:term":[{"taxonomy":"product_brand","embeddable":true,"href":"https:\/\/www.boardlife.se\/en\/wp-json\/wp\/v2\/product_brand?post=141641"},{"taxonomy":"product_cat","embeddable":true,"href":"https:\/\/www.boardlife.se\/en\/wp-json\/wp\/v2\/product_cat?post=141641"},{"taxonomy":"product_tag","embeddable":true,"href":"https:\/\/www.boardlife.se\/en\/wp-json\/wp\/v2\/product_tag?post=141641"}],"curies":[{"name":"wp","href":"https:\/\/api.w.org\/{rel}","templated":true}]}}