{"id":137201,"date":"2021-04-13T11:24:59","date_gmt":"2021-04-13T09:24:59","guid":{"rendered":"https:\/\/www.boardlife.se\/?post_type=product&#038;p=137201"},"modified":"2021-05-09T11:47:28","modified_gmt":"2021-05-09T09:47:28","slug":"girl-bannerot-must-visualize-8-25","status":"publish","type":"product","link":"https:\/\/www.boardlife.se\/en\/shop\/skateboard\/deck-only\/girl-bannerot-must-visualize-8-25\/","title":{"rendered":"Girl Bannerot We Must Visualize 8.25\u2033"},"content":{"rendered":"<p>Girl Skateboards knows the art of delivering extremely nice decks when it comes to quality and graphics.<\/p>","protected":false},"excerpt":{"rendered":"<p>Br\u00e4da fr\u00e5n Girl med 7 lager av kanadensiskt l\u00f6nn i formatet 8.25&#8243;<\/p>","protected":false},"featured_media":137207,"comment_status":"open","ping_status":"closed","template":"","meta":[],"product_brand":[2564],"product_cat":[854],"product_tag":[],"class_list":{"0":"post-137201","1":"product","2":"type-product","3":"status-publish","4":"has-post-thumbnail","6":"product_brand-girl","7":"product_cat-deck-only","8":"pa_length-3175-806cm","9":"pa_manufacturer-girl-skateboards","10":"pa_width-825-21cm","12":"first","13":"instock","14":"taxable","15":"shipping-taxable","16":"purchasable","17":"product-type-simple"},"composite_virtual":false,"composite_layout":"","composite_add_to_cart_form_location":"","composite_editable_in_cart":false,"composite_sold_individually_context":"","composite_shop_price_calc":"","composite_components":[],"composite_scenarios":[],"jetpack_sharing_enabled":true,"_links":{"self":[{"href":"https:\/\/www.boardlife.se\/en\/wp-json\/wp\/v2\/product\/137201","targetHints":{"allow":["GET"]}}],"collection":[{"href":"https:\/\/www.boardlife.se\/en\/wp-json\/wp\/v2\/product"}],"about":[{"href":"https:\/\/www.boardlife.se\/en\/wp-json\/wp\/v2\/types\/product"}],"replies":[{"embeddable":true,"href":"https:\/\/www.boardlife.se\/en\/wp-json\/wp\/v2\/comments?post=137201"}],"wp:featuredmedia":[{"embeddable":true,"href":"https:\/\/www.boardlife.se\/en\/wp-json\/wp\/v2\/media\/137207"}],"wp:attachment":[{"href":"https:\/\/www.boardlife.se\/en\/wp-json\/wp\/v2\/media?parent=137201"}],"wp:term":[{"taxonomy":"product_brand","embeddable":true,"href":"https:\/\/www.boardlife.se\/en\/wp-json\/wp\/v2\/product_brand?post=137201"},{"taxonomy":"product_cat","embeddable":true,"href":"https:\/\/www.boardlife.se\/en\/wp-json\/wp\/v2\/product_cat?post=137201"},{"taxonomy":"product_tag","embeddable":true,"href":"https:\/\/www.boardlife.se\/en\/wp-json\/wp\/v2\/product_tag?post=137201"}],"curies":[{"name":"wp","href":"https:\/\/api.w.org\/{rel}","templated":true}]}}