{"id":137196,"date":"2021-04-28T09:52:06","date_gmt":"2021-04-28T07:52:06","guid":{"rendered":"https:\/\/www.boardlife.se\/?post_type=product&#038;p=137196"},"modified":"2021-04-28T09:52:06","modified_gmt":"2021-04-28T07:52:06","slug":"girl-bennet-emo-baggage-8-25","status":"publish","type":"product","link":"https:\/\/www.boardlife.se\/en\/shop\/skateboard\/deck-only\/girl-bennet-emo-baggage-8-25\/","title":{"rendered":"Girl Bennet Emo Luggage 8.25\u2033"},"content":{"rendered":"<p>Girl Skateboards knows the art of delivering extremely nice decks when it comes to quality and graphics.<\/p>","protected":false},"excerpt":{"rendered":"<p>Skatebr\u00e4da med 7 lager av kanadensiskt l\u00f6nntr\u00e4 i formatet 8.25&#8243;<\/p>","protected":false},"featured_media":137199,"comment_status":"open","ping_status":"closed","template":"","meta":[],"product_brand":[2564],"product_cat":[854],"product_tag":[],"class_list":{"0":"post-137196","1":"product","2":"type-product","3":"status-publish","4":"has-post-thumbnail","6":"product_brand-girl","7":"product_cat-deck-only","8":"pa_length-3175-806cm","9":"pa_manufacturer-girl-skateboards","10":"pa_width-825-21cm","12":"first","13":"instock","14":"taxable","15":"shipping-taxable","16":"purchasable","17":"product-type-simple"},"composite_virtual":false,"composite_layout":"","composite_add_to_cart_form_location":"","composite_editable_in_cart":false,"composite_sold_individually_context":"","composite_shop_price_calc":"","composite_components":[],"composite_scenarios":[],"jetpack_sharing_enabled":true,"_links":{"self":[{"href":"https:\/\/www.boardlife.se\/en\/wp-json\/wp\/v2\/product\/137196","targetHints":{"allow":["GET"]}}],"collection":[{"href":"https:\/\/www.boardlife.se\/en\/wp-json\/wp\/v2\/product"}],"about":[{"href":"https:\/\/www.boardlife.se\/en\/wp-json\/wp\/v2\/types\/product"}],"replies":[{"embeddable":true,"href":"https:\/\/www.boardlife.se\/en\/wp-json\/wp\/v2\/comments?post=137196"}],"wp:featuredmedia":[{"embeddable":true,"href":"https:\/\/www.boardlife.se\/en\/wp-json\/wp\/v2\/media\/137199"}],"wp:attachment":[{"href":"https:\/\/www.boardlife.se\/en\/wp-json\/wp\/v2\/media?parent=137196"}],"wp:term":[{"taxonomy":"product_brand","embeddable":true,"href":"https:\/\/www.boardlife.se\/en\/wp-json\/wp\/v2\/product_brand?post=137196"},{"taxonomy":"product_cat","embeddable":true,"href":"https:\/\/www.boardlife.se\/en\/wp-json\/wp\/v2\/product_cat?post=137196"},{"taxonomy":"product_tag","embeddable":true,"href":"https:\/\/www.boardlife.se\/en\/wp-json\/wp\/v2\/product_tag?post=137196"}],"curies":[{"name":"wp","href":"https:\/\/api.w.org\/{rel}","templated":true}]}}