{"id":134009,"date":"2021-03-08T10:34:24","date_gmt":"2021-03-08T09:34:24","guid":{"rendered":"https:\/\/www.boardlife.se\/?post_type=product&#038;p=134009"},"modified":"2022-06-12T12:28:16","modified_gmt":"2022-06-12T10:28:16","slug":"rekd-elite-helmet-2-0-white","status":"publish","type":"product","link":"https:\/\/www.boardlife.se\/en\/shop\/protection\/helmets\/rekd-elite-helmet-2-0-white\/","title":{"rendered":"REKD Elite Helmet 2.0 White"},"content":{"rendered":"<p>REKD knows the art of making slim but above all very light helmets. Comfortable comfort and high safety make the helmet suitable for most action sports such as Skate, Skateboard, Longboard, MTB, Mountain Bike, Bike, BMX, Stunt Scooter, Recreational Scooter, Roller Skate, Roller Derby, Aggressive Skating, Inline Skating or whatever you can think of.<\/p>\n<p>The helmet has, among other things, an EPS inner core and an ABS outer shell which in combination help to prevent the force from being directed to your head but can be absorbed all the better by the helmet.<\/p>\n<p>Replaceable cushions mean you can remove them yourself and put them in the washing machine when it&#039;s time to freshen them up a bit.<\/p>\n<ul>\n<li>Elite uses a high density inner core.<\/li>\n<li>Heat-stamped with an antibacterial lining padding ensures the helmet fits well and securely, even for long periods.<\/li>\n<li>Exclusive helmet shape with a low profile and super comfortable fit.<\/li>\n<li>Exclusive ventilation design gives you optimal airflow to keep you cool on hot summer days.<\/li>\n<li>Weighs only 410g (S\/M 430g L\/XL) suitable for many different extreme sports disciplines<\/li>\n<li>Certified EN 1078 and CPSC safety standards.<\/li>\n<\/ul>\n<p>&nbsp;<\/p>\n<h3>Original Description<\/h3>\n<div id=\"comp-k6qigkp9\" class=\"_3Mgpu\">\n<div class=\"\" data-mesh-id=\"comp-k6qigkp9inlineContent\" data-testid=\"inline-content\">\n<div data-mesh-id=\"comp-k6qigkp9inlineContent-gridContainer\" data-testid=\"mesh-container-content\">\n<div id=\"comp-k6qck7q3\" class=\"_1Z_nJ\" data-testid=\"richTextElement\">\n<p class=\"font_7\">Exclusive shape unique to REKD Protection.<br>\nHigh-density Expanded Polystyrene (EPS) inner core.<br>\nHeavy-duty Acrylonitrile Butadiene Styrene (ABS) outer shell.<br>\nHardwearing Nylon webbing strap with Nylon buckle.<br>\nAnti-bacterial lined padding<\/p>\n<\/div>\n<\/div>\n<\/div>\n<\/div>\n<div id=\"comp-k6qck7r9\" class=\"_3Mgpu\">\n<div class=\"\" data-mesh-id=\"comp-k6qck7r9inlineContent\" data-testid=\"inline-content\">\n<div data-mesh-id=\"comp-k6qck7r9inlineContent-gridContainer\" data-testid=\"mesh-container-content\">\n<div id=\"comp-k6qck7ri1\" class=\"_1Z_nJ\" data-testid=\"richTextElement\">\n<p class=\"font_7\"><strong>Features<\/strong><\/p>\n<\/div>\n<div id=\"comp-k6qck7s8\" class=\"_1Z_nJ\" data-testid=\"richTextElement\">\n<p class=\"font_7\">Heat stamp embossed logos on padding<br>\nPremium quality printed front and rear logos<br>\nCustom branded REKD Protection rivets<br>\nDual size padding included for optimal fit<br>\n13 vent holes for optimum airflow<br>\nSuitable for a wide range of action sports<\/p>\n<\/div>\n<\/div>\n<\/div>\n<\/div>\n<div id=\"comp-k6qck7te\" class=\"_3Mgpu\">\n<div class=\"\" data-mesh-id=\"comp-k6qck7teinlineContent\" data-testid=\"inline-content\">\n<div data-mesh-id=\"comp-k6qck7teinlineContent-gridContainer\" data-testid=\"mesh-container-content\">\n<div id=\"comp-k6qck7tp\" class=\"_1Z_nJ\" data-testid=\"richTextElement\">\n<p class=\"font_7\"><strong>Suitable Sports<\/strong><\/p>\n<\/div>\n<div id=\"comp-k6qck7uf\" class=\"_1Z_nJ\" data-testid=\"richTextElement\">\n<p class=\"font_7\">Skate, Skateboard, Longboard, MTB, Mountain Bike, Bike, BMX, Stunt Scooter, Recreational Scooter, Roller Skate, Roller Derby, Aggressive Skating, Inline Skating and many more!<\/p>\n<\/div>\n<\/div>\n<\/div>\n<\/div>\n<div id=\"comp-k6qck7vo\" class=\"_3Mgpu\">\n<div class=\"\" data-mesh-id=\"comp-k6qck7voinlineContent\" data-testid=\"inline-content\">\n<div data-mesh-id=\"comp-k6qck7voinlineContent-gridContainer\" data-testid=\"mesh-container-content\">\n<div id=\"comp-k6qck7vx1\" class=\"_1Z_nJ\" data-testid=\"richTextElement\"><\/div>\n<\/div>\n<\/div>\n<\/div>\n<div id=\"comp-k6qck7xz\" class=\"_3Mgpu\">\n<div class=\"\" data-mesh-id=\"comp-k6qck7xzinlineContent\" data-testid=\"inline-content\">\n<div data-mesh-id=\"comp-k6qck7xzinlineContent-gridContainer\" data-testid=\"mesh-container-content\">\n<div id=\"comp-k6qck7y9\" class=\"_1Z_nJ\" data-testid=\"richTextElement\">\n<p class=\"font_7\"><strong>Weight<\/strong><\/p>\n<\/div>\n<div id=\"comp-k6qck7z2\" class=\"_1Z_nJ\" data-testid=\"richTextElement\">\n<p class=\"font_7\">410g for S\/M<br>\n430g for L\/XL<\/p>\n<\/div>\n<\/div>\n<\/div>\n<\/div>\n<div id=\"comp-k6qck80c\" class=\"_3Mgpu\">\n<div class=\"\" data-mesh-id=\"comp-k6qck80cinlineContent\" data-testid=\"inline-content\">\n<div data-mesh-id=\"comp-k6qck80cinlineContent-gridContainer\" data-testid=\"mesh-container-content\">\n<div id=\"comp-k6qck80l1\" class=\"_1Z_nJ\" data-testid=\"richTextElement\">\n<p class=\"font_7\"><strong>Test Standards<\/strong><\/p>\n<\/div>\n<div id=\"comp-k6qck81e\" class=\"_1Z_nJ\" data-testid=\"richTextElement\">\n<p class=\"font_7\">Certified to EN1078 and CPSC Standards<\/p>\n<\/div>\n<\/div>\n<\/div>\n<\/div>\n<div id=\"comp-k6qck82q\" class=\"_3Mgpu\">\n<div class=\"\" data-mesh-id=\"comp-k6qck82qinlineContent\" data-testid=\"inline-content\">\n<div data-mesh-id=\"comp-k6qck82qinlineContent-gridContainer\" data-testid=\"mesh-container-content\">\n<div id=\"comp-k6qck8302\" class=\"_1Z_nJ\" data-testid=\"richTextElement\">\n<p class=\"font_7\"><strong>Sizes<\/strong><\/p>\n<\/div>\n<div id=\"comp-k6qck83r\" class=\"_1Z_nJ\" data-testid=\"richTextElement\">\n<p class=\"font_7\">S\/M \u2013 53 \u2013 56cm \/ 20.86 \u2013 22.04\u2033 \/ 10mm \u2013 6mm padding<br>\nL\/XL \u2013 57 \u2013 59cm \/ 22.44 \u2013 23.23\u2033 \/ 8mm \u2013 6mm padding<br>\nXXL \u2013 60cm \/ 23.62\u2033* (*Requires 4mm padding sold separately)<\/p>\n<\/div>\n<\/div>\n<\/div>\n<\/div>","protected":false},"excerpt":{"rendered":"<p>Schysst hj\u00e4lm fr\u00e5n REKD med en ultral\u00e4tt konstruktion. Certifierad f\u00f6r att klara alla krav som en extremsport kr\u00e4ver. Skyddad med en EPS teknik i innerk\u00e4rnan och en ABS teknik i ytterh\u00f6ljet f\u00f6r att minimera st\u00f6tar och slag. P\u00e5 s\u00e5 vis f\u00e5r du en bra och h\u00f6g s\u00e4kerhetsniv\u00e5 p\u00e5 hj\u00e4lmen som \u00e4r perfekt f\u00f6r m\u00e5nga extremsporter.<\/p>\n<p>Optimal airflow to keep you cool when you sweat during your ride.<\/p>","protected":false},"featured_media":134013,"comment_status":"open","ping_status":"closed","template":"","meta":[],"product_brand":[2599],"product_cat":[90],"product_tag":[],"class_list":{"0":"post-134009","1":"product","2":"type-product","3":"status-publish","4":"has-post-thumbnail","6":"product_brand-rekd","7":"product_cat-helmets","8":"pa_manufacturer-rekd","9":"pa_storlekar-l-xl-57-59cm","10":"pa_storlekar-s-m-53-56cm-2","11":"pa_storlekar-xxl-60cm","13":"first","14":"instock","15":"taxable","16":"shipping-taxable","17":"purchasable","18":"product-type-variable","19":"has-default-attributes"},"composite_virtual":false,"composite_layout":"","composite_add_to_cart_form_location":"","composite_editable_in_cart":false,"composite_sold_individually_context":"","composite_shop_price_calc":"","composite_components":[],"composite_scenarios":[],"jetpack_sharing_enabled":true,"_links":{"self":[{"href":"https:\/\/www.boardlife.se\/en\/wp-json\/wp\/v2\/product\/134009","targetHints":{"allow":["GET"]}}],"collection":[{"href":"https:\/\/www.boardlife.se\/en\/wp-json\/wp\/v2\/product"}],"about":[{"href":"https:\/\/www.boardlife.se\/en\/wp-json\/wp\/v2\/types\/product"}],"replies":[{"embeddable":true,"href":"https:\/\/www.boardlife.se\/en\/wp-json\/wp\/v2\/comments?post=134009"}],"wp:featuredmedia":[{"embeddable":true,"href":"https:\/\/www.boardlife.se\/en\/wp-json\/wp\/v2\/media\/134013"}],"wp:attachment":[{"href":"https:\/\/www.boardlife.se\/en\/wp-json\/wp\/v2\/media?parent=134009"}],"wp:term":[{"taxonomy":"product_brand","embeddable":true,"href":"https:\/\/www.boardlife.se\/en\/wp-json\/wp\/v2\/product_brand?post=134009"},{"taxonomy":"product_cat","embeddable":true,"href":"https:\/\/www.boardlife.se\/en\/wp-json\/wp\/v2\/product_cat?post=134009"},{"taxonomy":"product_tag","embeddable":true,"href":"https:\/\/www.boardlife.se\/en\/wp-json\/wp\/v2\/product_tag?post=134009"}],"curies":[{"name":"wp","href":"https:\/\/api.w.org\/{rel}","templated":true}]}}