{"id":13372,"date":"2014-01-29T00:45:01","date_gmt":"2014-01-28T23:45:01","guid":{"rendered":"http:\/\/boardlife.se\/shop\/hjul\/orangatang-the-keanu-66mm-83a\/"},"modified":"2016-09-18T18:06:21","modified_gmt":"2016-09-18T16:06:21","slug":"orangatang-the-keanu-66mm-83a","status":"publish","type":"product","link":"https:\/\/www.boardlife.se\/en\/shop\/longboard\/longboard-components\/longboard-wheels\/orangatang-the-keanu-66mm-83a\/","title":{"rendered":"Orange Tong The Keanu 66mm 83a"},"content":{"rendered":"<p>Lovely freeride wheel from O-tang. The Keanu is an all-round wheel made to handle everything from long winding hills to shredded sessions in parking garages. 66mm size fits slightly smaller boards or very technical freeride. Made in O-tang&#039;s new PeachyThane formula.<br>\nDiameter: 66mm<br>\nContact area: 38mm<br>\nHub: Centerset<\/p>\n<p><iframe loading=\"lazy\" title=\"Orangatang Centerset Wheels\" width=\"500\" height=\"281\" src=\"https:\/\/www.youtube.com\/embed\/IVEIHc7Y4rQ?feature=oembed\" frameborder=\"0\" allow=\"accelerometer; autoplay; clipboard-write; encrypted-media; gyroscope; picture-in-picture; web-share\" referrerpolicy=\"strict-origin-when-cross-origin\" allowfullscreen><\/iframe><\/p>\n<p>This is what Orangatang says:<br>\n\u201cThe Keanu\u201d<br>\n66 mm diameter | 46.5 mm width | 38 mm contact | 139 g\/wheel | center set bearing seat<\/p>\n<p>With a diminutive presence and quick, bullet-time reflexes, The Keanu is a skilled and adaptable master of all terrains. Adept at slashing the asphalt point break as well as keeping up the speed for technical freeriding. Choose the red core. Whoa.<\/p>","protected":false},"excerpt":{"rendered":"<p>H\u00e4rligt freeridehjul fr\u00e5n O-tang. The Keanu \u00e4r ett allroundhjul gjort f\u00f6r att klara allt fr\u00e5n l\u00e5nga slingrande backar till shredd sessions i parkeringshus. 66mm stort passar till lite mindre br\u00e4dor eller v\u00e4ldigt teknisk freeride. Tillverkad i O-tangs nya PeachyThane formula. Diameter: 66mm Kontaktyta: 38mm Hub: Centerset S\u00e5 h\u00e4r s\u00e4ger Orangatang: \u201cThe Keanu\u201d 66 mm diameter | 46.5 mm width | [&hellip;]<\/p>","protected":false},"featured_media":28311,"comment_status":"open","ping_status":"closed","template":"","meta":[],"product_brand":[2588],"product_cat":[38],"product_tag":[877],"class_list":{"0":"post-13372","1":"product","2":"type-product","3":"status-publish","4":"has-post-thumbnail","6":"product_brand-orangatang-wheels","7":"product_cat-wheels-longboard","8":"product_tag-orangatang-wheels","9":"pa_diameter-66mm","10":"pa_durometer-86a","11":"pa_hub-placering-centerset","12":"pa_kontaktyta-38mm","13":"pa_manufacturer-orangatang-wheels","15":"first","16":"instock","17":"taxable","18":"shipping-taxable","19":"purchasable","20":"product-type-simple"},"composite_virtual":false,"composite_layout":"","composite_add_to_cart_form_location":"","composite_editable_in_cart":false,"composite_sold_individually_context":"","composite_shop_price_calc":"","composite_components":[],"composite_scenarios":[],"jetpack_sharing_enabled":true,"_links":{"self":[{"href":"https:\/\/www.boardlife.se\/en\/wp-json\/wp\/v2\/product\/13372","targetHints":{"allow":["GET"]}}],"collection":[{"href":"https:\/\/www.boardlife.se\/en\/wp-json\/wp\/v2\/product"}],"about":[{"href":"https:\/\/www.boardlife.se\/en\/wp-json\/wp\/v2\/types\/product"}],"replies":[{"embeddable":true,"href":"https:\/\/www.boardlife.se\/en\/wp-json\/wp\/v2\/comments?post=13372"}],"wp:featuredmedia":[{"embeddable":true,"href":"https:\/\/www.boardlife.se\/en\/wp-json\/wp\/v2\/media\/28311"}],"wp:attachment":[{"href":"https:\/\/www.boardlife.se\/en\/wp-json\/wp\/v2\/media?parent=13372"}],"wp:term":[{"taxonomy":"product_brand","embeddable":true,"href":"https:\/\/www.boardlife.se\/en\/wp-json\/wp\/v2\/product_brand?post=13372"},{"taxonomy":"product_cat","embeddable":true,"href":"https:\/\/www.boardlife.se\/en\/wp-json\/wp\/v2\/product_cat?post=13372"},{"taxonomy":"product_tag","embeddable":true,"href":"https:\/\/www.boardlife.se\/en\/wp-json\/wp\/v2\/product_tag?post=13372"}],"curies":[{"name":"wp","href":"https:\/\/api.w.org\/{rel}","templated":true}]}}