{"id":13370,"date":"2014-01-29T00:33:01","date_gmt":"2014-01-28T23:33:01","guid":{"rendered":"http:\/\/boardlife.se\/produkt\/orangatang-the-kilmer-80mm-86a-gul\/"},"modified":"2017-01-01T12:16:17","modified_gmt":"2017-01-01T11:16:17","slug":"orangatang-the-kilmer-69mm-86a","status":"publish","type":"product","link":"https:\/\/www.boardlife.se\/en\/shop\/longboard\/longboard-components\/longboard-wheels\/orangatang-the-kilmer-69mm-86a\/","title":{"rendered":"Orangutan The Kilmer 69mm 86a"},"content":{"rendered":"<p>Nice freeride wheel from O-tang. The Keanu is an all-round wheel made to handle everything from long winding hills to shredded sessions in parking garages. 69mm makes the Kilmer the most all-round wheel in the centerset series. Made in O-tang&#039;s new PeachyThane formula.<\/p>\n<p>Diameter: 69mm<br>\nContact area: 39.5mm<br>\nHub: Centerset<\/p>\n<p><span style=\"line-height: 1.5em;\">This is what Orangatang says:<\/span><\/p>\n<p>\u201cThe Kilmer\u201d<br>\n69 mm diameter | 48 mm width | 39.5 mm contact | 159 g\/wheel | center set bearing seat<\/p>\n<p>An ace at both supersonic speeds and tight, hairpin-riddled dogfights, The Kilmer keeps it cool like ice in any freeride-focused mission. The Kilmer is the star student with a size and personality that everyone can love. Just say, \u201cYou can be my wingman anytime.\u201d Come on, baby, bite my wire.<\/p>\n<a href=\"#\" class=\"fw-video-link fw-video-link-text sf-button sf-icon-stroke accent\" data-video=\"https:\/\/www.youtube.com\/embed\/IVEIHc7Y4rQ?autoplay=1\"><i class=\"ss-play\"><\/i><span class=\"text\">Product video<\/span><\/a>","protected":false},"excerpt":{"rendered":"<p>Sk\u00f6nt freeridehjul fr\u00e5n O-tang. The Keanu \u00e4r ett allroundhjul gjort f\u00f6r att klara allt fr\u00e5n l\u00e5nga slingrande backar till shredd sessions i parkeringshus. 69mm g\u00f6r the Kilmer till det mest allround hjulet i centersetserien.\u00a0Tillverkad i O-tangs nya PeachyThane formula. Diameter: 69mm Kontaktyta: 39,5mm Hub: Centerset S\u00e5 h\u00e4r s\u00e4ger Orangatang: \u201cThe Kilmer\u201d 69 mm diameter | 48 mm width | 39.5 [&hellip;]<\/p>","protected":false},"featured_media":13368,"comment_status":"open","ping_status":"closed","template":"","meta":[],"product_brand":[2588],"product_cat":[38],"product_tag":[877],"class_list":{"0":"post-13370","1":"product","2":"type-product","3":"status-publish","4":"has-post-thumbnail","6":"product_brand-orangatang-wheels","7":"product_cat-wheels-longboard","8":"product_tag-orangatang-wheels","9":"pa_diameter-69mm","10":"pa_durometer-86a","11":"pa_hub-placering-centerset","12":"pa_kontaktyta-395mm","13":"pa_kontaktyta-48mm","14":"pa_manufacturer-orangatang-wheels","16":"first","17":"instock","18":"taxable","19":"shipping-taxable","20":"purchasable","21":"product-type-simple"},"composite_virtual":false,"composite_layout":"","composite_add_to_cart_form_location":"","composite_editable_in_cart":false,"composite_sold_individually_context":"","composite_shop_price_calc":"","composite_components":[],"composite_scenarios":[],"jetpack_sharing_enabled":true,"_links":{"self":[{"href":"https:\/\/www.boardlife.se\/en\/wp-json\/wp\/v2\/product\/13370","targetHints":{"allow":["GET"]}}],"collection":[{"href":"https:\/\/www.boardlife.se\/en\/wp-json\/wp\/v2\/product"}],"about":[{"href":"https:\/\/www.boardlife.se\/en\/wp-json\/wp\/v2\/types\/product"}],"replies":[{"embeddable":true,"href":"https:\/\/www.boardlife.se\/en\/wp-json\/wp\/v2\/comments?post=13370"}],"wp:featuredmedia":[{"embeddable":true,"href":"https:\/\/www.boardlife.se\/en\/wp-json\/wp\/v2\/media\/13368"}],"wp:attachment":[{"href":"https:\/\/www.boardlife.se\/en\/wp-json\/wp\/v2\/media?parent=13370"}],"wp:term":[{"taxonomy":"product_brand","embeddable":true,"href":"https:\/\/www.boardlife.se\/en\/wp-json\/wp\/v2\/product_brand?post=13370"},{"taxonomy":"product_cat","embeddable":true,"href":"https:\/\/www.boardlife.se\/en\/wp-json\/wp\/v2\/product_cat?post=13370"},{"taxonomy":"product_tag","embeddable":true,"href":"https:\/\/www.boardlife.se\/en\/wp-json\/wp\/v2\/product_tag?post=13370"}],"curies":[{"name":"wp","href":"https:\/\/api.w.org\/{rel}","templated":true}]}}