{"id":13364,"date":"2014-01-29T00:15:05","date_gmt":"2014-01-28T23:15:05","guid":{"rendered":"http:\/\/boardlife.se\/produkt\/orangatang-the-cage-80mm-83a-lila-kopia\/"},"modified":"2016-09-18T21:17:10","modified_gmt":"2016-09-18T19:17:10","slug":"orangatang-the-cage-73mm-86a","status":"publish","type":"product","link":"https:\/\/www.boardlife.se\/en\/shop\/longboard\/longboard-components\/longboard-wheels\/orangatang-the-cage-73mm-86a\/","title":{"rendered":"Orange Tong Cage 73mm 86a"},"content":{"rendered":"<p>New freeride wheel from O-tang. The Cage is an all-round wheel made to handle everything from long winding hills to shred sessions in parking garages. With its 73mm there is plenty of urethane to wear down as well as material to absorb vibrations and bumps. Made in O-tang&#039;s new PeachyThane formula.<\/p>\n<p>Diameter: 73mm<br>\nContact area: 41.5mm<br>\nHub: Centerset<\/p>\n<p><span style=\"line-height: 1.5em;\">This is what Orangatang says:<\/span><\/p>\n<p>\u201cThe Cage\u201d<br>\n73 mm diameter | 50 mm width | 41.4 mm contact | 187 g\/wheel | center set bearing seat<\/p>\n<p>Tall and charming, The Cage holds it together with an air of calm and collected charisma... but is always prepared to lose its shit and get wild. The Cage is here to deliver when the script calls for inordinate momentum, firm yet pliable grip, and high-speed slides. Step away from the bike... and get your downhill fix on four wheels.<\/p>\n<a href=\"#\" class=\"fw-video-link fw-video-link-text sf-button sf-icon-stroke accent\" data-video=\"https:\/\/www.youtube.com\/embed\/IVEIHc7Y4rQ?autoplay=1\"><i class=\"ss-play\"><\/i><span class=\"text\">Product video<\/span><\/a>","protected":false},"excerpt":{"rendered":"<p>Nytt freeridehjul fr\u00e5n O-tang. The Cage \u00e4r ett allroundhjul gjort f\u00f6r att klara allt fr\u00e5n l\u00e5nga slingrande backar till shredd sessions i parkeringshus. Med sina 73mm finns det mycket uretan att slita ner samt material att absorbera vibrationer och oj\u00e4mnheter.\u00a0Tillverkad i O-tangs nya PeachyThane formula. Diameter: 73mm Kontaktyta: 41,5mm Hub: Centerset S\u00e5 h\u00e4r s\u00e4ger Orangatang: \u201cThe Cage\u201d 73 mm diameter [&hellip;]<\/p>","protected":false},"featured_media":13363,"comment_status":"open","ping_status":"closed","template":"","meta":[],"product_brand":[2588],"product_cat":[38],"product_tag":[877],"class_list":{"0":"post-13364","1":"product","2":"type-product","3":"status-publish","4":"has-post-thumbnail","6":"product_brand-orangatang-wheels","7":"product_cat-wheels-longboard","8":"product_tag-orangatang-wheels","9":"pa_diameter-73mm","10":"pa_durometer-86a","11":"pa_hub-placering-centerset","12":"pa_kontaktyta-414mm","13":"pa_kontaktyta-50mm","15":"first","16":"instock","17":"taxable","18":"shipping-taxable","19":"purchasable","20":"product-type-simple"},"composite_virtual":false,"composite_layout":"","composite_add_to_cart_form_location":"","composite_editable_in_cart":false,"composite_sold_individually_context":"","composite_shop_price_calc":"","composite_components":[],"composite_scenarios":[],"jetpack_sharing_enabled":true,"_links":{"self":[{"href":"https:\/\/www.boardlife.se\/en\/wp-json\/wp\/v2\/product\/13364","targetHints":{"allow":["GET"]}}],"collection":[{"href":"https:\/\/www.boardlife.se\/en\/wp-json\/wp\/v2\/product"}],"about":[{"href":"https:\/\/www.boardlife.se\/en\/wp-json\/wp\/v2\/types\/product"}],"replies":[{"embeddable":true,"href":"https:\/\/www.boardlife.se\/en\/wp-json\/wp\/v2\/comments?post=13364"}],"wp:featuredmedia":[{"embeddable":true,"href":"https:\/\/www.boardlife.se\/en\/wp-json\/wp\/v2\/media\/13363"}],"wp:attachment":[{"href":"https:\/\/www.boardlife.se\/en\/wp-json\/wp\/v2\/media?parent=13364"}],"wp:term":[{"taxonomy":"product_brand","embeddable":true,"href":"https:\/\/www.boardlife.se\/en\/wp-json\/wp\/v2\/product_brand?post=13364"},{"taxonomy":"product_cat","embeddable":true,"href":"https:\/\/www.boardlife.se\/en\/wp-json\/wp\/v2\/product_cat?post=13364"},{"taxonomy":"product_tag","embeddable":true,"href":"https:\/\/www.boardlife.se\/en\/wp-json\/wp\/v2\/product_tag?post=13364"}],"curies":[{"name":"wp","href":"https:\/\/api.w.org\/{rel}","templated":true}]}}