{"id":132471,"date":"2021-01-18T17:53:50","date_gmt":"2021-01-18T16:53:50","guid":{"rendered":"https:\/\/www.boardlife.se\/?post_type=product&#038;p=132471"},"modified":"2026-02-08T08:16:24","modified_gmt":"2026-02-08T07:16:24","slug":"heartwood-artless-basic-raw-8-0-complete","status":"publish","type":"product","link":"https:\/\/www.boardlife.se\/en\/shop\/skateboard\/complete-skateboards\/heartwood-artless-basic-raw-8-0-complete\/","title":{"rendered":"Heartwood Artless Basic RAW 8.0\u2033 Complete"},"content":{"rendered":"<p>Heartwood Artless Basic RAW is a simpler board from Heartwood. For those who want something very stylish but don&#039;t want to pay too much. RAW comes both as a plank and as a complete version if you prefer to have everything ready. RAW has a slightly softer construction in the plank which makes the board a little softer than their other boards. Still 7 layers of maple but they have made the series a little simpler to be able to push the price down a little extra. Therefore RAW is suitable for those who don&#039;t weigh as much or who ride a little softer. If you are an experienced rider or someone who rides more aggressively, we recommend a stiffer board instead.<\/p>\n<p>Here you have a complete setup that really gives you value for your money. You get the awesome Bedrock Standard Street together with Heartwoods <a class=\"glossaryLink\" aria-describedby=\"tt\" data-cmtooltip=\"&lt;div class=glossaryItemTitle&gt;Spacer&lt;\/div&gt;&lt;div class=glossaryItemBody&gt;Spacer &auml;r den distans som ligger mellan dina kullager inne i hjulet. Den fungerar genom att se till att dina kullager inte pressas ihop konstigt om du drar &aring;t din axelmutter. Du kan fortfarande &aring;ka utan den men vill du f&ouml;rs&auml;kra dig om att kullagerbanorna inte blir skeva eller bromsar upp ditt hjul n&auml;r du sv&auml;nger &auml;r det rekommenderat att anv&auml;nda detta. En liten kostnad f&ouml;r att f&ouml;rb&auml;ttra. Vissa kullager har redan detta inbyggt p&aring; sig, denna typ av kullager kallas oftast f&ouml;r built-in.&lt;\/div&gt;&lt;div class=cmtt_synonyms_wrapper&gt;&lt;div class=cmtt_synonyms_title&gt;Synonymer: &lt;\/div&gt;&lt;div class=cmtt_synonyms&gt;Built-in&lt;\/div&gt;&lt;\/div&gt;&lt;div class=glossaryTooltipMoreLinkWrapper&gt;&lt;a class=glossaryTooltipMoreLink href=https:\/\/www.boardlife.se\/en\/glossary\/spacer\/ &gt;L&auml;s mer&lt;\/a&gt;&lt;\/div&gt;\" href=\"https:\/\/www.boardlife.se\/en\/glossary\/spacer\/\" data-mobile-support=\"0\" data-gt-translate-attributes='[{\"attribute\":\"data-cmtooltip\", \"format\":\"html\"}]'>built-in<\/a> ball bearings (abec-9) together with Royal Rubbers in 52mm 99a for a versatile ride.<\/p>\n<h3>Original Description:<\/h3>\n<p>The Artless Series is a basic line we launched in order to suit every wallet. We wanted to discard any extra fuzz and produce a board that is pure and simple. The basic line is still made from 7 layers of maple. No bulls**t, just a plain and decent board. We&#039;ve made the construction a bit softer which means it will suit the lighter riders better. If you prefer hitting the streets\/park harder or if you have more weight on your board you should go for our regular series of decks. For beginners or smaller riders this one will suit you just great. We added a mellow <a class=\"glossaryLink cmtt_Komponenter\" aria-describedby=\"tt\" data-cmtooltip=\"&lt;div class=glossaryItemTitle&gt;Konkav&lt;\/div&gt;&lt;div class=glossaryItemBody&gt;De flesta br&auml;dor\/deck &auml;r sk&aring;lade i n&aring;gon m&aring;n. Man har med andra ord h&ouml;gre ytterkanter d&aring; man st&auml;ller sig p&aring; br&auml;dan. Detta kallas f&ouml;r concave eller konkav p&aring; svenska. &lt;\/div&gt;&lt;div class=cmtt_synonyms_wrapper&gt;&lt;div class=cmtt_synonyms_title&gt;Synonymer: &lt;\/div&gt;&lt;div class=cmtt_synonyms&gt;concave&lt;\/div&gt;&lt;\/div&gt;&lt;div class=glossaryTooltipMoreLinkWrapper&gt;&lt;a class=glossaryTooltipMoreLink href=https:\/\/www.boardlife.se\/en\/glossary\/concave-2\/ &gt;L&auml;s mer&lt;\/a&gt;&lt;\/div&gt;\" href=\"https:\/\/www.boardlife.se\/en\/glossary\/concave-2\/\" data-mobile-support=\"0\" data-gt-translate-attributes='[{\"attribute\":\"data-cmtooltip\", \"format\":\"html\"}]'>concave<\/a> to suit an all-round type of skater. The Artless Series RAW is also available as a complete if you prefer to have it all arranged for you.<\/p>","protected":false},"excerpt":{"rendered":"<p>Heartwood presenterar en enklare br\u00e4da i 8.0&#8243; till ett bra pris. Basic-serien \u00e4r fortfarande gjord av 7 lager l\u00f6nn men konstruktionen \u00e4r simplare vilket g\u00f6r br\u00e4dan lite softare. Denna br\u00e4da passar den som kanske \u00e4r nyb\u00f6rjare eller inte har lika mycket vikt under f\u00f6tterna. Eller helt enkelt den som f\u00f6redrar att k\u00f6ra lite softare eftersom den \u00e4r en aning mjukare i flexen. Hur som haver f\u00e5r du en riktigt prisv\u00e4rd br\u00e4da utan f\u00f6r mycket krimskrams till ett pris som \u00e4r extra trevligt.<\/p>\n<p>H\u00e4r har du en komplett setup som verkligen ger dig valuta f\u00f6r pengarna. Du f\u00e5r grymt sk\u00f6na Bedrock Standard Street ihop med Heartwoods built-in kullager (abec-9) ihop med Royal Rubbers i 52mm 99a f\u00f6r en m\u00e5ngsidig \u00e5kning.<\/p>","protected":false},"featured_media":132469,"comment_status":"open","ping_status":"closed","template":"","meta":[],"product_brand":[2570],"product_cat":[920],"product_tag":[],"class_list":{"0":"post-132471","1":"product","2":"type-product","3":"status-publish","4":"has-post-thumbnail","6":"product_brand-heartwood","7":"product_cat-complete-skateboards","8":"pa_concave-low","9":"pa_konstruktion-7-lager-lonn","10":"pa_manufacturer-heartwood","11":"pa_montering-yes-assembly","12":"pa_montering-no-assembly","13":"pa_width-8-0-203-cm","15":"first","16":"instock","17":"sale","18":"taxable","19":"shipping-taxable","20":"purchasable","21":"product-type-variable","22":"has-default-attributes"},"composite_virtual":false,"composite_layout":"","composite_add_to_cart_form_location":"","composite_editable_in_cart":false,"composite_sold_individually_context":"","composite_shop_price_calc":"","composite_components":[],"composite_scenarios":[],"jetpack_sharing_enabled":true,"_links":{"self":[{"href":"https:\/\/www.boardlife.se\/en\/wp-json\/wp\/v2\/product\/132471","targetHints":{"allow":["GET"]}}],"collection":[{"href":"https:\/\/www.boardlife.se\/en\/wp-json\/wp\/v2\/product"}],"about":[{"href":"https:\/\/www.boardlife.se\/en\/wp-json\/wp\/v2\/types\/product"}],"replies":[{"embeddable":true,"href":"https:\/\/www.boardlife.se\/en\/wp-json\/wp\/v2\/comments?post=132471"}],"wp:featuredmedia":[{"embeddable":true,"href":"https:\/\/www.boardlife.se\/en\/wp-json\/wp\/v2\/media\/132469"}],"wp:attachment":[{"href":"https:\/\/www.boardlife.se\/en\/wp-json\/wp\/v2\/media?parent=132471"}],"wp:term":[{"taxonomy":"product_brand","embeddable":true,"href":"https:\/\/www.boardlife.se\/en\/wp-json\/wp\/v2\/product_brand?post=132471"},{"taxonomy":"product_cat","embeddable":true,"href":"https:\/\/www.boardlife.se\/en\/wp-json\/wp\/v2\/product_cat?post=132471"},{"taxonomy":"product_tag","embeddable":true,"href":"https:\/\/www.boardlife.se\/en\/wp-json\/wp\/v2\/product_tag?post=132471"}],"curies":[{"name":"wp","href":"https:\/\/api.w.org\/{rel}","templated":true}]}}