{"id":121116,"date":"2020-08-27T16:00:47","date_gmt":"2020-08-27T14:00:47","guid":{"rendered":"https:\/\/www.boardlife.se\/?post_type=product&#038;p=121116"},"modified":"2024-04-14T11:35:45","modified_gmt":"2024-04-14T09:35:45","slug":"epic-balance-board-galapagos","status":"publish","type":"product","link":"https:\/\/www.boardlife.se\/en\/shop\/surfing-2\/epic-balance-board-galapagos\/","title":{"rendered":"Epic Balance Board Galapagos"},"content":{"rendered":"<p>Balance boards are the perfect way to keep your balance on top when you can&#039;t stand on your regular board. Epic Balance Boards are boards with a really nice finish and high quality. Balance Boards are an effective way to practice your strength, balance and body control regardless of whether you skateboard, longboard, snowboard, surf or not. The balance boards can be used for the gym, rehab, yoga or whatever you can think of. Practicing your balance and strength is a good way to avoid injuries but at the same time to train all the muscles of the body in a gentle way.<\/p>\n<p>Galapagos &auml;r en balance board ur Epics surfigare serie som efterliknas en surfbr&auml;da. Dessutom har plankan en sk&ouml;n <a class=\"glossaryLink cmtt_Snowboard cmtt_Longboard\" aria-describedby=\"tt\" data-cmtooltip=\"&lt;div class=glossaryItemTitle&gt;Rocker&lt;\/div&gt;&lt;div class=glossaryItemBody&gt;Rocker &auml;r n&auml;r br&auml;dans l&auml;gsta punkt &auml;r mitt p&aring; och d&auml;r br&auml;dans nose och tail &auml;r b&ouml;jda upp&aring;t. T&auml;nk dig att br&auml;dan skulle vara b&ouml;jd som en banan d&auml;r sidorna g&aring;r upp. Det ger dig oftast lite mer stabilitet och du f&aring;r b&auml;ttre kontakt med underlaget. &lt;\/div&gt;&lt;div class=glossaryTooltipMoreLinkWrapper&gt;&lt;a class=glossaryTooltipMoreLink href=https:\/\/www.boardlife.se\/en\/glossary\/rocker\/ &gt;L&auml;s mer&lt;\/a&gt;&lt;\/div&gt;\" href=\"https:\/\/www.boardlife.se\/en\/glossary\/rocker\/\" data-mobile-support=\"0\" data-gt-translate-attributes='[{\"attribute\":\"data-cmtooltip\", \"format\":\"html\"}]'>rocker<\/a> which makes it both more enjoyable and more challenging. Bring surfing into your living room and build your best pre-season training!<\/p>","protected":false},"excerpt":{"rendered":"<p>Epic Balance Board \u00e4r ett roligt s\u00e4tt att \u00f6va upp din balans n\u00e4r du inte st\u00e5r p\u00e5 vanliga br\u00e4dan (oavsett br\u00e4dsport). Effektivt s\u00e4tt att tr\u00e4na styrka och kroppskontroll p\u00e5 ett skonsamt s\u00e4tt. Epic finns i flera varianter och former f\u00f6r att passa dig p\u00e5 b\u00e4sta s\u00e4tt. Denna utg\u00e5va har f\u00f6rs\u00f6kt efterlikna surfbr\u00e4dan s\u00e5 mycket det g\u00e5r. Du f\u00e5r dessutom en sk\u00f6n rocker p\u00e5 plankan som g\u00f6r den sk\u00f6n men ocks\u00e5 mer utmanande.<\/p>\n<p>Supplied complete with roll.<\/p>","protected":false},"featured_media":121117,"comment_status":"open","ping_status":"closed","template":"","meta":[],"product_brand":[2556],"product_cat":[1913,1490],"product_tag":[],"class_list":{"0":"post-121116","1":"product","2":"type-product","3":"status-publish","4":"has-post-thumbnail","6":"product_brand-epic-balance-boards","7":"product_cat-balance-board","8":"product_cat-surf","9":"pa_manufacturer-epic-balance-boards","11":"first","12":"outofstock","13":"taxable","14":"shipping-taxable","15":"purchasable","16":"product-type-simple"},"composite_virtual":false,"composite_layout":"","composite_add_to_cart_form_location":"","composite_editable_in_cart":false,"composite_sold_individually_context":"","composite_shop_price_calc":"","composite_components":[],"composite_scenarios":[],"jetpack_sharing_enabled":true,"_links":{"self":[{"href":"https:\/\/www.boardlife.se\/en\/wp-json\/wp\/v2\/product\/121116","targetHints":{"allow":["GET"]}}],"collection":[{"href":"https:\/\/www.boardlife.se\/en\/wp-json\/wp\/v2\/product"}],"about":[{"href":"https:\/\/www.boardlife.se\/en\/wp-json\/wp\/v2\/types\/product"}],"replies":[{"embeddable":true,"href":"https:\/\/www.boardlife.se\/en\/wp-json\/wp\/v2\/comments?post=121116"}],"wp:featuredmedia":[{"embeddable":true,"href":"https:\/\/www.boardlife.se\/en\/wp-json\/wp\/v2\/media\/121117"}],"wp:attachment":[{"href":"https:\/\/www.boardlife.se\/en\/wp-json\/wp\/v2\/media?parent=121116"}],"wp:term":[{"taxonomy":"product_brand","embeddable":true,"href":"https:\/\/www.boardlife.se\/en\/wp-json\/wp\/v2\/product_brand?post=121116"},{"taxonomy":"product_cat","embeddable":true,"href":"https:\/\/www.boardlife.se\/en\/wp-json\/wp\/v2\/product_cat?post=121116"},{"taxonomy":"product_tag","embeddable":true,"href":"https:\/\/www.boardlife.se\/en\/wp-json\/wp\/v2\/product_tag?post=121116"}],"curies":[{"name":"wp","href":"https:\/\/api.w.org\/{rel}","templated":true}]}}