{"id":113554,"date":"2020-07-11T15:14:37","date_gmt":"2020-07-11T13:14:37","guid":{"rendered":"https:\/\/www.boardlife.se\/?post_type=product&#038;p=113554"},"modified":"2025-07-28T01:29:09","modified_gmt":"2025-07-27T23:29:09","slug":"american-socks-stifler","status":"publish","type":"product","link":"https:\/\/www.boardlife.se\/en\/shop\/streetwear\/socks\/american-socks-stifler\/","title":{"rendered":"American Socks Stifler"},"content":{"rendered":"<p>If you want to be a real hardcore skater, listen up now. American Socks is the brand that gives you that look and feel. American Socks lives for an alternative lifestyle where you can express your style through your socks. Inspired by the 70s, American Socks delivers a sock with the right fit and reinforced around the heel and toe.<\/p>\n<p>Stifler comes in the height Mid High and the size One Size which corresponds to approximately 36-45.<\/p>","protected":false},"excerpt":{"rendered":"<p>Inspirerade av 70-talet levererar American Socks en strumpa med r\u00e4tt stuk och f\u00f6rst\u00e4rkt kring h\u00e4l och t\u00e5 f\u00f6r att ge dig b\u00e5de funktion och look. Du kommer garanterat bli snyggare oavsett hur du s\u00e5g ut innan.<\/p>\n<p>Stifler kommer i h\u00f6jden Mid High och storleken One Size som motsvarar ca 36-45.<\/p>","protected":false},"featured_media":113979,"comment_status":"open","ping_status":"closed","template":"","meta":[],"product_brand":[2526],"product_cat":[1703],"product_tag":[],"class_list":{"0":"post-113554","1":"product","2":"type-product","3":"status-publish","4":"has-post-thumbnail","6":"product_brand-american-socks","7":"product_cat-socks","8":"pa_manufacturer-american-socks","9":"pa_storlekar-one-size-36-45","11":"first","12":"instock","13":"taxable","14":"shipping-taxable","15":"purchasable","16":"product-type-simple"},"composite_virtual":false,"composite_layout":"","composite_add_to_cart_form_location":"","composite_editable_in_cart":false,"composite_sold_individually_context":"","composite_shop_price_calc":"","composite_components":[],"composite_scenarios":[],"jetpack_sharing_enabled":true,"_links":{"self":[{"href":"https:\/\/www.boardlife.se\/en\/wp-json\/wp\/v2\/product\/113554","targetHints":{"allow":["GET"]}}],"collection":[{"href":"https:\/\/www.boardlife.se\/en\/wp-json\/wp\/v2\/product"}],"about":[{"href":"https:\/\/www.boardlife.se\/en\/wp-json\/wp\/v2\/types\/product"}],"replies":[{"embeddable":true,"href":"https:\/\/www.boardlife.se\/en\/wp-json\/wp\/v2\/comments?post=113554"}],"wp:featuredmedia":[{"embeddable":true,"href":"https:\/\/www.boardlife.se\/en\/wp-json\/wp\/v2\/media\/113979"}],"wp:attachment":[{"href":"https:\/\/www.boardlife.se\/en\/wp-json\/wp\/v2\/media?parent=113554"}],"wp:term":[{"taxonomy":"product_brand","embeddable":true,"href":"https:\/\/www.boardlife.se\/en\/wp-json\/wp\/v2\/product_brand?post=113554"},{"taxonomy":"product_cat","embeddable":true,"href":"https:\/\/www.boardlife.se\/en\/wp-json\/wp\/v2\/product_cat?post=113554"},{"taxonomy":"product_tag","embeddable":true,"href":"https:\/\/www.boardlife.se\/en\/wp-json\/wp\/v2\/product_tag?post=113554"}],"curies":[{"name":"wp","href":"https:\/\/api.w.org\/{rel}","templated":true}]}}