{"id":113544,"date":"2020-07-11T14:21:25","date_gmt":"2020-07-11T12:21:25","guid":{"rendered":"https:\/\/www.boardlife.se\/?post_type=product&#038;p=113544"},"modified":"2024-12-04T01:57:30","modified_gmt":"2024-12-04T00:57:30","slug":"american-socks-red-noise","status":"publish","type":"product","link":"https:\/\/www.boardlife.se\/en\/shop\/streetwear\/socks\/american-socks-red-noise\/","title":{"rendered":"American Socks Red Noise"},"content":{"rendered":"<p>If you want to be a real hardcore skater, listen up now. American Socks is the brand that gives you that look and feel. American Socks lives for an alternative lifestyle where you can express your style through your socks. Inspired by the 70s, American Socks delivers a sock with the right fit and reinforced around the heel and toe.<\/p>\n<p>It&#039;s also true that the socks will give your skate and everyday skills a boost. Listen and be amazed, Red Noise gives you additional charisma and sound level compared to the other two models in the series:<\/p>\n<p>Nightmare Flip: +3<br>\nCharisma: +6<br>\nSound volume: +6<\/p>\n<p>Red Noise comes in the height Mid High and the size One Size which corresponds to approximately 36-45.<\/p>","protected":false},"excerpt":{"rendered":"<p>Om du vill vara ordentligt hardcore skate b\u00f6r du lyssna nu. American Socks \u00e4r m\u00e4rket som ger dig just den looken och k\u00e4nslan. American Socks lever f\u00f6r alternativ livsstil d\u00e4r du kan uttrycka din stil genom dina strumpor. Inspirerade av 70-talet levererar American Socks en strumpa med r\u00e4tt stuk och f\u00f6rst\u00e4rkt kring h\u00e4l och t\u00e5.<\/p>\n<p>Red Noise kommer i h\u00f6jden Mid High och storleken One Size som motsvarar ca 36-45.<\/p>","protected":false},"featured_media":113546,"comment_status":"open","ping_status":"closed","template":"","meta":[],"product_brand":[2526],"product_cat":[1703],"product_tag":[],"class_list":{"0":"post-113544","1":"product","2":"type-product","3":"status-publish","4":"has-post-thumbnail","6":"product_brand-american-socks","7":"product_cat-socks","8":"pa_manufacturer-american-socks","9":"pa_storlekar-one-size-36-45","11":"first","12":"outofstock","13":"taxable","14":"shipping-taxable","15":"purchasable","16":"product-type-simple"},"composite_virtual":false,"composite_layout":"","composite_add_to_cart_form_location":"","composite_editable_in_cart":false,"composite_sold_individually_context":"","composite_shop_price_calc":"","composite_components":[],"composite_scenarios":[],"jetpack_sharing_enabled":true,"_links":{"self":[{"href":"https:\/\/www.boardlife.se\/en\/wp-json\/wp\/v2\/product\/113544","targetHints":{"allow":["GET"]}}],"collection":[{"href":"https:\/\/www.boardlife.se\/en\/wp-json\/wp\/v2\/product"}],"about":[{"href":"https:\/\/www.boardlife.se\/en\/wp-json\/wp\/v2\/types\/product"}],"replies":[{"embeddable":true,"href":"https:\/\/www.boardlife.se\/en\/wp-json\/wp\/v2\/comments?post=113544"}],"wp:featuredmedia":[{"embeddable":true,"href":"https:\/\/www.boardlife.se\/en\/wp-json\/wp\/v2\/media\/113546"}],"wp:attachment":[{"href":"https:\/\/www.boardlife.se\/en\/wp-json\/wp\/v2\/media?parent=113544"}],"wp:term":[{"taxonomy":"product_brand","embeddable":true,"href":"https:\/\/www.boardlife.se\/en\/wp-json\/wp\/v2\/product_brand?post=113544"},{"taxonomy":"product_cat","embeddable":true,"href":"https:\/\/www.boardlife.se\/en\/wp-json\/wp\/v2\/product_cat?post=113544"},{"taxonomy":"product_tag","embeddable":true,"href":"https:\/\/www.boardlife.se\/en\/wp-json\/wp\/v2\/product_tag?post=113544"}],"curies":[{"name":"wp","href":"https:\/\/api.w.org\/{rel}","templated":true}]}}