{"id":112469,"date":"2020-06-17T12:34:44","date_gmt":"2020-06-17T10:34:44","guid":{"rendered":"https:\/\/www.boardlife.se\/?post_type=product&#038;p=112469"},"modified":"2024-08-09T10:22:38","modified_gmt":"2024-08-09T08:22:38","slug":"loaded-coyote","status":"publish","type":"product","link":"https:\/\/boardlife.se\/en\/shop\/longboard\/deck-only-longboard\/loaded-coyote\/","title":{"rendered":"Loaded Coyote"},"content":{"rendered":"<p>Old school, designad f\u00f6r att shreddas och h\u00e5ller inte tillbaks. Loaded Coyote \u00e4r en skatehybrid som \u00e4r designad f\u00f6r att h\u00e5lla dig kvar p\u00e5 br\u00e4dan s\u00e5 du kan k\u00f6tta i stan eller i pool. Ordentligt med fotf\u00e4ste och rej\u00e4l l\u00f6nnpop, \u00e4r denna kompakta br\u00e4dan perfekt f\u00f6r freestyle, freeride eller street.<\/p>\n<p>&nbsp;<\/p>\n<p>&nbsp;<\/p>\n<p><iframe loading=\"lazy\" title=\"The Adventures of The Coyote | Loaded Boards\" width=\"1290\" height=\"726\" src=\"https:\/\/www.youtube.com\/embed\/SxOXJcKnpm0?feature=oembed\" frameborder=\"0\" allow=\"accelerometer; autoplay; clipboard-write; encrypted-media; gyroscope; picture-in-picture; web-share\" referrerpolicy=\"strict-origin-when-cross-origin\" allowfullscreen><\/iframe><\/p>\n<p>&nbsp;<\/p>\n<h3 class=\"icRight\">Original Description<\/h3>\n<div>Based on the overwhelming response to the Kut-thaka, we\u2019ve re-imagined our classic single-kick shredder with a new maple construction while keeping the same ergonomic curvatures, functional kicktail, and wheel flares you\u2019ve come to love. A lightweight, compact, locker friendly city slasher that\u2019s perfect for freeride, freestyle, and cruising the streets. Not to mention easy on the wallet. Howl at the moon!<\/div>\n<p>&nbsp;<\/p>","protected":false},"excerpt":{"rendered":"<p>Loaded Coyote is a really fun skate hybrid from Loaded with a little more playful features for those who want to be able to do some classic skate tricks on the board while traveling. The nice tail lets you do ollies on the road. If you want the board complete, we have put together some suggestions for it that you can find under complete longboards or by filtering Loaded under brands.<\/p>","protected":false},"featured_media":112470,"comment_status":"open","ping_status":"closed","template":"","meta":{"_gspb_post_css":"","_crdt_document":""},"product_brand":[2626],"product_cat":[22,854],"product_tag":[],"class_list":{"0":"post-112469","1":"product","2":"type-product","3":"status-publish","4":"has-post-thumbnail","6":"product_brand-venture","7":"product_cat-deck-only-longboard","8":"product_cat-deck-only","9":"pa_hjulbas-175-4445cm","10":"pa_length-30-75-781cm","11":"pa_manufacturer-loaded-boards","12":"pa_width-8-375-21-28cm","14":"first","15":"outofstock","16":"taxable","17":"shipping-taxable","18":"purchasable","19":"product-type-simple"},"ct_brands":[{"id":2626,"name":"Venture","slug":"venture"}],"yoast_head":"<!-- This site is optimized with the Yoast SEO plugin v27.5 - https:\/\/yoast.com\/product\/yoast-seo-wordpress\/ -->\n<title>Loaded Coyote - Boardlife<\/title>\n<meta name=\"description\" content=\"Loaded Coyote \u00e4r en riktigt rolig skatehybrid fr\u00e5n Loaded med lite lekfullare egenskaper f\u00f6r den som vill kunna g\u00f6ra lite klassiska skatetrick p\u00e5 br\u00e4dan under f\u00e4rden.\" \/>\n<meta name=\"robots\" content=\"index, follow, max-snippet:-1, max-image-preview:large, max-video-preview:-1\" \/>\n<link rel=\"canonical\" href=\"https:\/\/boardlife.se\/en\/shop\/longboard\/deck-only-longboard\/loaded-coyote\/?wmc-currency=SEK\" \/>\n<meta property=\"og:locale\" content=\"en_US\" \/>\n<meta property=\"og:type\" content=\"article\" \/>\n<meta property=\"og:title\" content=\"Loaded Coyote - Boardlife\" \/>\n<meta property=\"og:description\" content=\"Loaded Coyote \u00e4r en riktigt rolig skatehybrid fr\u00e5n Loaded med lite lekfullare egenskaper f\u00f6r den som vill kunna g\u00f6ra lite klassiska skatetrick p\u00e5 br\u00e4dan under f\u00e4rden.\" \/>\n<meta property=\"og:url\" content=\"https:\/\/boardlife.se\/en\/shop\/longboard\/deck-only-longboard\/loaded-coyote\/?wmc-currency=SEK\" \/>\n<meta property=\"og:site_name\" content=\"Boardlife\" \/>\n<meta property=\"article:publisher\" content=\"https:\/\/www.facebook.com\/Boardlife.se\" \/>\n<meta property=\"article:modified_time\" content=\"2024-08-09T08:22:38+00:00\" \/>\n<meta property=\"og:image\" content=\"https:\/\/boardlife.se\/wp-content\/uploads\/2020\/06\/Loaded-boards-coyote-deck.jpg\" \/>\n\t<meta property=\"og:image:width\" content=\"1000\" \/>\n\t<meta property=\"og:image:height\" content=\"1000\" \/>\n\t<meta property=\"og:image:type\" content=\"image\/jpeg\" \/>\n<meta name=\"twitter:card\" content=\"summary_large_image\" \/>\n<meta name=\"twitter:label1\" content=\"Est. reading time\" \/>\n\t<meta name=\"twitter:data1\" content=\"1 minute\" \/>\n<script type=\"application\/ld+json\" class=\"yoast-schema-graph\">{\"@context\":\"https:\\\/\\\/schema.org\",\"@graph\":[{\"@type\":\"WebPage\",\"@id\":\"https:\\\/\\\/boardlife.se\\\/shop\\\/longboard\\\/deck-only-longboard\\\/loaded-coyote\\\/\",\"url\":\"https:\\\/\\\/boardlife.se\\\/shop\\\/longboard\\\/deck-only-longboard\\\/loaded-coyote\\\/\",\"name\":\"Loaded Coyote - Boardlife\",\"isPartOf\":{\"@id\":\"https:\\\/\\\/boardlife.se\\\/#website\"},\"primaryImageOfPage\":{\"@id\":\"https:\\\/\\\/boardlife.se\\\/shop\\\/longboard\\\/deck-only-longboard\\\/loaded-coyote\\\/#primaryimage\"},\"image\":{\"@id\":\"https:\\\/\\\/boardlife.se\\\/shop\\\/longboard\\\/deck-only-longboard\\\/loaded-coyote\\\/#primaryimage\"},\"thumbnailUrl\":\"https:\\\/\\\/boardlife.se\\\/wp-content\\\/uploads\\\/2020\\\/06\\\/Loaded-boards-coyote-deck.jpg\",\"datePublished\":\"2020-06-17T10:34:44+00:00\",\"dateModified\":\"2024-08-09T08:22:38+00:00\",\"description\":\"Loaded Coyote \u00e4r en riktigt rolig skatehybrid fr\u00e5n Loaded med lite lekfullare egenskaper f\u00f6r den som vill kunna g\u00f6ra lite klassiska skatetrick p\u00e5 br\u00e4dan under f\u00e4rden.\",\"breadcrumb\":{\"@id\":\"https:\\\/\\\/boardlife.se\\\/shop\\\/longboard\\\/deck-only-longboard\\\/loaded-coyote\\\/#breadcrumb\"},\"inLanguage\":\"en-US\",\"potentialAction\":[{\"@type\":\"ReadAction\",\"target\":[\"https:\\\/\\\/boardlife.se\\\/shop\\\/longboard\\\/deck-only-longboard\\\/loaded-coyote\\\/\"]}]},{\"@type\":\"ImageObject\",\"inLanguage\":\"en-US\",\"@id\":\"https:\\\/\\\/boardlife.se\\\/shop\\\/longboard\\\/deck-only-longboard\\\/loaded-coyote\\\/#primaryimage\",\"url\":\"https:\\\/\\\/boardlife.se\\\/wp-content\\\/uploads\\\/2020\\\/06\\\/Loaded-boards-coyote-deck.jpg\",\"contentUrl\":\"https:\\\/\\\/boardlife.se\\\/wp-content\\\/uploads\\\/2020\\\/06\\\/Loaded-boards-coyote-deck.jpg\",\"width\":1000,\"height\":1000,\"caption\":\"Loaded boards coyote deck\"},{\"@type\":\"BreadcrumbList\",\"@id\":\"https:\\\/\\\/boardlife.se\\\/shop\\\/longboard\\\/deck-only-longboard\\\/loaded-coyote\\\/#breadcrumb\",\"itemListElement\":[{\"@type\":\"ListItem\",\"position\":1,\"name\":\"Hem\",\"item\":\"https:\\\/\\\/boardlife.se\\\/\"},{\"@type\":\"ListItem\",\"position\":2,\"name\":\"V\u00e4lkommen till skateparadiset\",\"item\":\"https:\\\/\\\/boardlife.se\\\/shop\\\/\"},{\"@type\":\"ListItem\",\"position\":3,\"name\":\"Loaded Coyote\"}]},{\"@type\":\"WebSite\",\"@id\":\"https:\\\/\\\/boardlife.se\\\/#website\",\"url\":\"https:\\\/\\\/boardlife.se\\\/\",\"name\":\"Boardlife.se\",\"description\":\"Provider of Lifestyle\",\"publisher\":{\"@id\":\"https:\\\/\\\/boardlife.se\\\/#organization\"},\"potentialAction\":[{\"@type\":\"SearchAction\",\"target\":{\"@type\":\"EntryPoint\",\"urlTemplate\":\"https:\\\/\\\/boardlife.se\\\/?s={search_term_string}\"},\"query-input\":{\"@type\":\"PropertyValueSpecification\",\"valueRequired\":true,\"valueName\":\"search_term_string\"}}],\"inLanguage\":\"en-US\"},{\"@type\":\"Organization\",\"@id\":\"https:\\\/\\\/boardlife.se\\\/#organization\",\"name\":\"Boardlife\",\"url\":\"https:\\\/\\\/boardlife.se\\\/\",\"logo\":{\"@type\":\"ImageObject\",\"inLanguage\":\"en-US\",\"@id\":\"https:\\\/\\\/boardlife.se\\\/#\\\/schema\\\/logo\\\/image\\\/\",\"url\":\"https:\\\/\\\/boardlife.se\\\/wp-content\\\/uploads\\\/2014\\\/09\\\/logo.png\",\"contentUrl\":\"https:\\\/\\\/boardlife.se\\\/wp-content\\\/uploads\\\/2014\\\/09\\\/logo.png\",\"width\":785,\"height\":103,\"caption\":\"Boardlife\"},\"image\":{\"@id\":\"https:\\\/\\\/boardlife.se\\\/#\\\/schema\\\/logo\\\/image\\\/\"},\"sameAs\":[\"https:\\\/\\\/www.facebook.com\\\/Boardlife.se\",\"http:\\\/\\\/instagram.com\\\/boardlife_official\"]}]}<\/script>\n<!-- \/ Yoast SEO plugin. -->","yoast_head_json":{"title":"Loaded Coyote - Boardlife","description":"Loaded Coyote is a really fun skate hybrid from Loaded with a little more playful features for those who want to be able to do some classic skate tricks on the board while riding.","robots":{"index":"index","follow":"follow","max-snippet":"max-snippet:-1","max-image-preview":"max-image-preview:large","max-video-preview":"max-video-preview:-1"},"canonical":"https:\/\/boardlife.se\/en\/shop\/longboard\/deck-only-longboard\/loaded-coyote\/?wmc-currency=SEK","og_locale":"en_US","og_type":"article","og_title":"Loaded Coyote - Boardlife","og_description":"Loaded Coyote \u00e4r en riktigt rolig skatehybrid fr\u00e5n Loaded med lite lekfullare egenskaper f\u00f6r den som vill kunna g\u00f6ra lite klassiska skatetrick p\u00e5 br\u00e4dan under f\u00e4rden.","og_url":"https:\/\/boardlife.se\/en\/shop\/longboard\/deck-only-longboard\/loaded-coyote\/?wmc-currency=SEK","og_site_name":"Boardlife","article_publisher":"https:\/\/www.facebook.com\/Boardlife.se","article_modified_time":"2024-08-09T08:22:38+00:00","og_image":[{"width":1000,"height":1000,"url":"https:\/\/boardlife.se\/wp-content\/uploads\/2020\/06\/Loaded-boards-coyote-deck.jpg","type":"image\/jpeg"}],"twitter_card":"summary_large_image","twitter_misc":{"Est. reading time":"1 minute"},"schema":{"@context":"https:\/\/schema.org","@graph":[{"@type":"WebPage","@id":"https:\/\/boardlife.se\/shop\/longboard\/deck-only-longboard\/loaded-coyote\/","url":"https:\/\/boardlife.se\/shop\/longboard\/deck-only-longboard\/loaded-coyote\/","name":"Loaded Coyote - Boardlife","isPartOf":{"@id":"https:\/\/boardlife.se\/#website"},"primaryImageOfPage":{"@id":"https:\/\/boardlife.se\/shop\/longboard\/deck-only-longboard\/loaded-coyote\/#primaryimage"},"image":{"@id":"https:\/\/boardlife.se\/shop\/longboard\/deck-only-longboard\/loaded-coyote\/#primaryimage"},"thumbnailUrl":"https:\/\/boardlife.se\/wp-content\/uploads\/2020\/06\/Loaded-boards-coyote-deck.jpg","datePublished":"2020-06-17T10:34:44+00:00","dateModified":"2024-08-09T08:22:38+00:00","description":"Loaded Coyote is a really fun skate hybrid from Loaded with a little more playful features for those who want to be able to do some classic skate tricks on the board while riding.","breadcrumb":{"@id":"https:\/\/boardlife.se\/shop\/longboard\/deck-only-longboard\/loaded-coyote\/#breadcrumb"},"inLanguage":"en-US","potentialAction":[{"@type":"ReadAction","target":["https:\/\/boardlife.se\/shop\/longboard\/deck-only-longboard\/loaded-coyote\/"]}]},{"@type":"ImageObject","inLanguage":"en-US","@id":"https:\/\/boardlife.se\/shop\/longboard\/deck-only-longboard\/loaded-coyote\/#primaryimage","url":"https:\/\/boardlife.se\/wp-content\/uploads\/2020\/06\/Loaded-boards-coyote-deck.jpg","contentUrl":"https:\/\/boardlife.se\/wp-content\/uploads\/2020\/06\/Loaded-boards-coyote-deck.jpg","width":1000,"height":1000,"caption":"Loaded boards coyote deck"},{"@type":"BreadcrumbList","@id":"https:\/\/boardlife.se\/shop\/longboard\/deck-only-longboard\/loaded-coyote\/#breadcrumb","itemListElement":[{"@type":"ListItem","position":1,"name":"Hem","item":"https:\/\/boardlife.se\/"},{"@type":"ListItem","position":2,"name":"V\u00e4lkommen till skateparadiset","item":"https:\/\/boardlife.se\/shop\/"},{"@type":"ListItem","position":3,"name":"Loaded Coyote"}]},{"@type":"WebSite","@id":"https:\/\/boardlife.se\/#website","url":"https:\/\/boardlife.se\/","name":"Boardlife.se","description":"Lifestyle Provider","publisher":{"@id":"https:\/\/boardlife.se\/#organization"},"potentialAction":[{"@type":"SearchAction","target":{"@type":"EntryPoint","urlTemplate":"https:\/\/boardlife.se\/?s={search_term_string}"},"query-input":{"@type":"PropertyValueSpecification","valueRequired":true,"valueName":"search_term_string"}}],"inLanguage":"en-US"},{"@type":"Organization","@id":"https:\/\/boardlife.se\/#organization","name":"Boardlife","url":"https:\/\/boardlife.se\/","logo":{"@type":"ImageObject","inLanguage":"en-US","@id":"https:\/\/boardlife.se\/#\/schema\/logo\/image\/","url":"https:\/\/boardlife.se\/wp-content\/uploads\/2014\/09\/logo.png","contentUrl":"https:\/\/boardlife.se\/wp-content\/uploads\/2014\/09\/logo.png","width":785,"height":103,"caption":"Boardlife"},"image":{"@id":"https:\/\/boardlife.se\/#\/schema\/logo\/image\/"},"sameAs":["https:\/\/www.facebook.com\/Boardlife.se","http:\/\/instagram.com\/boardlife_official"]}]}},"jetpack_sharing_enabled":true,"_links":{"self":[{"href":"https:\/\/boardlife.se\/en\/wp-json\/wp\/v2\/product\/112469","targetHints":{"allow":["GET"]}}],"collection":[{"href":"https:\/\/boardlife.se\/en\/wp-json\/wp\/v2\/product"}],"about":[{"href":"https:\/\/boardlife.se\/en\/wp-json\/wp\/v2\/types\/product"}],"replies":[{"embeddable":true,"href":"https:\/\/boardlife.se\/en\/wp-json\/wp\/v2\/comments?post=112469"}],"wp:featuredmedia":[{"embeddable":true,"href":"https:\/\/boardlife.se\/en\/wp-json\/wp\/v2\/media\/112470"}],"wp:attachment":[{"href":"https:\/\/boardlife.se\/en\/wp-json\/wp\/v2\/media?parent=112469"}],"wp:term":[{"taxonomy":"product_brand","embeddable":true,"href":"https:\/\/boardlife.se\/en\/wp-json\/wp\/v2\/product_brand?post=112469"},{"taxonomy":"product_cat","embeddable":true,"href":"https:\/\/boardlife.se\/en\/wp-json\/wp\/v2\/product_cat?post=112469"},{"taxonomy":"product_tag","embeddable":true,"href":"https:\/\/boardlife.se\/en\/wp-json\/wp\/v2\/product_tag?post=112469"}],"curies":[{"name":"wp","href":"https:\/\/api.w.org\/{rel}","templated":true}]}}