{"id":112457,"date":"2020-06-17T11:16:17","date_gmt":"2020-06-17T09:16:17","guid":{"rendered":"https:\/\/www.boardlife.se\/?post_type=product&#038;p=112457"},"modified":"2025-10-21T13:17:23","modified_gmt":"2025-10-21T11:17:23","slug":"evolve-gt-gtx-gtr-drive-gear-orange-wheels","status":"publish","type":"product","link":"https:\/\/www.boardlife.se\/en\/shop\/electric-skateboard\/electric-spare-parts\/drive-gears-pulleys\/evolve-gt-gtx-gtr-drive-gear-orange-wheels\/","title":{"rendered":"Evolve GT\/GTX\/GTR Drive Gear Orangatang Wheels (32T)"},"content":{"rendered":"<p>Drive Gear that fits GT\/GTX\/GTR. High quality plastic and quieter than, for example, aluminum.&nbsp;<strong>Only suitable for Orangatang wheels!<\/strong><\/p>\n<p>Sold individually.<\/p>\n<p><strong>Original description:<\/strong><\/p>\n<p>Evolve Drive Gear is made of the special plastic POM, which has been developed especially for driving gears. This high-quality material makes this driving gear much lighter and quite than aluminum gears. In fact, this driving gear is very durable and robust.<\/p>","protected":false},"excerpt":{"rendered":"<p>Nytt drive gear f\u00f6r dig som vill anv\u00e4nda Orangatanghjul p\u00e5 din Evolve. Detta drive gear \u00e4r kompatibelt med Orangatangs hjul med ventilerad k\u00e4rna vilket inneb\u00e4r Kegel och Caguama. Detta drive gear \u00e4r f\u00f6r Evolves GT\/GTX\/GTR.<\/p>\n<p>S\u00e4ljes styckvis<\/p>","protected":false},"featured_media":112458,"comment_status":"open","ping_status":"closed","template":"","meta":[],"product_brand":[],"product_cat":[2267,1947],"product_tag":[],"class_list":{"0":"post-112457","1":"product","2":"type-product","3":"status-publish","4":"has-post-thumbnail","6":"product_cat-drive-gears-pulleys","7":"product_cat-electric-spareparts","8":"pa_manufacturer-evolve","10":"first","11":"instock","12":"taxable","13":"shipping-taxable","14":"purchasable","15":"product-type-simple"},"composite_virtual":false,"composite_layout":"","composite_add_to_cart_form_location":"","composite_editable_in_cart":false,"composite_sold_individually_context":"","composite_shop_price_calc":"","composite_components":[],"composite_scenarios":[],"jetpack_sharing_enabled":true,"_links":{"self":[{"href":"https:\/\/www.boardlife.se\/en\/wp-json\/wp\/v2\/product\/112457","targetHints":{"allow":["GET"]}}],"collection":[{"href":"https:\/\/www.boardlife.se\/en\/wp-json\/wp\/v2\/product"}],"about":[{"href":"https:\/\/www.boardlife.se\/en\/wp-json\/wp\/v2\/types\/product"}],"replies":[{"embeddable":true,"href":"https:\/\/www.boardlife.se\/en\/wp-json\/wp\/v2\/comments?post=112457"}],"wp:featuredmedia":[{"embeddable":true,"href":"https:\/\/www.boardlife.se\/en\/wp-json\/wp\/v2\/media\/112458"}],"wp:attachment":[{"href":"https:\/\/www.boardlife.se\/en\/wp-json\/wp\/v2\/media?parent=112457"}],"wp:term":[{"taxonomy":"product_brand","embeddable":true,"href":"https:\/\/www.boardlife.se\/en\/wp-json\/wp\/v2\/product_brand?post=112457"},{"taxonomy":"product_cat","embeddable":true,"href":"https:\/\/www.boardlife.se\/en\/wp-json\/wp\/v2\/product_cat?post=112457"},{"taxonomy":"product_tag","embeddable":true,"href":"https:\/\/www.boardlife.se\/en\/wp-json\/wp\/v2\/product_tag?post=112457"}],"curies":[{"name":"wp","href":"https:\/\/api.w.org\/{rel}","templated":true}]}}