{"id":108922,"date":"2020-04-11T12:27:10","date_gmt":"2020-04-11T10:27:10","guid":{"rendered":"https:\/\/www.boardlife.se\/?post_type=product&#038;p=108922"},"modified":"2023-04-26T14:31:25","modified_gmt":"2023-04-26T12:31:25","slug":"prism-pizza-boobs-series-mash-copy","status":"publish","type":"product","link":"https:\/\/www.boardlife.se\/en\/shop\/skateboard\/complete-skateboards\/prism-pizza-boobs-series-mash-copy\/","title":{"rendered":"Prism Pizza Boobs Series Skipper"},"content":{"rendered":"<div class=\"woocommerce-product-details__short-description\">\n<p class=\"prod_desc\">A small but action-packed cruiser. Skipper is the agile board for those who want to be able to take your cruiser with you everywhere. Of course you have a little kick if you want to conquer curbs and other obstacles on the road. The board is 7.75\u2033 x 27\u2033 while the wheels are a little bigger. Perfect for the park or street tricks on the road. Clean and graphically clean graphics with a little nice attitude.<\/p>\n<p class=\"prod_comp\">Comes with:<br>\n8.0\u2033 Caliber Standard Blackout Trucks<br>\n60mm 78a Prism black wheels<br>\nBlood Orange Bearings<\/p>\n<p class=\"prod_desc dim\">Artwork by Pizza Boobs<\/p>\n<\/div>","protected":false},"excerpt":{"rendered":"<p>Kaxig hybridskate fr\u00e5n Prism i serien Pizza Boobs d\u00e4r du f\u00e5r en smidig cruiser p\u00e5 7.75&#8243; och en l\u00e4ngd p\u00e5 27&#8243; f\u00f6r dig som vill kunna b\u00e4ra med dig br\u00e4dan enkelt under armen d\u00e5 du inte st\u00e5r p\u00e5 den. Mjuka och sk\u00f6na cruiserhjul p\u00e5 60mm f\u00f6r att du \u00e4nd\u00e5 kan ta dig fram med sk\u00f6n komfort. Utrustad med en kick om du vill kl\u00e4ttra upp f\u00f6r hinder p\u00e5 v\u00e4gen eller v\u00e4nda den sk\u00f6nt i poolen\/rampen.<\/p>","protected":false},"featured_media":108925,"comment_status":"open","ping_status":"closed","template":"","meta":[],"product_brand":[2597],"product_cat":[920,1309],"product_tag":[1650],"class_list":{"0":"post-108922","1":"product","2":"type-product","3":"status-publish","4":"has-post-thumbnail","6":"product_brand-prism-skate-co","7":"product_cat-complete-skateboards","8":"product_cat-cruiser","9":"product_tag-prism","10":"pa_length-27-686cm","11":"pa_manufacturer-prism-skate-co","12":"pa_width-775-197cm","14":"first","15":"instock","16":"taxable","17":"shipping-taxable","18":"purchasable","19":"product-type-simple"},"composite_virtual":false,"composite_layout":"","composite_add_to_cart_form_location":"","composite_editable_in_cart":false,"composite_sold_individually_context":"","composite_shop_price_calc":"","composite_components":[],"composite_scenarios":[],"jetpack_sharing_enabled":true,"_links":{"self":[{"href":"https:\/\/www.boardlife.se\/en\/wp-json\/wp\/v2\/product\/108922","targetHints":{"allow":["GET"]}}],"collection":[{"href":"https:\/\/www.boardlife.se\/en\/wp-json\/wp\/v2\/product"}],"about":[{"href":"https:\/\/www.boardlife.se\/en\/wp-json\/wp\/v2\/types\/product"}],"replies":[{"embeddable":true,"href":"https:\/\/www.boardlife.se\/en\/wp-json\/wp\/v2\/comments?post=108922"}],"wp:featuredmedia":[{"embeddable":true,"href":"https:\/\/www.boardlife.se\/en\/wp-json\/wp\/v2\/media\/108925"}],"wp:attachment":[{"href":"https:\/\/www.boardlife.se\/en\/wp-json\/wp\/v2\/media?parent=108922"}],"wp:term":[{"taxonomy":"product_brand","embeddable":true,"href":"https:\/\/www.boardlife.se\/en\/wp-json\/wp\/v2\/product_brand?post=108922"},{"taxonomy":"product_cat","embeddable":true,"href":"https:\/\/www.boardlife.se\/en\/wp-json\/wp\/v2\/product_cat?post=108922"},{"taxonomy":"product_tag","embeddable":true,"href":"https:\/\/www.boardlife.se\/en\/wp-json\/wp\/v2\/product_tag?post=108922"}],"curies":[{"name":"wp","href":"https:\/\/api.w.org\/{rel}","templated":true}]}}