{"id":108905,"date":"2020-04-11T12:53:35","date_gmt":"2020-04-11T10:53:35","guid":{"rendered":"https:\/\/www.boardlife.se\/?post_type=product&#038;p=108905"},"modified":"2023-09-29T10:51:36","modified_gmt":"2023-09-29T08:51:36","slug":"prism-pizza-boobs-series-mash","status":"publish","type":"product","link":"https:\/\/www.boardlife.se\/en\/shop\/skateboard\/complete-skateboards\/prism-pizza-boobs-series-mash\/","title":{"rendered":"Prism Pizza Boobs Series Mash"},"content":{"rendered":"<div class=\"woocommerce-product-details__short-description\">\n<p class=\"prod_desc\">A small but action-packed hybrid board. The shape is classic skate and you have a nice nose and tail. The board is 8.8\u2033 x 32\u2033 while the wheels are a little bigger. Perfect for the park or street tricks on the road. Clean and graphically clean graphics with a little nice attitude.<\/p>\n<p class=\"prod_comp\">Comes with:<br>\n8.5\u2033 Caliber Standard Blackout Trucks<br>\n60mm 78a Prism black wheels<br>\nBlood Orange Bearings<\/p>\n<p class=\"prod_desc dim\">Artwork by Pizza Boobs<\/p>\n<\/div>","protected":false},"excerpt":{"rendered":"<p>Kaxig hybridskate fr\u00e5n Prism i serien Pizza Boobs d\u00e4r du f\u00e5r en bred och lekfull allroundbr\u00e4da som funkar lika bra till transport som till poolen\/rampen. En bredd p\u00e5 8.8&#8243; och l\u00e4ngd p\u00e5 32&#8243; och i kombination med mjuka hjul f\u00e5r du en sk\u00f6nare f\u00e4rd om du v\u00e4ljer att ha den till transport ocks\u00e5.<\/p>","protected":false},"featured_media":108907,"comment_status":"open","ping_status":"closed","template":"","meta":[],"product_brand":[2597],"product_cat":[920,1309],"product_tag":[1650],"class_list":{"0":"post-108905","1":"product","2":"type-product","3":"status-publish","4":"has-post-thumbnail","6":"product_brand-prism-skate-co","7":"product_cat-complete-skateboards","8":"product_cat-cruiser","9":"product_tag-prism","10":"pa_length-32-813cm","11":"pa_manufacturer-prism-skate-co","12":"pa_width-88-224cm","14":"first","15":"instock","16":"taxable","17":"shipping-taxable","18":"purchasable","19":"product-type-simple"},"composite_virtual":false,"composite_layout":"","composite_add_to_cart_form_location":"","composite_editable_in_cart":false,"composite_sold_individually_context":"","composite_shop_price_calc":"","composite_components":[],"composite_scenarios":[],"jetpack_sharing_enabled":true,"_links":{"self":[{"href":"https:\/\/www.boardlife.se\/en\/wp-json\/wp\/v2\/product\/108905","targetHints":{"allow":["GET"]}}],"collection":[{"href":"https:\/\/www.boardlife.se\/en\/wp-json\/wp\/v2\/product"}],"about":[{"href":"https:\/\/www.boardlife.se\/en\/wp-json\/wp\/v2\/types\/product"}],"replies":[{"embeddable":true,"href":"https:\/\/www.boardlife.se\/en\/wp-json\/wp\/v2\/comments?post=108905"}],"wp:featuredmedia":[{"embeddable":true,"href":"https:\/\/www.boardlife.se\/en\/wp-json\/wp\/v2\/media\/108907"}],"wp:attachment":[{"href":"https:\/\/www.boardlife.se\/en\/wp-json\/wp\/v2\/media?parent=108905"}],"wp:term":[{"taxonomy":"product_brand","embeddable":true,"href":"https:\/\/www.boardlife.se\/en\/wp-json\/wp\/v2\/product_brand?post=108905"},{"taxonomy":"product_cat","embeddable":true,"href":"https:\/\/www.boardlife.se\/en\/wp-json\/wp\/v2\/product_cat?post=108905"},{"taxonomy":"product_tag","embeddable":true,"href":"https:\/\/www.boardlife.se\/en\/wp-json\/wp\/v2\/product_tag?post=108905"}],"curies":[{"name":"wp","href":"https:\/\/api.w.org\/{rel}","templated":true}]}}