{"id":108472,"date":"2020-03-30T13:49:50","date_gmt":"2020-03-30T11:49:50","guid":{"rendered":"https:\/\/www.boardlife.se\/?post_type=product&#038;p=108472"},"modified":"2021-04-06T15:01:36","modified_gmt":"2021-04-06T13:01:36","slug":"heartwood-astro-dogs-8-0-complete","status":"publish","type":"product","link":"https:\/\/www.boardlife.se\/en\/shop\/skateboard\/complete-skateboards\/heartwood-astro-dogs-8-0-complete\/","title":{"rendered":"Heartwood Astro Dogs 8.0\u2033 Complete"},"content":{"rendered":"<p>Astro Dogs fr&aring;n Heartwood &auml;r en sk&ouml;n br&auml;da med deep <a class=\"glossaryLink cmtt_Komponenter\" aria-describedby=\"tt\" data-cmtooltip=\"&lt;div class=glossaryItemTitle&gt;Konkav&lt;\/div&gt;&lt;div class=glossaryItemBody&gt;De flesta br&auml;dor\/deck &auml;r sk&aring;lade i n&aring;gon m&aring;n. Man har med andra ord h&ouml;gre ytterkanter d&aring; man st&auml;ller sig p&aring; br&auml;dan. Detta kallas f&ouml;r concave eller konkav p&aring; svenska. &lt;\/div&gt;&lt;div class=cmtt_synonyms_wrapper&gt;&lt;div class=cmtt_synonyms_title&gt;Synonymer: &lt;\/div&gt;&lt;div class=cmtt_synonyms&gt;concave&lt;\/div&gt;&lt;\/div&gt;&lt;div class=glossaryTooltipMoreLinkWrapper&gt;&lt;a class=glossaryTooltipMoreLink href=https:\/\/www.boardlife.se\/en\/glossary\/concave-2\/ &gt;L&auml;s mer&lt;\/a&gt;&lt;\/div&gt;\" href=\"https:\/\/www.boardlife.se\/en\/glossary\/concave-2\/\" data-mobile-support=\"0\" data-gt-translate-attributes='[{\"attribute\":\"data-cmtooltip\", \"format\":\"html\"}]'>concave<\/a> med SciFi-vibbar rakt igenom. Den djupare konkaven ger dig lite mer m&ouml;jlighet att f&aring; lite mer kraft i flipparna. En ber&auml;ttelse om n&auml;r m&auml;nniskan inte l&auml;ngre var hundens b&auml;sta v&auml;n. Serien levereras i fyra olika storlekar.<\/p>\n<p>Just like before, they have continued with the inventive recipe of 7 layers of Canadian maple with really hard epoxy in between. But unlike the creamy layers in a really good lasagna, Heartwood&#039;s boards are rock hard and that gives you a real pop. Three randomly colored layers make the board a little extra unique when you&#039;ve worn it down a bit. Astro Dogs comes in sizes 7.75, 8.0, 8.25 and 8.5 to suit all types of riders out there. The color of the graphics is unique for each size, however. This one is in the 8.0\u2033 format with a length of 31.6875\u2033 and a <a class=\"glossaryLink cmtt_Komponenter\" aria-describedby=\"tt\" data-cmtooltip=\"&lt;div class=glossaryItemTitle&gt;Wheelbase&lt;\/div&gt;&lt;div class=glossaryItemBody&gt;Detta begrepp handlar om det avst&aring;nd du har mellan dina truckar. Ett l&auml;ngre avst&aring;nd ger mer stabilitet och lite l&aring;ngsammare sv&auml;ngar medan den korta kan bli kvickare.&lt;\/div&gt;&lt;div class=cmtt_synonyms_wrapper&gt;&lt;div class=cmtt_synonyms_title&gt;Synonymer: &lt;\/div&gt;&lt;div class=cmtt_synonyms&gt;hjulbas,  WB&lt;\/div&gt;&lt;\/div&gt;&lt;div class=glossaryTooltipMoreLinkWrapper&gt;&lt;a class=glossaryTooltipMoreLink href=https:\/\/www.boardlife.se\/en\/glossary\/wheelbase\/ &gt;L&auml;s mer&lt;\/a&gt;&lt;\/div&gt;\" href=\"https:\/\/www.boardlife.se\/en\/glossary\/wheelbase\/\" data-mobile-support=\"0\" data-gt-translate-attributes='[{\"attribute\":\"data-cmtooltip\", \"format\":\"html\"}]'>wheelbase<\/a> at 14.25\u2033.<\/p>\n<p>Br&auml;dan kommer i tv&aring; kompletta utf&ouml;randen. Du kan v&auml;lja mellan Bedrocks standardtruckar eller hollowmodell. <a class=\"glossaryLink cmtt_Komponenter\" aria-describedby=\"tt\" data-cmtooltip=\"&lt;div class=glossaryItemTitle&gt;Hollow&lt;\/div&gt;&lt;div class=glossaryItemBody&gt;En hollow truck har oftast en ih&aring;lig kingpinskruv och i vissa fall &auml;ven en ih&aring;lig truckaxel. Detta f&ouml;r att f&aring; ner vikten p&aring; trucken och kunna hj&auml;lpa dig att f&aring; enklare att g&ouml;ra ollies och andra trick som kr&auml;ver att br&auml;dan l&auml;mnar marken. &lt;\/div&gt;&lt;div class=glossaryTooltipMoreLinkWrapper&gt;&lt;a class=glossaryTooltipMoreLink href=https:\/\/www.boardlife.se\/en\/glossary\/hollow\/ &gt;L&auml;s mer&lt;\/a&gt;&lt;\/div&gt;\" href=\"https:\/\/www.boardlife.se\/en\/glossary\/hollow\/\" data-mobile-support=\"0\" data-gt-translate-attributes='[{\"attribute\":\"data-cmtooltip\", \"format\":\"html\"}]'>Hollow<\/a>-versionen &auml;r l&auml;ttare i vikt. Oavsett har b&aring;da alternativen en bra <a class=\"glossaryLink cmtt_Komponenter cmtt_&Aring;kning\" aria-describedby=\"tt\" data-cmtooltip=\"&lt;div class=glossaryItemTitle&gt;Rebound&lt;\/div&gt;&lt;div class=glossaryItemBody&gt;Rebound &auml;r den kraft som n&aring;got ger tillbaka efter att man exempelvis pressat sina bushings, truckar, hjul eller br&auml;da i en viss riktning. En h&ouml;gre rebound betyder en starkare kraft tillbaka till sitt ursprungsl&auml;ge.&lt;\/div&gt;&lt;div class=glossaryTooltipMoreLinkWrapper&gt;&lt;a class=glossaryTooltipMoreLink href=https:\/\/www.boardlife.se\/en\/glossary\/rebound\/ &gt;L&auml;s mer&lt;\/a&gt;&lt;\/div&gt;\" href=\"https:\/\/www.boardlife.se\/en\/glossary\/rebound\/\" data-mobile-support=\"0\" data-gt-translate-attributes='[{\"attribute\":\"data-cmtooltip\", \"format\":\"html\"}]'>rebound<\/a> in the bushing which gives you good control and feel when you are riding.<\/p>\n<p>You get a good setup consisting of the following components:<\/p>\n<p>Trucks: Bedrock Street 5.25\u2033 Standard\/Hollow<br>\nWheels: Royal Rubbers 52mm 99a<br>\nBearings: Heartwood Street Bolts abec-9 <a class=\"glossaryLink\" aria-describedby=\"tt\" data-cmtooltip=\"&lt;div class=glossaryItemTitle&gt;Spacer&lt;\/div&gt;&lt;div class=glossaryItemBody&gt;Spacer &auml;r den distans som ligger mellan dina kullager inne i hjulet. Den fungerar genom att se till att dina kullager inte pressas ihop konstigt om du drar &aring;t din axelmutter. Du kan fortfarande &aring;ka utan den men vill du f&ouml;rs&auml;kra dig om att kullagerbanorna inte blir skeva eller bromsar upp ditt hjul n&auml;r du sv&auml;nger &auml;r det rekommenderat att anv&auml;nda detta. En liten kostnad f&ouml;r att f&ouml;rb&auml;ttra. Vissa kullager har redan detta inbyggt p&aring; sig, denna typ av kullager kallas oftast f&ouml;r built-in.&lt;\/div&gt;&lt;div class=cmtt_synonyms_wrapper&gt;&lt;div class=cmtt_synonyms_title&gt;Synonymer: &lt;\/div&gt;&lt;div class=cmtt_synonyms&gt;Built-in&lt;\/div&gt;&lt;\/div&gt;&lt;div class=glossaryTooltipMoreLinkWrapper&gt;&lt;a class=glossaryTooltipMoreLink href=https:\/\/www.boardlife.se\/en\/glossary\/spacer\/ &gt;L&auml;s mer&lt;\/a&gt;&lt;\/div&gt;\" href=\"https:\/\/www.boardlife.se\/en\/glossary\/spacer\/\" data-mobile-support=\"0\" data-gt-translate-attributes='[{\"attribute\":\"data-cmtooltip\", \"format\":\"html\"}]'>built-in<\/a> spacers<br>\nGriptape: Standard black<\/p>","protected":false},"excerpt":{"rendered":"<p>Astro Dogs fr\u00e5n Heartwood \u00e4r h\u00e4r. Med sk\u00f6na SciFi-vibbar f\u00e5r du en sk\u00f6n look. 7 lager kanadensisk l\u00f6nn varav 3 f\u00e4rgade lager. I kombination med h\u00e5rd epoxy f\u00e5r du en h\u00e5rd planka som ger extra bra pop! Br\u00e4dan \u00e4r 8.0&#8243; bred och med en djup konkav f\u00f6r lite extra kraft i flipparna.<\/p>\n<p>Vi har satt ihop tv\u00e5 riktigt bra f\u00f6rslag med pris. En standard setup och en vassare med Hollow-truckar fr\u00e5n Bedrock om du vill ha \u00e4nnu l\u00e4ttare skateboard.<\/p>","protected":false},"featured_media":108470,"comment_status":"open","ping_status":"closed","template":"","meta":[],"product_brand":[2570],"product_cat":[920],"product_tag":[],"class_list":{"0":"post-108472","1":"product","2":"type-product","3":"status-publish","4":"has-post-thumbnail","6":"product_brand-heartwood","7":"product_cat-complete-skateboards","8":"pa_hjulbas-1425-362cm","9":"pa_length-31-6875-805cm","10":"pa_manufacturer-heartwood","11":"pa_montering-yes-assembly","12":"pa_montering-no-assembly","13":"pa_width-8-0-203-cm","15":"first","16":"instock","17":"sale","18":"taxable","19":"shipping-taxable","20":"purchasable","21":"product-type-variable","22":"has-default-attributes"},"composite_virtual":false,"composite_layout":"","composite_add_to_cart_form_location":"","composite_editable_in_cart":false,"composite_sold_individually_context":"","composite_shop_price_calc":"","composite_components":[],"composite_scenarios":[],"jetpack_sharing_enabled":true,"_links":{"self":[{"href":"https:\/\/www.boardlife.se\/en\/wp-json\/wp\/v2\/product\/108472","targetHints":{"allow":["GET"]}}],"collection":[{"href":"https:\/\/www.boardlife.se\/en\/wp-json\/wp\/v2\/product"}],"about":[{"href":"https:\/\/www.boardlife.se\/en\/wp-json\/wp\/v2\/types\/product"}],"replies":[{"embeddable":true,"href":"https:\/\/www.boardlife.se\/en\/wp-json\/wp\/v2\/comments?post=108472"}],"wp:featuredmedia":[{"embeddable":true,"href":"https:\/\/www.boardlife.se\/en\/wp-json\/wp\/v2\/media\/108470"}],"wp:attachment":[{"href":"https:\/\/www.boardlife.se\/en\/wp-json\/wp\/v2\/media?parent=108472"}],"wp:term":[{"taxonomy":"product_brand","embeddable":true,"href":"https:\/\/www.boardlife.se\/en\/wp-json\/wp\/v2\/product_brand?post=108472"},{"taxonomy":"product_cat","embeddable":true,"href":"https:\/\/www.boardlife.se\/en\/wp-json\/wp\/v2\/product_cat?post=108472"},{"taxonomy":"product_tag","embeddable":true,"href":"https:\/\/www.boardlife.se\/en\/wp-json\/wp\/v2\/product_tag?post=108472"}],"curies":[{"name":"wp","href":"https:\/\/api.w.org\/{rel}","templated":true}]}}