{"id":108393,"date":"2020-03-27T14:41:02","date_gmt":"2020-03-27T13:41:02","guid":{"rendered":"https:\/\/www.boardlife.se\/?post_type=product&#038;p=108393"},"modified":"2026-02-08T08:12:53","modified_gmt":"2026-02-08T07:12:53","slug":"heartwood-astro-dogs-8-25-deck","status":"publish","type":"product","link":"https:\/\/www.boardlife.se\/en\/shop\/skateboard\/deck-only\/heartwood-astro-dogs-8-25-deck\/","title":{"rendered":"Heartwood Astro Dogs 8.25\u2033 Deck"},"content":{"rendered":"<p>Astro Dogs from Heartwood is a nice board with a deep concave with SciFi vibes right through. The deeper concave gives you a little more opportunity to get a little more power in your flips. A story about when man was no longer a dog&#039;s best friend. The series comes in four different sizes.<\/p>\n<p>Just like before, they have continued with the inventive recipe of 7 layers of Canadian maple with really hard epoxy in between. But unlike the creamy layers in a really good lasagna, Heartwood&#039;s boards are rock hard and that gives you a real pop. Three randomly colored layers make the board a little extra unique when you&#039;ve worn it down a bit. Astro Dogs comes in sizes 7.75, 8.0, 8.25 and 8.5 to suit all types of riders out there. The color of the graphics is unique for each size, however. This one is in the 8.25\u2033 format with a length of 32\u2033 and a <a class=\"glossaryLink cmtt_Komponenter\" aria-describedby=\"tt\" data-cmtooltip=\"&lt;div class=glossaryItemTitle&gt;Wheelbase&lt;\/div&gt;&lt;div class=glossaryItemBody&gt;Detta begrepp handlar om det avst&aring;nd du har mellan dina truckar. Ett l&auml;ngre avst&aring;nd ger mer stabilitet och lite l&aring;ngsammare sv&auml;ngar medan den korta kan bli kvickare.&lt;\/div&gt;&lt;div class=cmtt_synonyms_wrapper&gt;&lt;div class=cmtt_synonyms_title&gt;Synonym: &lt;\/div&gt;&lt;div class=cmtt_synonyms&gt;hjulbas,  WB&lt;\/div&gt;&lt;\/div&gt;&lt;div class=glossaryTooltipMoreLinkWrapper&gt;&lt;a class=glossaryTooltipMoreLink href=https:\/\/www.boardlife.se\/glossary\/wheelbase\/ &gt;L&auml;s mer&lt;\/a&gt;&lt;\/div&gt;\" href=\"https:\/\/www.boardlife.se\/en\/glossary\/wheelbase\/?wmc-currency=SEK\" data-mobile-support=\"0\" data-gt-translate-attributes='[{\"attribute\":\"data-cmtooltip\", \"format\":\"html\"}]'>wheelbase<\/a> at 14.25\u2033.<\/p>\n<p>The board also comes in complete options, which you can also find if you are looking for a solution that includes everything and then some.<\/p>","protected":false},"excerpt":{"rendered":"<p>Astro Dogs fr\u00e5n Heartwood \u00e4r h\u00e4r. Med sk\u00f6na SciFi-vibbar f\u00e5r du en sk\u00f6n look. 7 lager kanadensisk l\u00f6nn varav 3 f\u00e4rgade lager. I kombination med h\u00e5rd epoxy f\u00e5r du en h\u00e5rd planka som ger extra bra pop! Br\u00e4dan \u00e4r 8.25&#8243; bred och med en djup konkav f\u00f6r lite extra kraft i flipparna.<\/p>\n<p>&nbsp;<\/p>","protected":false},"featured_media":108390,"comment_status":"open","ping_status":"closed","template":"","meta":[],"product_brand":[2570],"product_cat":[854],"product_tag":[],"class_list":{"0":"post-108393","1":"product","2":"type-product","3":"status-publish","4":"has-post-thumbnail","6":"product_brand-heartwood","7":"product_cat-deck-only","8":"pa_concave-deep","9":"pa_hjulbas-1425-362cm","10":"pa_konstruktion-7-lager-lonn","11":"pa_length-32-813cm","12":"pa_manufacturer-heartwood","13":"pa_width-825-21cm","15":"first","16":"instock","17":"sale","18":"taxable","19":"shipping-taxable","20":"purchasable","21":"product-type-simple"},"composite_virtual":false,"composite_layout":"","composite_add_to_cart_form_location":"","composite_editable_in_cart":false,"composite_sold_individually_context":"","composite_shop_price_calc":"","composite_components":[],"composite_scenarios":[],"jetpack_sharing_enabled":true,"_links":{"self":[{"href":"https:\/\/www.boardlife.se\/en\/wp-json\/wp\/v2\/product\/108393","targetHints":{"allow":["GET"]}}],"collection":[{"href":"https:\/\/www.boardlife.se\/en\/wp-json\/wp\/v2\/product"}],"about":[{"href":"https:\/\/www.boardlife.se\/en\/wp-json\/wp\/v2\/types\/product"}],"replies":[{"embeddable":true,"href":"https:\/\/www.boardlife.se\/en\/wp-json\/wp\/v2\/comments?post=108393"}],"wp:featuredmedia":[{"embeddable":true,"href":"https:\/\/www.boardlife.se\/en\/wp-json\/wp\/v2\/media\/108390"}],"wp:attachment":[{"href":"https:\/\/www.boardlife.se\/en\/wp-json\/wp\/v2\/media?parent=108393"}],"wp:term":[{"taxonomy":"product_brand","embeddable":true,"href":"https:\/\/www.boardlife.se\/en\/wp-json\/wp\/v2\/product_brand?post=108393"},{"taxonomy":"product_cat","embeddable":true,"href":"https:\/\/www.boardlife.se\/en\/wp-json\/wp\/v2\/product_cat?post=108393"},{"taxonomy":"product_tag","embeddable":true,"href":"https:\/\/www.boardlife.se\/en\/wp-json\/wp\/v2\/product_tag?post=108393"}],"curies":[{"name":"wp","href":"https:\/\/api.w.org\/{rel}","templated":true}]}}